{"id":12104,"date":"2015-06-11T12:57:14","date_gmt":"2015-06-11T10:57:14","guid":{"rendered":"https:\/\/www.tecnodiamant.it\/?page_id=12104"},"modified":"2022-05-19T09:07:06","modified_gmt":"2022-05-19T07:07:06","slug":"cookie-politik","status":"publish","type":"page","link":"https:\/\/www.tecnodiamant.it\/de\/cookie-politik\/","title":{"rendered":"Cookie-Richtlinie"},"content":{"rendered":"<h2 style=\"text-align: center;\">COOKIE-RICHTLINIE<br \/>\nERWEITERTE INFORMATIONEN<\/h2>\n<p>Diese Website verwendet Cookies, auch von Drittanbietern, um das Surferlebnis zu verbessern und es den Surfern zu erm\u00f6glichen, unsere Online-Dienste zu nutzen und Werbung gem\u00e4\u00df ihren Pr\u00e4ferenzen anzuzeigen.<\/p>\n<p>Die auf dieser Website verwendeten Cookies fallen in die unten beschriebenen Kategorien. Wenn Sie weiter surfen, stimmen Sie der Verwendung von Cookies zu.<\/p>\n<p>Es ist jederzeit m\u00f6glich, die Cookies im Browser zu deaktivieren; Wir erinnern Sie daran, dass diese Option viele der Navigationsfunktionen der Website einschr\u00e4nken k\u00f6nnte.<\/p>\n<h2>Anweisungen zum Deaktivieren von Cookies von Browsern<\/h2>\n<p><em>Wenn Sie den Internet Explorer verwenden<\/em><br \/>\nKlicken Sie im Internet Explorer auf \u201eExtras\u201c und dann auf \u201eInternetoptionen\u201c. Bewegen Sie auf der Registerkarte Datenschutz den Cursor nach oben, um alle Cookies zu blockieren, oder nach unten, um alle Cookies zuzulassen, und klicken Sie dann auf OK.<\/p>\n<p><em>Wenn Sie den Firefox-Browser verwenden<\/em><br \/>\nGehen Sie zum Men\u00fc \u201eExtras\u201c Ihres Browsers und w\u00e4hlen Sie das Men\u00fc \u201eOptionen\u201c. Klicken Sie auf die Registerkarte \u201eDatenschutz\u201c, deaktivieren Sie das Kontrollk\u00e4stchen \u201eCookies akzeptieren\u201c und klicken Sie auf \u201eOK\u201c.<\/p>\n<p><em>Wenn Sie den Safari-Browser verwenden<\/em><br \/>\nW\u00e4hlen Sie im Abstimmungsbrowser das Men\u00fc \u201eBearbeiten\u201c und dann \u201eEinstellungen\u201c. Klicken Sie auf \u201eDatenschutz\u201c. Stellen Sie die Einstellung \u201eCookies blockieren\u201c immer ein und klicken Sie auf OK.<\/p>\n<p><em>Wenn Sie den Google Chrome-Browser verwenden<\/em><br \/>\nKlicken Sie auf das Chrome-Men\u00fc in der Symbolleiste des Browsers. Einstellungen ausw\u00e4hlen&#8220;. Klicken Sie auf \u201eErweiterte Einstellungen anzeigen\u201c. Klicken Sie im Abschnitt \u201eDatenschutz\u201c auf die Schaltfl\u00e4che \u201eInhaltseinstellungen\u201c. W\u00e4hlen Sie im Abschnitt \u201eCookies\u201c \u201eWebsites nicht erlauben, Daten zu speichern\u201c und aktivieren Sie \u201eCookies und Websitedaten von Drittanbietern blockieren\u201c und klicken Sie dann auf \u201eOK\u201c.<\/p>\n<p>Um analytische Cookies zu deaktivieren und zu verhindern, dass Google Analytics Daten \u00fcber Ihre Navigation sammelt, k\u00f6nnen Sie das Browser-Add-on zur Deaktivierung von Google Analytics herunterladen: <a href=\"https:\/\/tools.google.com\/dlpage\/gaoptout\">tools.google.com\/dlpage\/gaoptout<\/a> .<\/p>\n<p>Wenn Sie einen anderen Browser verwenden, sehen Sie in den Browsereinstellungen nach, wie Sie Cookies verwalten k\u00f6nnen.<\/p>\n<h2>Was sind Kekse<\/h2>\n<p>Cookies sind kleine Textdateien, die innerhalb des Browsers automatisch auf dem PC des Browsers abgelegt werden. Sie enthalten grundlegende Informationen zum Surfen im Internet und werden dank des Browsers jedes Mal erkannt, wenn der Benutzer die Website besucht.<\/p>\n<h2>Cookie-Verwaltung<\/h2>\n<h3>Technische Cookies<\/h3>\n<ul>\n<li>Aktivit\u00e4ten, die f\u00fcr den Betrieb unbedingt erforderlich sind<\/li>\n<\/ul>\n<p>Diese Cookies sind technischer Natur und erm\u00f6glichen das ordnungsgem\u00e4\u00dfe Funktionieren der Website. Sie sorgen beispielsweise daf\u00fcr, dass der Benutzer beim Surfen angemeldet bleibt, und verhindern, dass die Website mehrmals nach der Anmeldung fragt, um auf nachfolgende Seiten zuzugreifen.<\/p>\n<ul>\n<li>Aktivit\u00e4t zum Speichern von Einstellungen<\/li>\n<\/ul>\n<p>Diese Cookies erm\u00f6glichen es Ihnen, sich die vom Benutzer w\u00e4hrend des Surfens ausgew\u00e4hlten Einstellungen zu merken, z. B. erm\u00f6glichen sie Ihnen, die Sprache einzustellen.<\/p>\n<ul>\n<li>Statistische und Publikumsmessungsaktivit\u00e4ten<\/li>\n<\/ul>\n<p>Diese Cookies helfen uns, anhand von Daten, die in anonymer und aggregierter Form gesammelt werden, zu verstehen, wie Benutzer mit unseren Websites interagieren, indem sie uns Informationen \u00fcber die besuchten Bereiche, die auf der Website verbrachte Zeit und etwaige Fehlfunktionen liefern. Dies hilft uns, die Leistung unserer Websites zu verbessern.<\/p>\n<h3>Profiling-Cookies von Drittanbietern<\/h3>\n<p>Wir nutzen verschiedene Anbieter, die wiederum Cookies f\u00fcr das ordnungsgem\u00e4\u00dfe Funktionieren der von ihnen bereitgestellten Dienste installieren k\u00f6nnen. Wenn Sie Informationen \u00fcber diese Drittanbieter-Cookies und deren Deaktivierung w\u00fcnschen, greifen Sie bitte auf die Links in den folgenden Tabellen zu.<br \/>\nDar\u00fcber hinaus ist es durch den Zugriff auf die Seite <a href=\"http:\/\/www.youronlinechoices.com\/it\/le-tue-scelte\">http:\/\/www.youronlinechoices.com\/it\/le-tue-scelte<\/a> m\u00f6glich, sich \u00fcber verhaltensbezogene Werbung zu informieren sowie die aufgef\u00fchrten Unternehmen zu deaktivieren oder zu aktivieren, die mit Website-Managern zusammenarbeiten, um zu sammeln und Nutzen Sie n\u00fctzliche Informationen zum Einsatz von Werbung.<\/p>\n<p><strong>Technische Cookies f\u00fcr das ordnungsgem\u00e4\u00dfe Funktionieren von Diensten Dritter<\/strong><\/p>\n<p>Diese Cookies erm\u00f6glichen es uns, die Leistung der Website zu \u00fcberwachen. Nachfolgend finden Sie eine Auflistung der genutzten Dienste und die Links zu den jeweiligen Datenschutzseiten.<\/p>\n<p>Google Maps &#8211; Virtuelle Tour: Webkomponente &#8211; Unbedingt erforderliches technisches Cookie &#8211; <a href=\"https:\/\/www.google.com\/intl\/it\/policies\/\">Datenschutzrichtlinie<\/a><\/p>\n<p>&nbsp;<\/p>\n<p><strong>Statistik-Cookies und Cookies zur Publikumsmessung von Drittanbietern<\/strong><\/p>\n<p>Diese Cookies (Webdienste von Drittanbietern) liefern anonyme\/aggregierte Informationen dar\u00fcber, wie Besucher auf der Website navigieren. Nachfolgend finden Sie die Links zu den jeweiligen Datenschutzseiten.<\/p>\n<p>Google &#8211; Google Analytics: Statistiksystem &#8211; Analytische Cookies &#8211; <a href=\"https:\/\/support.google.com\/analytics\/answer\/6004245\">Datenschutzrichtlinie<\/a><\/p>\n<p>&nbsp;<\/p>\n<p><strong>Profiling-Cookies f\u00fcr Werbe- und Remarketing-Zwecke<\/strong><\/p>\n<p>Diese Cookies (Werbedienste von Drittanbietern) werden verwendet, um Werbung und personalisierte Inhalte basierend auf dem Browserverlauf auf der Website selbst zu senden. Nachfolgend finden Sie die Links zu den jeweiligen Datenschutzseiten und dem Einwilligungsformular, wo es m\u00f6glich ist, die Verwendung von Profiling-Cookies von Drittanbietern zu deaktivieren.<\/p>\n<p>Diese Website verwendet diese Art von Cookies nicht.<\/p>\n<p>Warnung: Es ist wichtig, sich daran zu erinnern, dass das Deaktivieren von Profiling-Cookies nicht bedeutet, dass Sie beim Surfen auf der Website keine Werbung mehr erhalten, sondern lediglich, dass die Werbung, die Sie sehen, nicht auf der Grundlage Ihrer Interessen ausgew\u00e4hlt wird und daher m\u00f6glicherweise weniger relevant ist.<\/p>\n<p>&nbsp;<\/p>\n<p><strong>Social-Media-Sharing-Cookies<\/strong><\/p>\n<p>Diese Cookies von Drittanbietern werden verwendet, um einige gemeinsame Funktionen der wichtigsten sozialen Medien zu integrieren und sie innerhalb der Website bereitzustellen. Insbesondere erm\u00f6glichen sie die Registrierung und Authentifizierung auf der Website \u00fcber Facebook und Google Connect, das Teilen und Kommentieren von Seiten der Website in sozialen Netzwerken, erm\u00f6glichen die \u201eGef\u00e4llt mir\u201c-Funktionen auf Facebook, Linkedin, Instagram und Twitter.<br \/>\nNachfolgend finden Sie die Links zu den jeweiligen Datenschutzseiten.<\/p>\n<p>Facebook &#8211; Soziale Medien &#8211; <a href=\"https:\/\/www.facebook.com\/about\/privacy\/\">Datenschutzerkl\u00e4rung<\/a><\/p>\n<p>Linkedin \u2013 Soziale Medien \u2013 <a href=\"https:\/\/it.linkedin.com\/legal\/privacy-policy\">Datenschutzrichtlinie<\/a><\/p>\n<p>Instagram &#8211; Soziale Medien &#8211; <a href=\"https:\/\/www.facebook.com\/help\/instagram\/519522125107875\/?maybe_redirect_pol=0\">Datenschutzrichtlinie<\/a><\/p>\n<p>Twitter \u2013 Soziale Medien \u2013 <a href=\"https:\/\/twitter.com\/privacy\">Datenschutzrichtlinie<\/a><\/p>\n<p>&nbsp;<\/p>\n<p>Der Datenverantwortliche ist TECNO DIAMANT DIAMANTI INDUSTRIALI SRL mit Sitz in Via Aldo Moro 37 &#8211; 41043 Formigine (MO).<\/p>\n<p>Sie k\u00f6nnen jederzeit die Rechte gem\u00e4\u00df Art. 7 des Kodex zum Schutz personenbezogener Daten, einschlie\u00dflich des Zugriffs auf Sie betreffende Informationen, und verlangen Sie deren Aktualisierung, Berichtigung und Integration sowie L\u00f6schung, Umwandlung in anonyme Form oder Sperrung, nur wenn diese unter Versto\u00df gegen das Gesetz verarbeitet werden. Sie k\u00f6nnen der Verarbeitung auch ganz oder teilweise widersprechen. Um die oben genannten Rechte auszu\u00fcben, k\u00f6nnen Sie sich an den Datenverantwortlichen wenden, indem Sie sich an die Nummer +39 059 2154420 wenden oder an Tecno Diamant Srl, Via Aldo Moro 37 &#8211; 41043 Formigine (MO) schreiben oder eine E-Mail an <a href=\"info@tecnodiamant.it\">info@tecnodiamant senden .it<\/a> &#8211; <a href=\"marketing@tecnodiamant.it\">marketing@tecnodiamant.t<\/a><\/p>\n","protected":false},"excerpt":{"rendered":"<p>COOKIE-RICHTLINIE ERWEITERTE INFORMATIONEN Diese Website verwendet Cookies, auch von Drittanbietern, um das Surferlebnis zu verbessern und es den Surfern zu erm\u00f6glichen, unsere Online-Dienste zu nutzen und Werbung gem\u00e4\u00df ihren Pr\u00e4ferenzen anzuzeigen. Die auf dieser Website verwendeten Cookies fallen in die unten beschriebenen Kategorien. Wenn Sie weiter surfen, stimmen Sie der Verwendung von Cookies zu. Es [&hellip;]<\/p>\n","protected":false},"author":3,"featured_media":10521,"parent":0,"menu_order":0,"comment_status":"closed","ping_status":"closed","template":"","meta":{"footnotes":""},"class_list":["post-12104","page","type-page","status-publish","has-post-thumbnail","hentry"],"yoast_head":"<!-- This site is optimized with the Yoast SEO Premium plugin v27.3 (Yoast SEO v27.4) - https:\/\/yoast.com\/product\/yoast-seo-premium-wordpress\/ -->\n<title>Cookie-Richtlinie - Tecno Diamant<\/title>\n<meta name=\"robots\" content=\"index, follow, max-snippet:-1, max-image-preview:large, max-video-preview:-1\" \/>\n<link rel=\"canonical\" href=\"https:\/\/www.tecnodiamant.it\/de\/cookie-politik\/\" \/>\n<meta property=\"og:locale\" content=\"de_DE\" \/>\n<meta property=\"og:type\" content=\"article\" \/>\n<meta property=\"og:title\" content=\"Cookie-Richtlinie\" \/>\n<meta property=\"og:description\" content=\"COOKIE-RICHTLINIE ERWEITERTE INFORMATIONEN Diese Website verwendet Cookies, auch von Drittanbietern, um das Surferlebnis zu verbessern und es den Surfern zu erm\u00f6glichen, unsere Online-Dienste zu nutzen und Werbung gem\u00e4\u00df ihren Pr\u00e4ferenzen anzuzeigen. Die auf dieser Website verwendeten Cookies fallen in die unten beschriebenen Kategorien. Wenn Sie weiter surfen, stimmen Sie der Verwendung von Cookies zu. Es [&hellip;]\" \/>\n<meta property=\"og:url\" content=\"https:\/\/www.tecnodiamant.it\/de\/cookie-politik\/\" \/>\n<meta property=\"og:site_name\" content=\"Tecno Diamant\" \/>\n<meta property=\"article:publisher\" content=\"https:\/\/www.facebook.com\/tecnodiamantsrl\" \/>\n<meta property=\"article:modified_time\" content=\"2022-05-19T07:07:06+00:00\" \/>\n<meta property=\"og:image\" content=\"https:\/\/www.tecnodiamant.it\/wp-content\/uploads\/2014\/07\/header-pagine.jpg\" \/>\n\t<meta property=\"og:image:width\" content=\"1904\" \/>\n\t<meta property=\"og:image:height\" content=\"531\" \/>\n\t<meta property=\"og:image:type\" content=\"image\/jpeg\" \/>\n<meta name=\"twitter:card\" content=\"summary_large_image\" \/>\n<script type=\"application\/ld+json\" class=\"yoast-schema-graph\">{\"@context\":\"https:\\\/\\\/schema.org\",\"@graph\":[{\"@type\":\"WebPage\",\"@id\":\"https:\\\/\\\/www.tecnodiamant.it\\\/de\\\/cookie-politik\\\/\",\"url\":\"https:\\\/\\\/www.tecnodiamant.it\\\/de\\\/cookie-politik\\\/\",\"name\":\"Cookie-Richtlinie - Tecno Diamant\",\"isPartOf\":{\"@id\":\"https:\\\/\\\/www.tecnodiamant.it\\\/ru\\\/#website\"},\"primaryImageOfPage\":{\"@id\":\"https:\\\/\\\/www.tecnodiamant.it\\\/de\\\/cookie-politik\\\/#primaryimage\"},\"image\":{\"@id\":\"https:\\\/\\\/www.tecnodiamant.it\\\/de\\\/cookie-politik\\\/#primaryimage\"},\"thumbnailUrl\":\"https:\\\/\\\/www.tecnodiamant.it\\\/wp-content\\\/uploads\\\/2014\\\/07\\\/header-pagine.jpg\",\"datePublished\":\"2015-06-11T10:57:14+00:00\",\"dateModified\":\"2022-05-19T07:07:06+00:00\",\"breadcrumb\":{\"@id\":\"https:\\\/\\\/www.tecnodiamant.it\\\/de\\\/cookie-politik\\\/#breadcrumb\"},\"inLanguage\":\"de\",\"potentialAction\":[{\"@type\":\"ReadAction\",\"target\":[\"https:\\\/\\\/www.tecnodiamant.it\\\/de\\\/cookie-politik\\\/\"]}]},{\"@type\":\"ImageObject\",\"inLanguage\":\"de\",\"@id\":\"https:\\\/\\\/www.tecnodiamant.it\\\/de\\\/cookie-politik\\\/#primaryimage\",\"url\":\"https:\\\/\\\/www.tecnodiamant.it\\\/wp-content\\\/uploads\\\/2014\\\/07\\\/header-pagine.jpg\",\"contentUrl\":\"https:\\\/\\\/www.tecnodiamant.it\\\/wp-content\\\/uploads\\\/2014\\\/07\\\/header-pagine.jpg\",\"width\":1904,\"height\":531},{\"@type\":\"BreadcrumbList\",\"@id\":\"https:\\\/\\\/www.tecnodiamant.it\\\/de\\\/cookie-politik\\\/#breadcrumb\",\"itemListElement\":[{\"@type\":\"ListItem\",\"position\":1,\"name\":\"Home\",\"item\":\"https:\\\/\\\/www.tecnodiamant.it\\\/de\\\/\"},{\"@type\":\"ListItem\",\"position\":2,\"name\":\"Cookie-Richtlinie\"}]},{\"@type\":\"WebSite\",\"@id\":\"https:\\\/\\\/www.tecnodiamant.it\\\/ru\\\/#website\",\"url\":\"https:\\\/\\\/www.tecnodiamant.it\\\/ru\\\/\",\"name\":\"Tecno Diamant\",\"description\":\"Diamanti Industriali\",\"publisher\":{\"@id\":\"https:\\\/\\\/www.tecnodiamant.it\\\/ru\\\/#organization\"},\"potentialAction\":[{\"@type\":\"SearchAction\",\"target\":{\"@type\":\"EntryPoint\",\"urlTemplate\":\"https:\\\/\\\/www.tecnodiamant.it\\\/ru\\\/?s={search_term_string}\"},\"query-input\":{\"@type\":\"PropertyValueSpecification\",\"valueRequired\":true,\"valueName\":\"search_term_string\"}}],\"inLanguage\":\"de\"},{\"@type\":\"Organization\",\"@id\":\"https:\\\/\\\/www.tecnodiamant.it\\\/ru\\\/#organization\",\"name\":\"Tecno Diamant Srl\",\"url\":\"https:\\\/\\\/www.tecnodiamant.it\\\/ru\\\/\",\"logo\":{\"@type\":\"ImageObject\",\"inLanguage\":\"de\",\"@id\":\"https:\\\/\\\/www.tecnodiamant.it\\\/ru\\\/#\\\/schema\\\/logo\\\/image\\\/\",\"url\":\"https:\\\/\\\/www.tecnodiamant.it\\\/wp-content\\\/uploads\\\/2022\\\/01\\\/Senza-titolo-2.jpg\",\"contentUrl\":\"https:\\\/\\\/www.tecnodiamant.it\\\/wp-content\\\/uploads\\\/2022\\\/01\\\/Senza-titolo-2.jpg\",\"width\":1200,\"height\":1200,\"caption\":\"Tecno Diamant Srl\"},\"image\":{\"@id\":\"https:\\\/\\\/www.tecnodiamant.it\\\/ru\\\/#\\\/schema\\\/logo\\\/image\\\/\"},\"sameAs\":[\"https:\\\/\\\/www.facebook.com\\\/tecnodiamantsrl\",\"https:\\\/\\\/www.instagram.com\\\/tecnodiamant\\\/\",\"https:\\\/\\\/www.linkedin.com\\\/company\\\/tecnodiamant\",\"https:\\\/\\\/www.youtube.com\\\/watch?v=h-91_36K27g\"],\"description\":\"Tecno Diamant \u2013 Diamanti Industriali \u00e8 un\u2019azienda leader nella produzione e distribuzione di utensili diamantati per gres porcellanato, monocottura, pietre naturali, marmi e graniti. Nata nel 1995 e con sede a Formigine, \u00e8 stata scelta da prestigiose realt\u00e0 ceramiche come partner nelle operazioni di Taglio, Rettifica, Levigatura, Bisellatura, Squadratura e Lappatura. Siamo specializzati nella produzione e vendita di utensili \u201csu misura\u201d, in grado di anticipare le esigenze di mercato e rispondere esattamente alla richiesta del Cliente, privilegiando l\u2019aspetto legato alla salute e al benessere nel rispetto dell\u2019ambiente e di tutta la societ\u00e0. Crediamo molto nella ricerca, nella tecnologia e nell\u2019innovazione che sono anche le caratteristiche che ci rappresentano.\",\"email\":\"info@tecnodiamant.it\",\"telephone\":\"059 215 4420\",\"legalName\":\"Tecno Diamant Srl\",\"vatID\":\"02301500365\",\"taxID\":\"02301500365\",\"numberOfEmployees\":{\"@type\":\"QuantitativeValue\",\"minValue\":\"51\",\"maxValue\":\"200\"}}]}<\/script>\n<!-- \/ Yoast SEO Premium plugin. -->","yoast_head_json":{"title":"Cookie-Richtlinie - Tecno Diamant","robots":{"index":"index","follow":"follow","max-snippet":"max-snippet:-1","max-image-preview":"max-image-preview:large","max-video-preview":"max-video-preview:-1"},"canonical":"https:\/\/www.tecnodiamant.it\/de\/cookie-politik\/","og_locale":"de_DE","og_type":"article","og_title":"Cookie-Richtlinie","og_description":"COOKIE-RICHTLINIE ERWEITERTE INFORMATIONEN Diese Website verwendet Cookies, auch von Drittanbietern, um das Surferlebnis zu verbessern und es den Surfern zu erm\u00f6glichen, unsere Online-Dienste zu nutzen und Werbung gem\u00e4\u00df ihren Pr\u00e4ferenzen anzuzeigen. Die auf dieser Website verwendeten Cookies fallen in die unten beschriebenen Kategorien. Wenn Sie weiter surfen, stimmen Sie der Verwendung von Cookies zu. Es [&hellip;]","og_url":"https:\/\/www.tecnodiamant.it\/de\/cookie-politik\/","og_site_name":"Tecno Diamant","article_publisher":"https:\/\/www.facebook.com\/tecnodiamantsrl","article_modified_time":"2022-05-19T07:07:06+00:00","og_image":[{"width":1904,"height":531,"url":"https:\/\/www.tecnodiamant.it\/wp-content\/uploads\/2014\/07\/header-pagine.jpg","type":"image\/jpeg"}],"twitter_card":"summary_large_image","schema":{"@context":"https:\/\/schema.org","@graph":[{"@type":"WebPage","@id":"https:\/\/www.tecnodiamant.it\/de\/cookie-politik\/","url":"https:\/\/www.tecnodiamant.it\/de\/cookie-politik\/","name":"Cookie-Richtlinie - Tecno Diamant","isPartOf":{"@id":"https:\/\/www.tecnodiamant.it\/ru\/#website"},"primaryImageOfPage":{"@id":"https:\/\/www.tecnodiamant.it\/de\/cookie-politik\/#primaryimage"},"image":{"@id":"https:\/\/www.tecnodiamant.it\/de\/cookie-politik\/#primaryimage"},"thumbnailUrl":"https:\/\/www.tecnodiamant.it\/wp-content\/uploads\/2014\/07\/header-pagine.jpg","datePublished":"2015-06-11T10:57:14+00:00","dateModified":"2022-05-19T07:07:06+00:00","breadcrumb":{"@id":"https:\/\/www.tecnodiamant.it\/de\/cookie-politik\/#breadcrumb"},"inLanguage":"de","potentialAction":[{"@type":"ReadAction","target":["https:\/\/www.tecnodiamant.it\/de\/cookie-politik\/"]}]},{"@type":"ImageObject","inLanguage":"de","@id":"https:\/\/www.tecnodiamant.it\/de\/cookie-politik\/#primaryimage","url":"https:\/\/www.tecnodiamant.it\/wp-content\/uploads\/2014\/07\/header-pagine.jpg","contentUrl":"https:\/\/www.tecnodiamant.it\/wp-content\/uploads\/2014\/07\/header-pagine.jpg","width":1904,"height":531},{"@type":"BreadcrumbList","@id":"https:\/\/www.tecnodiamant.it\/de\/cookie-politik\/#breadcrumb","itemListElement":[{"@type":"ListItem","position":1,"name":"Home","item":"https:\/\/www.tecnodiamant.it\/de\/"},{"@type":"ListItem","position":2,"name":"Cookie-Richtlinie"}]},{"@type":"WebSite","@id":"https:\/\/www.tecnodiamant.it\/ru\/#website","url":"https:\/\/www.tecnodiamant.it\/ru\/","name":"Tecno Diamant","description":"Diamanti Industriali","publisher":{"@id":"https:\/\/www.tecnodiamant.it\/ru\/#organization"},"potentialAction":[{"@type":"SearchAction","target":{"@type":"EntryPoint","urlTemplate":"https:\/\/www.tecnodiamant.it\/ru\/?s={search_term_string}"},"query-input":{"@type":"PropertyValueSpecification","valueRequired":true,"valueName":"search_term_string"}}],"inLanguage":"de"},{"@type":"Organization","@id":"https:\/\/www.tecnodiamant.it\/ru\/#organization","name":"Tecno Diamant Srl","url":"https:\/\/www.tecnodiamant.it\/ru\/","logo":{"@type":"ImageObject","inLanguage":"de","@id":"https:\/\/www.tecnodiamant.it\/ru\/#\/schema\/logo\/image\/","url":"https:\/\/www.tecnodiamant.it\/wp-content\/uploads\/2022\/01\/Senza-titolo-2.jpg","contentUrl":"https:\/\/www.tecnodiamant.it\/wp-content\/uploads\/2022\/01\/Senza-titolo-2.jpg","width":1200,"height":1200,"caption":"Tecno Diamant Srl"},"image":{"@id":"https:\/\/www.tecnodiamant.it\/ru\/#\/schema\/logo\/image\/"},"sameAs":["https:\/\/www.facebook.com\/tecnodiamantsrl","https:\/\/www.instagram.com\/tecnodiamant\/","https:\/\/www.linkedin.com\/company\/tecnodiamant","https:\/\/www.youtube.com\/watch?v=h-91_36K27g"],"description":"Tecno Diamant \u2013 Diamanti Industriali \u00e8 un\u2019azienda leader nella produzione e distribuzione di utensili diamantati per gres porcellanato, monocottura, pietre naturali, marmi e graniti. Nata nel 1995 e con sede a Formigine, \u00e8 stata scelta da prestigiose realt\u00e0 ceramiche come partner nelle operazioni di Taglio, Rettifica, Levigatura, Bisellatura, Squadratura e Lappatura. Siamo specializzati nella produzione e vendita di utensili \u201csu misura\u201d, in grado di anticipare le esigenze di mercato e rispondere esattamente alla richiesta del Cliente, privilegiando l\u2019aspetto legato alla salute e al benessere nel rispetto dell\u2019ambiente e di tutta la societ\u00e0. Crediamo molto nella ricerca, nella tecnologia e nell\u2019innovazione che sono anche le caratteristiche che ci rappresentano.","email":"info@tecnodiamant.it","telephone":"059 215 4420","legalName":"Tecno Diamant Srl","vatID":"02301500365","taxID":"02301500365","numberOfEmployees":{"@type":"QuantitativeValue","minValue":"51","maxValue":"200"}}]}},"_links":{"self":[{"href":"https:\/\/www.tecnodiamant.it\/de\/wp-json\/wp\/v2\/pages\/12104","targetHints":{"allow":["GET"]}}],"collection":[{"href":"https:\/\/www.tecnodiamant.it\/de\/wp-json\/wp\/v2\/pages"}],"about":[{"href":"https:\/\/www.tecnodiamant.it\/de\/wp-json\/wp\/v2\/types\/page"}],"author":[{"embeddable":true,"href":"https:\/\/www.tecnodiamant.it\/de\/wp-json\/wp\/v2\/users\/3"}],"replies":[{"embeddable":true,"href":"https:\/\/www.tecnodiamant.it\/de\/wp-json\/wp\/v2\/comments?post=12104"}],"version-history":[{"count":6,"href":"https:\/\/www.tecnodiamant.it\/de\/wp-json\/wp\/v2\/pages\/12104\/revisions"}],"predecessor-version":[{"id":26849,"href":"https:\/\/www.tecnodiamant.it\/de\/wp-json\/wp\/v2\/pages\/12104\/revisions\/26849"}],"wp:featuredmedia":[{"embeddable":true,"href":"https:\/\/www.tecnodiamant.it\/de\/wp-json\/wp\/v2\/media\/10521"}],"wp:attachment":[{"href":"https:\/\/www.tecnodiamant.it\/de\/wp-json\/wp\/v2\/media?parent=12104"}],"curies":[{"name":"wp","href":"https:\/\/api.w.org\/{rel}","templated":true}]}}