{"id":12109,"date":"2015-06-11T16:47:22","date_gmt":"2015-06-11T14:47:22","guid":{"rendered":"https:\/\/www.tecnodiamant.it\/?page_id=12109"},"modified":"2018-03-27T09:18:58","modified_gmt":"2018-03-27T07:18:58","slug":"datenschutzerklaerung","status":"publish","type":"page","link":"https:\/\/www.tecnodiamant.it\/de\/datenschutzerklaerung\/","title":{"rendered":"DATENSCHUTZERKL\u00c4RUNG"},"content":{"rendered":"<h2 style=\"text-align: center;\">Nach Art. 13 Gesetzesverordnung. 30\/06\/2003 n. 196<br \/>\n(Kodexes Schutz pers\u00f6nlicher Daten)<br \/>\n<strong><br \/>\n<\/strong><\/h2>\n<p>Im Rahmen und mit Wirkung der o.g. Verordnung informiert TECNO DIAMANT s.r.l. die Besucher der Website, dass ihre pers\u00f6nlichen Daten (&#8222;Daten&#8220;) wie folgt behandelt werden:<\/p>\n<p>Die Erhebung und Verarbeitung der Daten durch TECNO DIAMANT s.r.l. erfolgt zum Zwecke von:<\/p>\n<ul>\n<li>Marketing und Werbung;<\/li>\n<li>Senden von Material und \/ oder Werbematerial auch per E-Mail;<\/li>\n<li>Online-Navigation, Tracking und Marketing f\u00fcr statistische Analysen;<\/li>\n<li>Bewertung der Kundenzufriedenheit;<\/li>\n<li>Sonstige<\/li>\n<\/ul>\n<p>Die Datenverarbeitung efolgt sowohl mit automatisierten und nicht-automatisierten Schutzsystemen, um die Vertraulichkeit sicherzustellen.<\/p>\n<p>Die Daten werden durch Mitarbeiter der TECNO DIAMANT s.r.l. oder von beauftragten Fachleuten und Unternehmen f\u00fcr die Durchf\u00fchrung der betreffenden Waren oder Dienstleistungen von TECNO DIAMANT s.r.l. anvertraut.<br \/>\nDie Bereitstellung der Daten ist freiwillig: die m\u00f6gliche Ablehnung macht es aber unm\u00f6glich, seitens TECNO DIAMANT s.r.l., Ihre Dienste und Lieferungen anzubieten.<br \/>\nDie durch\u00a0TECNO DIAMANT s.r.l. gesammelten Angaben zur Person werden den zust\u00e4ndigen \u00f6ffentlichen Stellen nur f\u00fcr den alleinigen Zweck der Vervollst\u00e4ndigung der Steuer- und Finanzverpflichtungen im Bezug der Unternehmensaktivit\u00e4t mitgeteilt.<\/p>\n<p>Im Rahmen und mit Wirkung nach Artikel 7 und 8 der Gesetzesverordnung N. 196\/03, sind Sie berechtigt, alle zur Verf\u00fcgung gestellten Rechte dieser Regelung auszu\u00fcben, beziehungsweise:<\/p>\n<ul>\n<li>Informationen \u00fcber die Sie betreffenden Daten zu erhalten;<\/li>\n<li>die L\u00f6schung und die Blockierung bzw. die Aktualisierung, Berichtigung oder Integration erzielen;<\/li>\n<li>gegen die Verarbeitung der Daten aus legitimen Gr\u00fcnden widersetzen;<\/li>\n<li>sich gegen die Behandlung f\u00fcr kommerzielle, Werbe- oder Marktforschungszwecke zu widersetzen.<\/li>\n<\/ul>\n<p>Der Inhaber der Daten ist TECNO DIAMANT srl, Ghiarola Via Vecchia, 53\/M &#8211; 41042 Fiorano Modenese &#8211; Italien.<\/p>\n","protected":false},"excerpt":{"rendered":"<p>Nach Art. 13 Gesetzesverordnung. 30\/06\/2003 n. 196 (Kodexes Schutz pers\u00f6nlicher Daten) Im Rahmen und mit Wirkung der o.g. Verordnung informiert TECNO DIAMANT s.r.l. die Besucher der Website, dass ihre pers\u00f6nlichen Daten (&#8222;Daten&#8220;) wie folgt behandelt werden: Die Erhebung und Verarbeitung der Daten durch TECNO DIAMANT s.r.l. erfolgt zum Zwecke von: Marketing und Werbung; Senden von [&hellip;]<\/p>\n","protected":false},"author":3,"featured_media":10521,"parent":0,"menu_order":0,"comment_status":"closed","ping_status":"closed","template":"","meta":{"footnotes":""},"class_list":["post-12109","page","type-page","status-publish","has-post-thumbnail","hentry"],"yoast_head":"<!-- This site is optimized with the Yoast SEO Premium plugin v27.3 (Yoast SEO v27.6) - https:\/\/yoast.com\/product\/yoast-seo-premium-wordpress\/ -->\n<title>DATENSCHUTZERKL\u00c4RUNG - Tecno Diamant<\/title>\n<meta name=\"robots\" content=\"index, follow, max-snippet:-1, max-image-preview:large, max-video-preview:-1\" \/>\n<link rel=\"canonical\" href=\"https:\/\/www.tecnodiamant.it\/de\/datenschutzerklaerung\/\" \/>\n<meta property=\"og:locale\" content=\"de_DE\" \/>\n<meta property=\"og:type\" content=\"article\" \/>\n<meta property=\"og:title\" content=\"DATENSCHUTZERKL\u00c4RUNG\" \/>\n<meta property=\"og:description\" content=\"Nach Art. 13 Gesetzesverordnung. 30\/06\/2003 n. 196 (Kodexes Schutz pers\u00f6nlicher Daten) Im Rahmen und mit Wirkung der o.g. Verordnung informiert TECNO DIAMANT s.r.l. die Besucher der Website, dass ihre pers\u00f6nlichen Daten (&#8222;Daten&#8220;) wie folgt behandelt werden: Die Erhebung und Verarbeitung der Daten durch TECNO DIAMANT s.r.l. erfolgt zum Zwecke von: Marketing und Werbung; Senden von [&hellip;]\" \/>\n<meta property=\"og:url\" content=\"https:\/\/www.tecnodiamant.it\/de\/datenschutzerklaerung\/\" \/>\n<meta property=\"og:site_name\" content=\"Tecno Diamant\" \/>\n<meta property=\"article:publisher\" content=\"https:\/\/www.facebook.com\/tecnodiamantsrl\" \/>\n<meta property=\"article:modified_time\" content=\"2018-03-27T07:18:58+00:00\" \/>\n<meta property=\"og:image\" content=\"https:\/\/www.tecnodiamant.it\/wp-content\/uploads\/2014\/07\/header-pagine.jpg\" \/>\n\t<meta property=\"og:image:width\" content=\"1904\" \/>\n\t<meta property=\"og:image:height\" content=\"531\" \/>\n\t<meta property=\"og:image:type\" content=\"image\/jpeg\" \/>\n<meta name=\"twitter:card\" content=\"summary_large_image\" \/>\n<script type=\"application\/ld+json\" class=\"yoast-schema-graph\">{\"@context\":\"https:\\\/\\\/schema.org\",\"@graph\":[{\"@type\":\"WebPage\",\"@id\":\"https:\\\/\\\/www.tecnodiamant.it\\\/de\\\/datenschutzerklaerung\\\/\",\"url\":\"https:\\\/\\\/www.tecnodiamant.it\\\/de\\\/datenschutzerklaerung\\\/\",\"name\":\"DATENSCHUTZERKL\u00c4RUNG - Tecno Diamant\",\"isPartOf\":{\"@id\":\"https:\\\/\\\/www.tecnodiamant.it\\\/ru\\\/#website\"},\"primaryImageOfPage\":{\"@id\":\"https:\\\/\\\/www.tecnodiamant.it\\\/de\\\/datenschutzerklaerung\\\/#primaryimage\"},\"image\":{\"@id\":\"https:\\\/\\\/www.tecnodiamant.it\\\/de\\\/datenschutzerklaerung\\\/#primaryimage\"},\"thumbnailUrl\":\"https:\\\/\\\/www.tecnodiamant.it\\\/wp-content\\\/uploads\\\/2014\\\/07\\\/header-pagine.jpg\",\"datePublished\":\"2015-06-11T14:47:22+00:00\",\"dateModified\":\"2018-03-27T07:18:58+00:00\",\"breadcrumb\":{\"@id\":\"https:\\\/\\\/www.tecnodiamant.it\\\/de\\\/datenschutzerklaerung\\\/#breadcrumb\"},\"inLanguage\":\"de\",\"potentialAction\":[{\"@type\":\"ReadAction\",\"target\":[\"https:\\\/\\\/www.tecnodiamant.it\\\/de\\\/datenschutzerklaerung\\\/\"]}]},{\"@type\":\"ImageObject\",\"inLanguage\":\"de\",\"@id\":\"https:\\\/\\\/www.tecnodiamant.it\\\/de\\\/datenschutzerklaerung\\\/#primaryimage\",\"url\":\"https:\\\/\\\/www.tecnodiamant.it\\\/wp-content\\\/uploads\\\/2014\\\/07\\\/header-pagine.jpg\",\"contentUrl\":\"https:\\\/\\\/www.tecnodiamant.it\\\/wp-content\\\/uploads\\\/2014\\\/07\\\/header-pagine.jpg\",\"width\":1904,\"height\":531},{\"@type\":\"BreadcrumbList\",\"@id\":\"https:\\\/\\\/www.tecnodiamant.it\\\/de\\\/datenschutzerklaerung\\\/#breadcrumb\",\"itemListElement\":[{\"@type\":\"ListItem\",\"position\":1,\"name\":\"Home\",\"item\":\"https:\\\/\\\/www.tecnodiamant.it\\\/de\\\/\"},{\"@type\":\"ListItem\",\"position\":2,\"name\":\"DATENSCHUTZERKL\u00c4RUNG\"}]},{\"@type\":\"WebSite\",\"@id\":\"https:\\\/\\\/www.tecnodiamant.it\\\/ru\\\/#website\",\"url\":\"https:\\\/\\\/www.tecnodiamant.it\\\/ru\\\/\",\"name\":\"Tecno Diamant\",\"description\":\"Diamanti Industriali\",\"publisher\":{\"@id\":\"https:\\\/\\\/www.tecnodiamant.it\\\/ru\\\/#organization\"},\"potentialAction\":[{\"@type\":\"SearchAction\",\"target\":{\"@type\":\"EntryPoint\",\"urlTemplate\":\"https:\\\/\\\/www.tecnodiamant.it\\\/ru\\\/?s={search_term_string}\"},\"query-input\":{\"@type\":\"PropertyValueSpecification\",\"valueRequired\":true,\"valueName\":\"search_term_string\"}}],\"inLanguage\":\"de\"},{\"@type\":\"Organization\",\"@id\":\"https:\\\/\\\/www.tecnodiamant.it\\\/ru\\\/#organization\",\"name\":\"Tecno Diamant Srl\",\"url\":\"https:\\\/\\\/www.tecnodiamant.it\\\/ru\\\/\",\"logo\":{\"@type\":\"ImageObject\",\"inLanguage\":\"de\",\"@id\":\"https:\\\/\\\/www.tecnodiamant.it\\\/ru\\\/#\\\/schema\\\/logo\\\/image\\\/\",\"url\":\"https:\\\/\\\/www.tecnodiamant.it\\\/wp-content\\\/uploads\\\/2022\\\/01\\\/Senza-titolo-2.jpg\",\"contentUrl\":\"https:\\\/\\\/www.tecnodiamant.it\\\/wp-content\\\/uploads\\\/2022\\\/01\\\/Senza-titolo-2.jpg\",\"width\":1200,\"height\":1200,\"caption\":\"Tecno Diamant Srl\"},\"image\":{\"@id\":\"https:\\\/\\\/www.tecnodiamant.it\\\/ru\\\/#\\\/schema\\\/logo\\\/image\\\/\"},\"sameAs\":[\"https:\\\/\\\/www.facebook.com\\\/tecnodiamantsrl\",\"https:\\\/\\\/www.instagram.com\\\/tecnodiamant\\\/\",\"https:\\\/\\\/www.linkedin.com\\\/company\\\/tecnodiamant\",\"https:\\\/\\\/www.youtube.com\\\/watch?v=h-91_36K27g\"],\"description\":\"Tecno Diamant \u2013 Diamanti Industriali \u00e8 un\u2019azienda leader nella produzione e distribuzione di utensili diamantati per gres porcellanato, monocottura, pietre naturali, marmi e graniti. Nata nel 1995 e con sede a Formigine, \u00e8 stata scelta da prestigiose realt\u00e0 ceramiche come partner nelle operazioni di Taglio, Rettifica, Levigatura, Bisellatura, Squadratura e Lappatura. Siamo specializzati nella produzione e vendita di utensili \u201csu misura\u201d, in grado di anticipare le esigenze di mercato e rispondere esattamente alla richiesta del Cliente, privilegiando l\u2019aspetto legato alla salute e al benessere nel rispetto dell\u2019ambiente e di tutta la societ\u00e0. Crediamo molto nella ricerca, nella tecnologia e nell\u2019innovazione che sono anche le caratteristiche che ci rappresentano.\",\"email\":\"info@tecnodiamant.it\",\"telephone\":\"059 215 4420\",\"legalName\":\"Tecno Diamant Srl\",\"vatID\":\"02301500365\",\"taxID\":\"02301500365\",\"numberOfEmployees\":{\"@type\":\"QuantitativeValue\",\"minValue\":\"51\",\"maxValue\":\"200\"}}]}<\/script>\n<!-- \/ Yoast SEO Premium plugin. -->","yoast_head_json":{"title":"DATENSCHUTZERKL\u00c4RUNG - Tecno Diamant","robots":{"index":"index","follow":"follow","max-snippet":"max-snippet:-1","max-image-preview":"max-image-preview:large","max-video-preview":"max-video-preview:-1"},"canonical":"https:\/\/www.tecnodiamant.it\/de\/datenschutzerklaerung\/","og_locale":"de_DE","og_type":"article","og_title":"DATENSCHUTZERKL\u00c4RUNG","og_description":"Nach Art. 13 Gesetzesverordnung. 30\/06\/2003 n. 196 (Kodexes Schutz pers\u00f6nlicher Daten) Im Rahmen und mit Wirkung der o.g. Verordnung informiert TECNO DIAMANT s.r.l. die Besucher der Website, dass ihre pers\u00f6nlichen Daten (&#8222;Daten&#8220;) wie folgt behandelt werden: Die Erhebung und Verarbeitung der Daten durch TECNO DIAMANT s.r.l. erfolgt zum Zwecke von: Marketing und Werbung; Senden von [&hellip;]","og_url":"https:\/\/www.tecnodiamant.it\/de\/datenschutzerklaerung\/","og_site_name":"Tecno Diamant","article_publisher":"https:\/\/www.facebook.com\/tecnodiamantsrl","article_modified_time":"2018-03-27T07:18:58+00:00","og_image":[{"width":1904,"height":531,"url":"https:\/\/www.tecnodiamant.it\/wp-content\/uploads\/2014\/07\/header-pagine.jpg","type":"image\/jpeg"}],"twitter_card":"summary_large_image","schema":{"@context":"https:\/\/schema.org","@graph":[{"@type":"WebPage","@id":"https:\/\/www.tecnodiamant.it\/de\/datenschutzerklaerung\/","url":"https:\/\/www.tecnodiamant.it\/de\/datenschutzerklaerung\/","name":"DATENSCHUTZERKL\u00c4RUNG - Tecno Diamant","isPartOf":{"@id":"https:\/\/www.tecnodiamant.it\/ru\/#website"},"primaryImageOfPage":{"@id":"https:\/\/www.tecnodiamant.it\/de\/datenschutzerklaerung\/#primaryimage"},"image":{"@id":"https:\/\/www.tecnodiamant.it\/de\/datenschutzerklaerung\/#primaryimage"},"thumbnailUrl":"https:\/\/www.tecnodiamant.it\/wp-content\/uploads\/2014\/07\/header-pagine.jpg","datePublished":"2015-06-11T14:47:22+00:00","dateModified":"2018-03-27T07:18:58+00:00","breadcrumb":{"@id":"https:\/\/www.tecnodiamant.it\/de\/datenschutzerklaerung\/#breadcrumb"},"inLanguage":"de","potentialAction":[{"@type":"ReadAction","target":["https:\/\/www.tecnodiamant.it\/de\/datenschutzerklaerung\/"]}]},{"@type":"ImageObject","inLanguage":"de","@id":"https:\/\/www.tecnodiamant.it\/de\/datenschutzerklaerung\/#primaryimage","url":"https:\/\/www.tecnodiamant.it\/wp-content\/uploads\/2014\/07\/header-pagine.jpg","contentUrl":"https:\/\/www.tecnodiamant.it\/wp-content\/uploads\/2014\/07\/header-pagine.jpg","width":1904,"height":531},{"@type":"BreadcrumbList","@id":"https:\/\/www.tecnodiamant.it\/de\/datenschutzerklaerung\/#breadcrumb","itemListElement":[{"@type":"ListItem","position":1,"name":"Home","item":"https:\/\/www.tecnodiamant.it\/de\/"},{"@type":"ListItem","position":2,"name":"DATENSCHUTZERKL\u00c4RUNG"}]},{"@type":"WebSite","@id":"https:\/\/www.tecnodiamant.it\/ru\/#website","url":"https:\/\/www.tecnodiamant.it\/ru\/","name":"Tecno Diamant","description":"Diamanti Industriali","publisher":{"@id":"https:\/\/www.tecnodiamant.it\/ru\/#organization"},"potentialAction":[{"@type":"SearchAction","target":{"@type":"EntryPoint","urlTemplate":"https:\/\/www.tecnodiamant.it\/ru\/?s={search_term_string}"},"query-input":{"@type":"PropertyValueSpecification","valueRequired":true,"valueName":"search_term_string"}}],"inLanguage":"de"},{"@type":"Organization","@id":"https:\/\/www.tecnodiamant.it\/ru\/#organization","name":"Tecno Diamant Srl","url":"https:\/\/www.tecnodiamant.it\/ru\/","logo":{"@type":"ImageObject","inLanguage":"de","@id":"https:\/\/www.tecnodiamant.it\/ru\/#\/schema\/logo\/image\/","url":"https:\/\/www.tecnodiamant.it\/wp-content\/uploads\/2022\/01\/Senza-titolo-2.jpg","contentUrl":"https:\/\/www.tecnodiamant.it\/wp-content\/uploads\/2022\/01\/Senza-titolo-2.jpg","width":1200,"height":1200,"caption":"Tecno Diamant Srl"},"image":{"@id":"https:\/\/www.tecnodiamant.it\/ru\/#\/schema\/logo\/image\/"},"sameAs":["https:\/\/www.facebook.com\/tecnodiamantsrl","https:\/\/www.instagram.com\/tecnodiamant\/","https:\/\/www.linkedin.com\/company\/tecnodiamant","https:\/\/www.youtube.com\/watch?v=h-91_36K27g"],"description":"Tecno Diamant \u2013 Diamanti Industriali \u00e8 un\u2019azienda leader nella produzione e distribuzione di utensili diamantati per gres porcellanato, monocottura, pietre naturali, marmi e graniti. Nata nel 1995 e con sede a Formigine, \u00e8 stata scelta da prestigiose realt\u00e0 ceramiche come partner nelle operazioni di Taglio, Rettifica, Levigatura, Bisellatura, Squadratura e Lappatura. Siamo specializzati nella produzione e vendita di utensili \u201csu misura\u201d, in grado di anticipare le esigenze di mercato e rispondere esattamente alla richiesta del Cliente, privilegiando l\u2019aspetto legato alla salute e al benessere nel rispetto dell\u2019ambiente e di tutta la societ\u00e0. Crediamo molto nella ricerca, nella tecnologia e nell\u2019innovazione che sono anche le caratteristiche che ci rappresentano.","email":"info@tecnodiamant.it","telephone":"059 215 4420","legalName":"Tecno Diamant Srl","vatID":"02301500365","taxID":"02301500365","numberOfEmployees":{"@type":"QuantitativeValue","minValue":"51","maxValue":"200"}}]}},"_links":{"self":[{"href":"https:\/\/www.tecnodiamant.it\/de\/wp-json\/wp\/v2\/pages\/12109","targetHints":{"allow":["GET"]}}],"collection":[{"href":"https:\/\/www.tecnodiamant.it\/de\/wp-json\/wp\/v2\/pages"}],"about":[{"href":"https:\/\/www.tecnodiamant.it\/de\/wp-json\/wp\/v2\/types\/page"}],"author":[{"embeddable":true,"href":"https:\/\/www.tecnodiamant.it\/de\/wp-json\/wp\/v2\/users\/3"}],"replies":[{"embeddable":true,"href":"https:\/\/www.tecnodiamant.it\/de\/wp-json\/wp\/v2\/comments?post=12109"}],"version-history":[{"count":3,"href":"https:\/\/www.tecnodiamant.it\/de\/wp-json\/wp\/v2\/pages\/12109\/revisions"}],"predecessor-version":[{"id":12112,"href":"https:\/\/www.tecnodiamant.it\/de\/wp-json\/wp\/v2\/pages\/12109\/revisions\/12112"}],"wp:featuredmedia":[{"embeddable":true,"href":"https:\/\/www.tecnodiamant.it\/de\/wp-json\/wp\/v2\/media\/10521"}],"wp:attachment":[{"href":"https:\/\/www.tecnodiamant.it\/de\/wp-json\/wp\/v2\/media?parent=12109"}],"curies":[{"name":"wp","href":"https:\/\/api.w.org\/{rel}","templated":true}]}}