{"id":12162,"date":"2015-06-19T12:01:11","date_gmt":"2015-06-19T10:01:11","guid":{"rendered":"https:\/\/www.tecnodiamant.it\/?page_id=12162"},"modified":"2022-05-19T09:08:42","modified_gmt":"2022-05-19T07:08:42","slug":"cookie-policy","status":"publish","type":"page","link":"https:\/\/www.tecnodiamant.it\/es\/cookie-policy\/","title":{"rendered":"Pol\u00edtica de cookies"},"content":{"rendered":"<h2 style=\"text-align: center;\">POL\u00cdTICA DE COOKIES<br \/>\nINFORMACI\u00d3N AMPLIADA<\/h2>\n<p>Este sitio utiliza cookies, incluso de terceros, para mejorar la experiencia de navegaci\u00f3n y permitir a quienes navegan utilizar nuestros servicios en l\u00ednea y ver publicidad de acuerdo con sus preferencias.<\/p>\n<p>Las cookies utilizadas en este sitio se clasifican en las categor\u00edas que se describen a continuaci\u00f3n. Si contin\u00faa navegando, acepta el uso de cookies.<\/p>\n<p>En cualquier momento es posible deshabilitar las cookies en el navegador; le recordamos que esta opci\u00f3n podr\u00eda limitar muchas de las funciones de navegaci\u00f3n del sitio.<\/p>\n<h2>Instrucciones para deshabilitar las cookies de los navegadores<\/h2>\n<p><em>Si est\u00e1 utilizando Internet Explorer<\/em><br \/>\nEn Internet Explorer, haga clic en \u00abHerramientas\u00bb y luego en \u00abOpciones de Internet\u00bb. En la pesta\u00f1a Privacidad, mueva el cursor hacia arriba para bloquear todas las cookies o hacia abajo para permitir todas las cookies y luego haga clic en Aceptar.<\/p>\n<p><em>Si est\u00e1 utilizando el navegador Firefox<\/em><br \/>\nVaya al men\u00fa \u00abHerramientas\u00bb de su navegador y seleccione el men\u00fa \u00abOpciones\u00bb. Haga clic en la pesta\u00f1a \u00abPrivacidad\u00bb, desmarque la casilla \u00abAceptar cookies\u00bb y haga clic en Aceptar.<\/p>\n<p><em>Si est\u00e1 utilizando el navegador Safari<\/em><br \/>\nEn el Navegador de votaciones, seleccione el men\u00fa \u00abEditar\u00bb y seleccione \u00abPreferencias\u00bb. Haga clic en \u00abPrivacidad\u00bb. Establezca la configuraci\u00f3n \u00abBloquear cookies\u00bb siempre \u00aby haga clic en Aceptar.<\/p>\n<p><em>Si est\u00e1 utilizando el navegador Google Chrome<\/em><br \/>\nHaga clic en el men\u00fa de Chrome en la barra de herramientas del navegador. Seleccione \u00abConfiguraci\u00f3n\u00bb. Haga clic en \u00abMostrar configuraci\u00f3n avanzada\u00bb. En la secci\u00f3n \u00abPrivacidad\u00bb, haga clic en el bot\u00f3n \u00abConfiguraci\u00f3n de contenido\u00bb. En la secci\u00f3n \u00abCookies\u00bb, seleccione \u00abNo permitir que los sitios almacenen datos\u00bb y controle \u00abbloquear cookies y datos de sitios de terceros\u00bb, y luego haga clic en Aceptar.<\/p>\n<p>Para desactivar las cookies anal\u00edticas y evitar que Google Analytics recopile datos sobre su navegaci\u00f3n, puede descargar el complemento del navegador para desactivar Google Analytics: <a href=\"https:\/\/tools.google.com\/dlpage\/gaoptout\">tools.google.com\/dlpage\/gaoptout<\/a> .<\/p>\n<p>Si utiliza cualquier otro navegador, busque c\u00f3mo administrar las cookies en la configuraci\u00f3n del navegador.<\/p>\n<h2>que son las galletas<\/h2>\n<p>Las cookies son peque\u00f1os archivos de texto que se colocan autom\u00e1ticamente en la PC del navegador dentro del navegador. Contienen informaci\u00f3n b\u00e1sica sobre la navegaci\u00f3n en Internet y gracias al navegador son reconocidas cada vez que el usuario visita el sitio.<\/p>\n<h2>Gesti\u00f3n de cookies<\/h2>\n<h3>Cookies t\u00e9cnicas<\/h3>\n<ul>\n<li>Actividades estrictamente necesarias para el funcionamiento<\/li>\n<\/ul>\n<p>Estas cookies son de naturaleza t\u00e9cnica y permiten que el sitio funcione correctamente. Por ejemplo, mantienen al usuario logueado mientras navega, evitando que el sitio solicite iniciar sesi\u00f3n varias veces para acceder a p\u00e1ginas posteriores.<\/p>\n<ul>\n<li>Actividad para guardar preferencias<\/li>\n<\/ul>\n<p>Estas cookies permiten recordar las preferencias seleccionadas por el usuario durante la navegaci\u00f3n, por ejemplo, permiten configurar el idioma.<\/p>\n<ul>\n<li>Actividades estad\u00edsticas y de medici\u00f3n de audiencias<\/li>\n<\/ul>\n<p>Estas cookies nos ayudan a comprender, a trav\u00e9s de los datos recopilados de forma an\u00f3nima y agregada, c\u00f3mo interact\u00faan los usuarios con nuestros sitios web al proporcionarnos informaci\u00f3n relacionada con las secciones visitadas, el tiempo que pasan en el sitio, cualquier mal funcionamiento. Esto nos ayuda a mejorar el rendimiento de nuestros sitios web.<\/p>\n<h3>Cookies de creaci\u00f3n de perfiles de terceros<\/h3>\n<p>Hacemos uso de diversos proveedores que pueden a su vez instalar cookies para el correcto funcionamiento de los servicios que est\u00e1n prestando. Si desea obtener informaci\u00f3n sobre estas cookies de terceros y c\u00f3mo deshabilitarlas, acceda a los enlaces de las tablas a continuaci\u00f3n.<br \/>\nAdem\u00e1s, accediendo a la p\u00e1gina <a href=\"http:\/\/www.youronlinechoices.com\/it\/le-tue-scelte\">http:\/\/www.youronlinechoices.com\/it\/le-tue-scelte<\/a> es posible conocer la publicidad comportamental as\u00ed como desactivar o activar las empresas enumeradas y que trabajan con los administradores del sitio web para recopilar y utilizar informaci\u00f3n \u00fatil para el uso de la publicidad.<\/p>\n<p><strong>Cookies t\u00e9cnicas para el correcto funcionamiento de los servicios de terceros<\/strong><\/p>\n<p>Estas cookies nos permiten controlar el rendimiento del sitio. A continuaci\u00f3n se muestra una lista de los servicios utilizados y los enlaces a las respectivas p\u00e1ginas de pol\u00edtica de privacidad.<\/p>\n<p>Google Maps &#8211; Tour Virtual: componente web &#8211; Cookie t\u00e9cnica estrictamente necesaria &#8211; <a href=\"https:\/\/www.google.com\/intl\/it\/policies\/\">pol\u00edtica de privacidad<\/a><\/p>\n<p>&nbsp;<\/p>\n<p><strong>Cookies estad\u00edsticas y de medici\u00f3n de audiencia de terceros<\/strong><\/p>\n<p>Estas cookies (servicios web de terceros) proporcionan informaci\u00f3n an\u00f3nima\/agregada sobre c\u00f3mo los visitantes navegan por el sitio. A continuaci\u00f3n se encuentran los enlaces a las respectivas p\u00e1ginas de pol\u00edtica de privacidad.<\/p>\n<p>Google &#8211; Google Analytics: sistema de estad\u00edsticas &#8211; Cookies anal\u00edticas &#8211; <a href=\"https:\/\/support.google.com\/analytics\/answer\/6004245\">pol\u00edtica de privacidad<\/a><\/p>\n<p>&nbsp;<\/p>\n<p><strong>Cookies de creaci\u00f3n de perfiles con fines publicitarios y de remarketing<\/strong><\/p>\n<p>Estas cookies (servicios publicitarios de terceros) se utilizan con la finalidad de enviar publicidad y contenidos personalizados en funci\u00f3n del historial de navegaci\u00f3n en el propio sitio. A continuaci\u00f3n se encuentran los enlaces a las respectivas p\u00e1ginas de pol\u00edtica de privacidad y el formulario de consentimiento donde es posible deshabilitar el uso de cookies de perfiles de servicios de terceros.<\/p>\n<p>Este sitio no utiliza este tipo de cookies.<\/p>\n<p>Advertencia: es importante recordar que deshabilitar las cookies de creaci\u00f3n de perfiles no significa que ya no recibir\u00e1 publicidad al navegar por el sitio, sino simplemente que la publicidad que ver\u00e1 no se seleccionar\u00e1 en funci\u00f3n de sus intereses y, por lo tanto, puede ser menos relevante.<\/p>\n<p>&nbsp;<\/p>\n<p><strong>Cookies para compartir en redes sociales<\/strong><\/p>\n<p>Estas cookies de terceros se utilizan para integrar algunas funciones comunes de las principales redes sociales y proporcionarlas dentro del sitio. En particular, permiten registrarse y autenticarse en el sitio a trav\u00e9s de facebook y google connect, compartir y comentar las p\u00e1ginas del sitio en las redes sociales, habilitar las funciones de \u00abme gusta\u00bb en Facebook, Linkedin, Instagram y Twitter.<br \/>\nA continuaci\u00f3n se encuentran los enlaces a las respectivas p\u00e1ginas de pol\u00edtica de privacidad.<\/p>\n<p>Facebook &#8211; redes sociales &#8211; <a href=\"https:\/\/www.facebook.com\/about\/privacy\/\">pol\u00edtica de privacidad<\/a><\/p>\n<p>Linkedin &#8211; redes sociales &#8211; <a href=\"https:\/\/it.linkedin.com\/legal\/privacy-policy\">pol\u00edtica de privacidad<\/a><\/p>\n<p>Instagram &#8211; redes sociales &#8211; <a href=\"https:\/\/www.facebook.com\/help\/instagram\/519522125107875\/?maybe_redirect_pol=0\">pol\u00edtica de privacidad<\/a><\/p>\n<p>Twitter &#8211; redes sociales &#8211; <a href=\"https:\/\/twitter.com\/privacy\">pol\u00edtica de privacidad<\/a><\/p>\n<p>&nbsp;<\/p>\n<p>El controlador de datos es TECNO DIAMANT DIAMANTI INDUSTRIALI SRL con sede en Via Aldo Moro 37 &#8211; 41043 Formigine (MO).<\/p>\n<p>En cualquier momento podr\u00e1 ejercer los derechos a que se refiere el art. 7 del C\u00f3digo con respecto a la protecci\u00f3n de datos personales, incluido el acceso a la informaci\u00f3n que le concierne y solicitar su actualizaci\u00f3n, rectificaci\u00f3n e integraci\u00f3n, as\u00ed como su cancelaci\u00f3n, transformaci\u00f3n en forma an\u00f3nima o bloqueo solo si los mismos se procesan en violaci\u00f3n de la ley. Tambi\u00e9n puede oponerse al procesamiento en su totalidad o en parte. Para ejercer los derechos indicados anteriormente, puede comunicarse con el controlador de datos llamando al n\u00famero +39 059 2154420 o escribiendo a Tecno Diamant Srl, Via Aldo Moro 37 &#8211; 41043 Formigine (MO) o enviando un correo electr\u00f3nico a <a href=\"info@tecnodiamant.it\">info@tecnodiamant .it<\/a> &#8211; <a href=\"marketing@tecnodiamant.it\">marketing@tecnodiamant.t<\/a><\/p>\n","protected":false},"excerpt":{"rendered":"<p>POL\u00cdTICA DE COOKIES INFORMACI\u00d3N AMPLIADA Este sitio utiliza cookies, incluso de terceros, para mejorar la experiencia de navegaci\u00f3n y permitir a quienes navegan utilizar nuestros servicios en l\u00ednea y ver publicidad de acuerdo con sus preferencias. Las cookies utilizadas en este sitio se clasifican en las categor\u00edas que se describen a continuaci\u00f3n. Si contin\u00faa navegando, [&hellip;]<\/p>\n","protected":false},"author":3,"featured_media":10519,"parent":0,"menu_order":0,"comment_status":"closed","ping_status":"closed","template":"","meta":{"footnotes":""},"class_list":["post-12162","page","type-page","status-publish","has-post-thumbnail","hentry"],"yoast_head":"<!-- This site is optimized with the Yoast SEO Premium plugin v27.2 (Yoast SEO v27.3) - https:\/\/yoast.com\/product\/yoast-seo-premium-wordpress\/ -->\n<title>Pol\u00edtica de cookies - Tecno Diamant<\/title>\n<meta name=\"robots\" content=\"index, follow, max-snippet:-1, max-image-preview:large, max-video-preview:-1\" \/>\n<link rel=\"canonical\" href=\"https:\/\/www.tecnodiamant.it\/es\/cookie-policy\/\" \/>\n<meta property=\"og:locale\" content=\"es_ES\" \/>\n<meta property=\"og:type\" content=\"article\" \/>\n<meta property=\"og:title\" content=\"Pol\u00edtica de cookies\" \/>\n<meta property=\"og:description\" content=\"POL\u00cdTICA DE COOKIES INFORMACI\u00d3N AMPLIADA Este sitio utiliza cookies, incluso de terceros, para mejorar la experiencia de navegaci\u00f3n y permitir a quienes navegan utilizar nuestros servicios en l\u00ednea y ver publicidad de acuerdo con sus preferencias. Las cookies utilizadas en este sitio se clasifican en las categor\u00edas que se describen a continuaci\u00f3n. Si contin\u00faa navegando, [&hellip;]\" \/>\n<meta property=\"og:url\" content=\"https:\/\/www.tecnodiamant.it\/es\/cookie-policy\/\" \/>\n<meta property=\"og:site_name\" content=\"Tecno Diamant\" \/>\n<meta property=\"article:publisher\" content=\"https:\/\/www.facebook.com\/tecnodiamantsrl\" \/>\n<meta property=\"article:modified_time\" content=\"2022-05-19T07:08:42+00:00\" \/>\n<meta property=\"og:image\" content=\"https:\/\/www.tecnodiamant.it\/wp-content\/uploads\/2014\/07\/header-pagine.jpg\" \/>\n\t<meta property=\"og:image:width\" content=\"1904\" \/>\n\t<meta property=\"og:image:height\" content=\"531\" \/>\n\t<meta property=\"og:image:type\" content=\"image\/jpeg\" \/>\n<meta name=\"twitter:card\" content=\"summary_large_image\" \/>\n<script type=\"application\/ld+json\" class=\"yoast-schema-graph\">{\"@context\":\"https:\\\/\\\/schema.org\",\"@graph\":[{\"@type\":\"WebPage\",\"@id\":\"https:\\\/\\\/www.tecnodiamant.it\\\/es\\\/cookie-policy\\\/\",\"url\":\"https:\\\/\\\/www.tecnodiamant.it\\\/es\\\/cookie-policy\\\/\",\"name\":\"Pol\u00edtica de cookies - Tecno Diamant\",\"isPartOf\":{\"@id\":\"https:\\\/\\\/www.tecnodiamant.it\\\/ru\\\/#website\"},\"primaryImageOfPage\":{\"@id\":\"https:\\\/\\\/www.tecnodiamant.it\\\/es\\\/cookie-policy\\\/#primaryimage\"},\"image\":{\"@id\":\"https:\\\/\\\/www.tecnodiamant.it\\\/es\\\/cookie-policy\\\/#primaryimage\"},\"thumbnailUrl\":\"https:\\\/\\\/www.tecnodiamant.it\\\/wp-content\\\/uploads\\\/2014\\\/07\\\/header-pagine.jpg\",\"datePublished\":\"2015-06-19T10:01:11+00:00\",\"dateModified\":\"2022-05-19T07:08:42+00:00\",\"breadcrumb\":{\"@id\":\"https:\\\/\\\/www.tecnodiamant.it\\\/es\\\/cookie-policy\\\/#breadcrumb\"},\"inLanguage\":\"es\",\"potentialAction\":[{\"@type\":\"ReadAction\",\"target\":[\"https:\\\/\\\/www.tecnodiamant.it\\\/es\\\/cookie-policy\\\/\"]}]},{\"@type\":\"ImageObject\",\"inLanguage\":\"es\",\"@id\":\"https:\\\/\\\/www.tecnodiamant.it\\\/es\\\/cookie-policy\\\/#primaryimage\",\"url\":\"https:\\\/\\\/www.tecnodiamant.it\\\/wp-content\\\/uploads\\\/2014\\\/07\\\/header-pagine.jpg\",\"contentUrl\":\"https:\\\/\\\/www.tecnodiamant.it\\\/wp-content\\\/uploads\\\/2014\\\/07\\\/header-pagine.jpg\",\"width\":1904,\"height\":531},{\"@type\":\"BreadcrumbList\",\"@id\":\"https:\\\/\\\/www.tecnodiamant.it\\\/es\\\/cookie-policy\\\/#breadcrumb\",\"itemListElement\":[{\"@type\":\"ListItem\",\"position\":1,\"name\":\"Home\",\"item\":\"https:\\\/\\\/www.tecnodiamant.it\\\/es\\\/home-2\\\/\"},{\"@type\":\"ListItem\",\"position\":2,\"name\":\"Pol\u00edtica de cookies\"}]},{\"@type\":\"WebSite\",\"@id\":\"https:\\\/\\\/www.tecnodiamant.it\\\/ru\\\/#website\",\"url\":\"https:\\\/\\\/www.tecnodiamant.it\\\/ru\\\/\",\"name\":\"Tecno Diamant\",\"description\":\"Diamanti Industriali\",\"publisher\":{\"@id\":\"https:\\\/\\\/www.tecnodiamant.it\\\/ru\\\/#organization\"},\"potentialAction\":[{\"@type\":\"SearchAction\",\"target\":{\"@type\":\"EntryPoint\",\"urlTemplate\":\"https:\\\/\\\/www.tecnodiamant.it\\\/ru\\\/?s={search_term_string}\"},\"query-input\":{\"@type\":\"PropertyValueSpecification\",\"valueRequired\":true,\"valueName\":\"search_term_string\"}}],\"inLanguage\":\"es\"},{\"@type\":\"Organization\",\"@id\":\"https:\\\/\\\/www.tecnodiamant.it\\\/ru\\\/#organization\",\"name\":\"Tecno Diamant Srl\",\"url\":\"https:\\\/\\\/www.tecnodiamant.it\\\/ru\\\/\",\"logo\":{\"@type\":\"ImageObject\",\"inLanguage\":\"es\",\"@id\":\"https:\\\/\\\/www.tecnodiamant.it\\\/ru\\\/#\\\/schema\\\/logo\\\/image\\\/\",\"url\":\"https:\\\/\\\/www.tecnodiamant.it\\\/wp-content\\\/uploads\\\/2022\\\/01\\\/Senza-titolo-2.jpg\",\"contentUrl\":\"https:\\\/\\\/www.tecnodiamant.it\\\/wp-content\\\/uploads\\\/2022\\\/01\\\/Senza-titolo-2.jpg\",\"width\":1200,\"height\":1200,\"caption\":\"Tecno Diamant Srl\"},\"image\":{\"@id\":\"https:\\\/\\\/www.tecnodiamant.it\\\/ru\\\/#\\\/schema\\\/logo\\\/image\\\/\"},\"sameAs\":[\"https:\\\/\\\/www.facebook.com\\\/tecnodiamantsrl\",\"https:\\\/\\\/www.instagram.com\\\/tecnodiamant\\\/\",\"https:\\\/\\\/www.linkedin.com\\\/company\\\/tecnodiamant\",\"https:\\\/\\\/www.youtube.com\\\/watch?v=h-91_36K27g\"],\"description\":\"Tecno Diamant \u2013 Diamanti Industriali \u00e8 un\u2019azienda leader nella produzione e distribuzione di utensili diamantati per gres porcellanato, monocottura, pietre naturali, marmi e graniti. Nata nel 1995 e con sede a Formigine, \u00e8 stata scelta da prestigiose realt\u00e0 ceramiche come partner nelle operazioni di Taglio, Rettifica, Levigatura, Bisellatura, Squadratura e Lappatura. Siamo specializzati nella produzione e vendita di utensili \u201csu misura\u201d, in grado di anticipare le esigenze di mercato e rispondere esattamente alla richiesta del Cliente, privilegiando l\u2019aspetto legato alla salute e al benessere nel rispetto dell\u2019ambiente e di tutta la societ\u00e0. Crediamo molto nella ricerca, nella tecnologia e nell\u2019innovazione che sono anche le caratteristiche che ci rappresentano.\",\"email\":\"info@tecnodiamant.it\",\"telephone\":\"059 215 4420\",\"legalName\":\"Tecno Diamant Srl\",\"vatID\":\"02301500365\",\"taxID\":\"02301500365\",\"numberOfEmployees\":{\"@type\":\"QuantitativeValue\",\"minValue\":\"51\",\"maxValue\":\"200\"}}]}<\/script>\n<!-- \/ Yoast SEO Premium plugin. -->","yoast_head_json":{"title":"Pol\u00edtica de cookies - Tecno Diamant","robots":{"index":"index","follow":"follow","max-snippet":"max-snippet:-1","max-image-preview":"max-image-preview:large","max-video-preview":"max-video-preview:-1"},"canonical":"https:\/\/www.tecnodiamant.it\/es\/cookie-policy\/","og_locale":"es_ES","og_type":"article","og_title":"Pol\u00edtica de cookies","og_description":"POL\u00cdTICA DE COOKIES INFORMACI\u00d3N AMPLIADA Este sitio utiliza cookies, incluso de terceros, para mejorar la experiencia de navegaci\u00f3n y permitir a quienes navegan utilizar nuestros servicios en l\u00ednea y ver publicidad de acuerdo con sus preferencias. Las cookies utilizadas en este sitio se clasifican en las categor\u00edas que se describen a continuaci\u00f3n. Si contin\u00faa navegando, [&hellip;]","og_url":"https:\/\/www.tecnodiamant.it\/es\/cookie-policy\/","og_site_name":"Tecno Diamant","article_publisher":"https:\/\/www.facebook.com\/tecnodiamantsrl","article_modified_time":"2022-05-19T07:08:42+00:00","og_image":[{"width":1904,"height":531,"url":"https:\/\/www.tecnodiamant.it\/wp-content\/uploads\/2014\/07\/header-pagine.jpg","type":"image\/jpeg"}],"twitter_card":"summary_large_image","schema":{"@context":"https:\/\/schema.org","@graph":[{"@type":"WebPage","@id":"https:\/\/www.tecnodiamant.it\/es\/cookie-policy\/","url":"https:\/\/www.tecnodiamant.it\/es\/cookie-policy\/","name":"Pol\u00edtica de cookies - Tecno Diamant","isPartOf":{"@id":"https:\/\/www.tecnodiamant.it\/ru\/#website"},"primaryImageOfPage":{"@id":"https:\/\/www.tecnodiamant.it\/es\/cookie-policy\/#primaryimage"},"image":{"@id":"https:\/\/www.tecnodiamant.it\/es\/cookie-policy\/#primaryimage"},"thumbnailUrl":"https:\/\/www.tecnodiamant.it\/wp-content\/uploads\/2014\/07\/header-pagine.jpg","datePublished":"2015-06-19T10:01:11+00:00","dateModified":"2022-05-19T07:08:42+00:00","breadcrumb":{"@id":"https:\/\/www.tecnodiamant.it\/es\/cookie-policy\/#breadcrumb"},"inLanguage":"es","potentialAction":[{"@type":"ReadAction","target":["https:\/\/www.tecnodiamant.it\/es\/cookie-policy\/"]}]},{"@type":"ImageObject","inLanguage":"es","@id":"https:\/\/www.tecnodiamant.it\/es\/cookie-policy\/#primaryimage","url":"https:\/\/www.tecnodiamant.it\/wp-content\/uploads\/2014\/07\/header-pagine.jpg","contentUrl":"https:\/\/www.tecnodiamant.it\/wp-content\/uploads\/2014\/07\/header-pagine.jpg","width":1904,"height":531},{"@type":"BreadcrumbList","@id":"https:\/\/www.tecnodiamant.it\/es\/cookie-policy\/#breadcrumb","itemListElement":[{"@type":"ListItem","position":1,"name":"Home","item":"https:\/\/www.tecnodiamant.it\/es\/home-2\/"},{"@type":"ListItem","position":2,"name":"Pol\u00edtica de cookies"}]},{"@type":"WebSite","@id":"https:\/\/www.tecnodiamant.it\/ru\/#website","url":"https:\/\/www.tecnodiamant.it\/ru\/","name":"Tecno Diamant","description":"Diamanti Industriali","publisher":{"@id":"https:\/\/www.tecnodiamant.it\/ru\/#organization"},"potentialAction":[{"@type":"SearchAction","target":{"@type":"EntryPoint","urlTemplate":"https:\/\/www.tecnodiamant.it\/ru\/?s={search_term_string}"},"query-input":{"@type":"PropertyValueSpecification","valueRequired":true,"valueName":"search_term_string"}}],"inLanguage":"es"},{"@type":"Organization","@id":"https:\/\/www.tecnodiamant.it\/ru\/#organization","name":"Tecno Diamant Srl","url":"https:\/\/www.tecnodiamant.it\/ru\/","logo":{"@type":"ImageObject","inLanguage":"es","@id":"https:\/\/www.tecnodiamant.it\/ru\/#\/schema\/logo\/image\/","url":"https:\/\/www.tecnodiamant.it\/wp-content\/uploads\/2022\/01\/Senza-titolo-2.jpg","contentUrl":"https:\/\/www.tecnodiamant.it\/wp-content\/uploads\/2022\/01\/Senza-titolo-2.jpg","width":1200,"height":1200,"caption":"Tecno Diamant Srl"},"image":{"@id":"https:\/\/www.tecnodiamant.it\/ru\/#\/schema\/logo\/image\/"},"sameAs":["https:\/\/www.facebook.com\/tecnodiamantsrl","https:\/\/www.instagram.com\/tecnodiamant\/","https:\/\/www.linkedin.com\/company\/tecnodiamant","https:\/\/www.youtube.com\/watch?v=h-91_36K27g"],"description":"Tecno Diamant \u2013 Diamanti Industriali \u00e8 un\u2019azienda leader nella produzione e distribuzione di utensili diamantati per gres porcellanato, monocottura, pietre naturali, marmi e graniti. Nata nel 1995 e con sede a Formigine, \u00e8 stata scelta da prestigiose realt\u00e0 ceramiche come partner nelle operazioni di Taglio, Rettifica, Levigatura, Bisellatura, Squadratura e Lappatura. Siamo specializzati nella produzione e vendita di utensili \u201csu misura\u201d, in grado di anticipare le esigenze di mercato e rispondere esattamente alla richiesta del Cliente, privilegiando l\u2019aspetto legato alla salute e al benessere nel rispetto dell\u2019ambiente e di tutta la societ\u00e0. Crediamo molto nella ricerca, nella tecnologia e nell\u2019innovazione che sono anche le caratteristiche che ci rappresentano.","email":"info@tecnodiamant.it","telephone":"059 215 4420","legalName":"Tecno Diamant Srl","vatID":"02301500365","taxID":"02301500365","numberOfEmployees":{"@type":"QuantitativeValue","minValue":"51","maxValue":"200"}}]}},"_links":{"self":[{"href":"https:\/\/www.tecnodiamant.it\/es\/wp-json\/wp\/v2\/pages\/12162","targetHints":{"allow":["GET"]}}],"collection":[{"href":"https:\/\/www.tecnodiamant.it\/es\/wp-json\/wp\/v2\/pages"}],"about":[{"href":"https:\/\/www.tecnodiamant.it\/es\/wp-json\/wp\/v2\/types\/page"}],"author":[{"embeddable":true,"href":"https:\/\/www.tecnodiamant.it\/es\/wp-json\/wp\/v2\/users\/3"}],"replies":[{"embeddable":true,"href":"https:\/\/www.tecnodiamant.it\/es\/wp-json\/wp\/v2\/comments?post=12162"}],"version-history":[{"count":5,"href":"https:\/\/www.tecnodiamant.it\/es\/wp-json\/wp\/v2\/pages\/12162\/revisions"}],"predecessor-version":[{"id":26853,"href":"https:\/\/www.tecnodiamant.it\/es\/wp-json\/wp\/v2\/pages\/12162\/revisions\/26853"}],"wp:featuredmedia":[{"embeddable":true,"href":"https:\/\/www.tecnodiamant.it\/es\/wp-json\/wp\/v2\/media\/10519"}],"wp:attachment":[{"href":"https:\/\/www.tecnodiamant.it\/es\/wp-json\/wp\/v2\/media?parent=12162"}],"curies":[{"name":"wp","href":"https:\/\/api.w.org\/{rel}","templated":true}]}}