{"id":11563,"date":"2014-09-19T11:10:41","date_gmt":"2014-09-19T09:10:41","guid":{"rendered":"https:\/\/www.tecnodiamant.it\/?page_id=11563"},"modified":"2014-09-19T11:10:41","modified_gmt":"2014-09-19T09:10:41","slug":"personel","status":"publish","type":"page","link":"https:\/\/www.tecnodiamant.it\/pl\/personel\/","title":{"rendered":"Personel"},"content":{"rendered":"<h3 style=\"text-align: center;\">POMYS\u0141Y I GWARANCJE <strong>Made in Italy<\/strong><\/h3>\n<p><strong>TECNO DIAMANT,<\/strong> w swojej strukturze liczy dzi\u015b 59 os\u00f3b, zjednoczonych dzi\u0119ki jednakowym idea\u0142om i warto\u015bciom , kt\u00f3re codziennie anga\u017cuj\u0105 si\u0119 w produkcj\u0119 i dystrybucj\u0119 na ca\u0142y \u015bwiat  narz\u0119dzi diamentowych dla sektora ceramicznego i kamieni naturalnych.<\/p>\n<p>Innowacyjno\u015b\u0107, ponad to \u017ce jest cech\u0105 wyr\u00f3\u017cniaj\u0105c\u0105 firmy, jest gwarancj\u0105 , kt\u00f3r\u0105 <strong>TECNO DIAMANT<\/strong> oferuje swoim klientom, reprezentowan\u0105 przez produkty niepowtarzalne w oryginalno\u015bci i efektywno\u015bci, rygorystycznie Made in Italy.<\/p>\n<p>Wewn\u0105trz firmy, dba\u0142o\u015b\u0107 o szczeg\u00f3\u0142y w po\u0142\u0105czeniu z umiej\u0119tno\u015bci\u0105 zrozumienia potrzeb klienta w zorganizowanej strukturze z laboratorium badawczym w ci\u0105g\u0142ej ewolucji, jest w stanie szybko reagowa\u0107 na rozw\u00f3j technologii ceramicznej.<\/p>\n<p>Ekspansja firmy na ca\u0142ym \u015bwiecie, jest wynikiem d\u0142ugiego procesu bada\u0144, projektowania i tworzenia narz\u0119dzi do ci\u0119cia, kraw\u0119dziowania i kalibracji, zaprojektowanych wed\u0142ug konkretnych potrzeb i wymaga\u0144 klienta.<\/p>\n<p>&nbsp;<\/p>\n<h3 style=\"text-align: center;\">ZDROWIE I BEZPIECZE\u0143STWO<\/h3>\n<p>Za ka\u017cdym narz\u0119dziem diamentowym wyprodukowanym przez <strong>TECNO DIAMANT<\/strong> kryj\u0105 si\u0119 lata bada\u0144 i pr\u00f3b przeprowadzanych przez profesionalist\u00f3w,  otoczonych przez najbardziej wymagaj\u0105cych ekspert\u00f3w: Klient\u00f3w.<\/p>\n<p><strong>TECNO DIAMANT<\/strong> tworzy narz\u0119dzia \u201cna miar\u0119\u201d, kt\u00f3re s\u0105 w stanie przewidzie\u0107 wymagania rynku i odpowiedzie\u0107 dok\u0142adnie na wymagania klient\u00f3w, skupiaj\u0105c si\u0119 na aspekcie zwi\u0105zanym ze zdrowiem u\u017cytkownika.<\/p>\n<p>Przede wszystkim, realizuj\u0105c narz\u0119dzia wyciszone, kt\u00f3re znacznie  obni\u017caj\u0105 decybele (dB) generowane podczas ich pracy, co powoduje \u017ce halas jest bardziej zno\u015bny dla u\u017cytkownik\u00f3w; zar\u00f3wno dla tarcz jak i dysk\u00f3w, <strong>TECNO DIAMANT<\/strong> produkuje narz\u0119dzia ekologiczne, kt\u00f3re nie zawieraj\u0105 miedzi, kobaltu i niklu, zmniejszaj\u0105c przy tym znacznie zanieczyszczenie \u015brodowiska.<\/p>\n<p>Ocena ryzyka na stanowisku pracy, zwr\u00f3cenie uwagi na wp\u0142yw ha\u0142asu i inwestowanie w ochron\u0119 zdrowia operator\u00f3w jest codziennym zadaniem maj\u0105cym na celu ochron\u0119 prawdziwych bohater\u00f3w rozwoju firmowego <strong>TECNO DIAMANT<\/strong>: ludzi.<\/p>\n","protected":false},"excerpt":{"rendered":"<p>POMYS\u0141Y I GWARANCJE Made in Italy TECNO DIAMANT, w swojej strukturze liczy dzi\u015b 59 os\u00f3b, zjednoczonych dzi\u0119ki jednakowym idea\u0142om i warto\u015bciom , kt\u00f3re codziennie anga\u017cuj\u0105 si\u0119 w produkcj\u0119 i dystrybucj\u0119 na ca\u0142y \u015bwiat narz\u0119dzi diamentowych dla sektora ceramicznego i kamieni naturalnych. Innowacyjno\u015b\u0107, ponad to \u017ce jest cech\u0105 wyr\u00f3\u017cniaj\u0105c\u0105 firmy, jest gwarancj\u0105 , kt\u00f3r\u0105 TECNO DIAMANT [&hellip;]<\/p>\n","protected":false},"author":3,"featured_media":11271,"parent":0,"menu_order":0,"comment_status":"closed","ping_status":"closed","template":"","meta":{"footnotes":""},"class_list":["post-11563","page","type-page","status-publish","has-post-thumbnail","hentry"],"yoast_head":"<!-- This site is optimized with the Yoast SEO Premium plugin v27.3 (Yoast SEO v27.4) - https:\/\/yoast.com\/product\/yoast-seo-premium-wordpress\/ -->\n<title>Personel - Tecno Diamant<\/title>\n<meta name=\"robots\" content=\"index, follow, max-snippet:-1, max-image-preview:large, max-video-preview:-1\" \/>\n<link rel=\"canonical\" href=\"https:\/\/www.tecnodiamant.it\/pl\/personel\/\" \/>\n<meta property=\"og:locale\" content=\"pl_PL\" \/>\n<meta property=\"og:type\" content=\"article\" \/>\n<meta property=\"og:title\" content=\"Personel\" \/>\n<meta property=\"og:description\" content=\"POMYS\u0141Y I GWARANCJE Made in Italy TECNO DIAMANT, w swojej strukturze liczy dzi\u015b 59 os\u00f3b, zjednoczonych dzi\u0119ki jednakowym idea\u0142om i warto\u015bciom , kt\u00f3re codziennie anga\u017cuj\u0105 si\u0119 w produkcj\u0119 i dystrybucj\u0119 na ca\u0142y \u015bwiat narz\u0119dzi diamentowych dla sektora ceramicznego i kamieni naturalnych. Innowacyjno\u015b\u0107, ponad to \u017ce jest cech\u0105 wyr\u00f3\u017cniaj\u0105c\u0105 firmy, jest gwarancj\u0105 , kt\u00f3r\u0105 TECNO DIAMANT [&hellip;]\" \/>\n<meta property=\"og:url\" content=\"https:\/\/www.tecnodiamant.it\/pl\/personel\/\" \/>\n<meta property=\"og:site_name\" content=\"Tecno Diamant\" \/>\n<meta property=\"article:publisher\" content=\"https:\/\/www.facebook.com\/tecnodiamantsrl\" \/>\n<meta property=\"og:image\" content=\"https:\/\/www.tecnodiamant.it\/wp-content\/uploads\/2014\/07\/td-parallax-2.jpg\" \/>\n\t<meta property=\"og:image:width\" content=\"1920\" \/>\n\t<meta property=\"og:image:height\" content=\"754\" \/>\n\t<meta property=\"og:image:type\" content=\"image\/jpeg\" \/>\n<meta name=\"twitter:card\" content=\"summary_large_image\" \/>\n<script type=\"application\/ld+json\" class=\"yoast-schema-graph\">{\"@context\":\"https:\\\/\\\/schema.org\",\"@graph\":[{\"@type\":\"WebPage\",\"@id\":\"https:\\\/\\\/www.tecnodiamant.it\\\/pl\\\/personel\\\/\",\"url\":\"https:\\\/\\\/www.tecnodiamant.it\\\/pl\\\/personel\\\/\",\"name\":\"Personel - Tecno Diamant\",\"isPartOf\":{\"@id\":\"https:\\\/\\\/www.tecnodiamant.it\\\/ru\\\/#website\"},\"primaryImageOfPage\":{\"@id\":\"https:\\\/\\\/www.tecnodiamant.it\\\/pl\\\/personel\\\/#primaryimage\"},\"image\":{\"@id\":\"https:\\\/\\\/www.tecnodiamant.it\\\/pl\\\/personel\\\/#primaryimage\"},\"thumbnailUrl\":\"https:\\\/\\\/www.tecnodiamant.it\\\/wp-content\\\/uploads\\\/2014\\\/07\\\/td-parallax-2.jpg\",\"datePublished\":\"2014-09-19T09:10:41+00:00\",\"breadcrumb\":{\"@id\":\"https:\\\/\\\/www.tecnodiamant.it\\\/pl\\\/personel\\\/#breadcrumb\"},\"inLanguage\":\"pl-PL\",\"potentialAction\":[{\"@type\":\"ReadAction\",\"target\":[\"https:\\\/\\\/www.tecnodiamant.it\\\/pl\\\/personel\\\/\"]}]},{\"@type\":\"ImageObject\",\"inLanguage\":\"pl-PL\",\"@id\":\"https:\\\/\\\/www.tecnodiamant.it\\\/pl\\\/personel\\\/#primaryimage\",\"url\":\"https:\\\/\\\/www.tecnodiamant.it\\\/wp-content\\\/uploads\\\/2014\\\/07\\\/td-parallax-2.jpg\",\"contentUrl\":\"https:\\\/\\\/www.tecnodiamant.it\\\/wp-content\\\/uploads\\\/2014\\\/07\\\/td-parallax-2.jpg\",\"width\":1920,\"height\":754},{\"@type\":\"BreadcrumbList\",\"@id\":\"https:\\\/\\\/www.tecnodiamant.it\\\/pl\\\/personel\\\/#breadcrumb\",\"itemListElement\":[{\"@type\":\"ListItem\",\"position\":1,\"name\":\"Home\",\"item\":\"https:\\\/\\\/www.tecnodiamant.it\\\/pl\\\/home-2\\\/\"},{\"@type\":\"ListItem\",\"position\":2,\"name\":\"Personel\"}]},{\"@type\":\"WebSite\",\"@id\":\"https:\\\/\\\/www.tecnodiamant.it\\\/ru\\\/#website\",\"url\":\"https:\\\/\\\/www.tecnodiamant.it\\\/ru\\\/\",\"name\":\"Tecno Diamant\",\"description\":\"Diamanti Industriali\",\"publisher\":{\"@id\":\"https:\\\/\\\/www.tecnodiamant.it\\\/ru\\\/#organization\"},\"potentialAction\":[{\"@type\":\"SearchAction\",\"target\":{\"@type\":\"EntryPoint\",\"urlTemplate\":\"https:\\\/\\\/www.tecnodiamant.it\\\/ru\\\/?s={search_term_string}\"},\"query-input\":{\"@type\":\"PropertyValueSpecification\",\"valueRequired\":true,\"valueName\":\"search_term_string\"}}],\"inLanguage\":\"pl-PL\"},{\"@type\":\"Organization\",\"@id\":\"https:\\\/\\\/www.tecnodiamant.it\\\/ru\\\/#organization\",\"name\":\"Tecno Diamant Srl\",\"url\":\"https:\\\/\\\/www.tecnodiamant.it\\\/ru\\\/\",\"logo\":{\"@type\":\"ImageObject\",\"inLanguage\":\"pl-PL\",\"@id\":\"https:\\\/\\\/www.tecnodiamant.it\\\/ru\\\/#\\\/schema\\\/logo\\\/image\\\/\",\"url\":\"https:\\\/\\\/www.tecnodiamant.it\\\/wp-content\\\/uploads\\\/2022\\\/01\\\/Senza-titolo-2.jpg\",\"contentUrl\":\"https:\\\/\\\/www.tecnodiamant.it\\\/wp-content\\\/uploads\\\/2022\\\/01\\\/Senza-titolo-2.jpg\",\"width\":1200,\"height\":1200,\"caption\":\"Tecno Diamant Srl\"},\"image\":{\"@id\":\"https:\\\/\\\/www.tecnodiamant.it\\\/ru\\\/#\\\/schema\\\/logo\\\/image\\\/\"},\"sameAs\":[\"https:\\\/\\\/www.facebook.com\\\/tecnodiamantsrl\",\"https:\\\/\\\/www.instagram.com\\\/tecnodiamant\\\/\",\"https:\\\/\\\/www.linkedin.com\\\/company\\\/tecnodiamant\",\"https:\\\/\\\/www.youtube.com\\\/watch?v=h-91_36K27g\"],\"description\":\"Tecno Diamant \u2013 Diamanti Industriali \u00e8 un\u2019azienda leader nella produzione e distribuzione di utensili diamantati per gres porcellanato, monocottura, pietre naturali, marmi e graniti. Nata nel 1995 e con sede a Formigine, \u00e8 stata scelta da prestigiose realt\u00e0 ceramiche come partner nelle operazioni di Taglio, Rettifica, Levigatura, Bisellatura, Squadratura e Lappatura. Siamo specializzati nella produzione e vendita di utensili \u201csu misura\u201d, in grado di anticipare le esigenze di mercato e rispondere esattamente alla richiesta del Cliente, privilegiando l\u2019aspetto legato alla salute e al benessere nel rispetto dell\u2019ambiente e di tutta la societ\u00e0. Crediamo molto nella ricerca, nella tecnologia e nell\u2019innovazione che sono anche le caratteristiche che ci rappresentano.\",\"email\":\"info@tecnodiamant.it\",\"telephone\":\"059 215 4420\",\"legalName\":\"Tecno Diamant Srl\",\"vatID\":\"02301500365\",\"taxID\":\"02301500365\",\"numberOfEmployees\":{\"@type\":\"QuantitativeValue\",\"minValue\":\"51\",\"maxValue\":\"200\"}}]}<\/script>\n<!-- \/ Yoast SEO Premium plugin. -->","yoast_head_json":{"title":"Personel - Tecno Diamant","robots":{"index":"index","follow":"follow","max-snippet":"max-snippet:-1","max-image-preview":"max-image-preview:large","max-video-preview":"max-video-preview:-1"},"canonical":"https:\/\/www.tecnodiamant.it\/pl\/personel\/","og_locale":"pl_PL","og_type":"article","og_title":"Personel","og_description":"POMYS\u0141Y I GWARANCJE Made in Italy TECNO DIAMANT, w swojej strukturze liczy dzi\u015b 59 os\u00f3b, zjednoczonych dzi\u0119ki jednakowym idea\u0142om i warto\u015bciom , kt\u00f3re codziennie anga\u017cuj\u0105 si\u0119 w produkcj\u0119 i dystrybucj\u0119 na ca\u0142y \u015bwiat narz\u0119dzi diamentowych dla sektora ceramicznego i kamieni naturalnych. Innowacyjno\u015b\u0107, ponad to \u017ce jest cech\u0105 wyr\u00f3\u017cniaj\u0105c\u0105 firmy, jest gwarancj\u0105 , kt\u00f3r\u0105 TECNO DIAMANT [&hellip;]","og_url":"https:\/\/www.tecnodiamant.it\/pl\/personel\/","og_site_name":"Tecno Diamant","article_publisher":"https:\/\/www.facebook.com\/tecnodiamantsrl","og_image":[{"width":1920,"height":754,"url":"https:\/\/www.tecnodiamant.it\/wp-content\/uploads\/2014\/07\/td-parallax-2.jpg","type":"image\/jpeg"}],"twitter_card":"summary_large_image","schema":{"@context":"https:\/\/schema.org","@graph":[{"@type":"WebPage","@id":"https:\/\/www.tecnodiamant.it\/pl\/personel\/","url":"https:\/\/www.tecnodiamant.it\/pl\/personel\/","name":"Personel - Tecno Diamant","isPartOf":{"@id":"https:\/\/www.tecnodiamant.it\/ru\/#website"},"primaryImageOfPage":{"@id":"https:\/\/www.tecnodiamant.it\/pl\/personel\/#primaryimage"},"image":{"@id":"https:\/\/www.tecnodiamant.it\/pl\/personel\/#primaryimage"},"thumbnailUrl":"https:\/\/www.tecnodiamant.it\/wp-content\/uploads\/2014\/07\/td-parallax-2.jpg","datePublished":"2014-09-19T09:10:41+00:00","breadcrumb":{"@id":"https:\/\/www.tecnodiamant.it\/pl\/personel\/#breadcrumb"},"inLanguage":"pl-PL","potentialAction":[{"@type":"ReadAction","target":["https:\/\/www.tecnodiamant.it\/pl\/personel\/"]}]},{"@type":"ImageObject","inLanguage":"pl-PL","@id":"https:\/\/www.tecnodiamant.it\/pl\/personel\/#primaryimage","url":"https:\/\/www.tecnodiamant.it\/wp-content\/uploads\/2014\/07\/td-parallax-2.jpg","contentUrl":"https:\/\/www.tecnodiamant.it\/wp-content\/uploads\/2014\/07\/td-parallax-2.jpg","width":1920,"height":754},{"@type":"BreadcrumbList","@id":"https:\/\/www.tecnodiamant.it\/pl\/personel\/#breadcrumb","itemListElement":[{"@type":"ListItem","position":1,"name":"Home","item":"https:\/\/www.tecnodiamant.it\/pl\/home-2\/"},{"@type":"ListItem","position":2,"name":"Personel"}]},{"@type":"WebSite","@id":"https:\/\/www.tecnodiamant.it\/ru\/#website","url":"https:\/\/www.tecnodiamant.it\/ru\/","name":"Tecno Diamant","description":"Diamanti Industriali","publisher":{"@id":"https:\/\/www.tecnodiamant.it\/ru\/#organization"},"potentialAction":[{"@type":"SearchAction","target":{"@type":"EntryPoint","urlTemplate":"https:\/\/www.tecnodiamant.it\/ru\/?s={search_term_string}"},"query-input":{"@type":"PropertyValueSpecification","valueRequired":true,"valueName":"search_term_string"}}],"inLanguage":"pl-PL"},{"@type":"Organization","@id":"https:\/\/www.tecnodiamant.it\/ru\/#organization","name":"Tecno Diamant Srl","url":"https:\/\/www.tecnodiamant.it\/ru\/","logo":{"@type":"ImageObject","inLanguage":"pl-PL","@id":"https:\/\/www.tecnodiamant.it\/ru\/#\/schema\/logo\/image\/","url":"https:\/\/www.tecnodiamant.it\/wp-content\/uploads\/2022\/01\/Senza-titolo-2.jpg","contentUrl":"https:\/\/www.tecnodiamant.it\/wp-content\/uploads\/2022\/01\/Senza-titolo-2.jpg","width":1200,"height":1200,"caption":"Tecno Diamant Srl"},"image":{"@id":"https:\/\/www.tecnodiamant.it\/ru\/#\/schema\/logo\/image\/"},"sameAs":["https:\/\/www.facebook.com\/tecnodiamantsrl","https:\/\/www.instagram.com\/tecnodiamant\/","https:\/\/www.linkedin.com\/company\/tecnodiamant","https:\/\/www.youtube.com\/watch?v=h-91_36K27g"],"description":"Tecno Diamant \u2013 Diamanti Industriali \u00e8 un\u2019azienda leader nella produzione e distribuzione di utensili diamantati per gres porcellanato, monocottura, pietre naturali, marmi e graniti. Nata nel 1995 e con sede a Formigine, \u00e8 stata scelta da prestigiose realt\u00e0 ceramiche come partner nelle operazioni di Taglio, Rettifica, Levigatura, Bisellatura, Squadratura e Lappatura. Siamo specializzati nella produzione e vendita di utensili \u201csu misura\u201d, in grado di anticipare le esigenze di mercato e rispondere esattamente alla richiesta del Cliente, privilegiando l\u2019aspetto legato alla salute e al benessere nel rispetto dell\u2019ambiente e di tutta la societ\u00e0. Crediamo molto nella ricerca, nella tecnologia e nell\u2019innovazione che sono anche le caratteristiche che ci rappresentano.","email":"info@tecnodiamant.it","telephone":"059 215 4420","legalName":"Tecno Diamant Srl","vatID":"02301500365","taxID":"02301500365","numberOfEmployees":{"@type":"QuantitativeValue","minValue":"51","maxValue":"200"}}]}},"_links":{"self":[{"href":"https:\/\/www.tecnodiamant.it\/pl\/wp-json\/wp\/v2\/pages\/11563","targetHints":{"allow":["GET"]}}],"collection":[{"href":"https:\/\/www.tecnodiamant.it\/pl\/wp-json\/wp\/v2\/pages"}],"about":[{"href":"https:\/\/www.tecnodiamant.it\/pl\/wp-json\/wp\/v2\/types\/page"}],"author":[{"embeddable":true,"href":"https:\/\/www.tecnodiamant.it\/pl\/wp-json\/wp\/v2\/users\/3"}],"replies":[{"embeddable":true,"href":"https:\/\/www.tecnodiamant.it\/pl\/wp-json\/wp\/v2\/comments?post=11563"}],"version-history":[{"count":1,"href":"https:\/\/www.tecnodiamant.it\/pl\/wp-json\/wp\/v2\/pages\/11563\/revisions"}],"predecessor-version":[{"id":11570,"href":"https:\/\/www.tecnodiamant.it\/pl\/wp-json\/wp\/v2\/pages\/11563\/revisions\/11570"}],"wp:featuredmedia":[{"embeddable":true,"href":"https:\/\/www.tecnodiamant.it\/pl\/wp-json\/wp\/v2\/media\/11271"}],"wp:attachment":[{"href":"https:\/\/www.tecnodiamant.it\/pl\/wp-json\/wp\/v2\/media?parent=11563"}],"curies":[{"name":"wp","href":"https:\/\/api.w.org\/{rel}","templated":true}]}}