{"id":12132,"date":"2015-06-11T18:15:08","date_gmt":"2015-06-11T16:15:08","guid":{"rendered":"https:\/\/www.tecnodiamant.it\/?page_id=12132"},"modified":"2018-03-27T09:19:06","modified_gmt":"2018-03-27T07:19:06","slug":"polityka-prywatnosci","status":"publish","type":"page","link":"https:\/\/www.tecnodiamant.it\/pl\/polityka-prywatnosci\/","title":{"rendered":"Polityka Prywatno\u015bci"},"content":{"rendered":"<h2 style=\"text-align: center;\"><strong>POLITYKA PRYWATNO\u015aCI<br \/>\nZgodnie z ex art. 13 D. Lgs. 30\/06\/2003 n. 196<\/strong><br \/>\n<strong>(KODEKS DOTYCZ\u0104CY OCHRONY DANYCH OSOBOWYCH)<\/strong><\/h2>\n<p>Zgodnie z wymogami wy\u017cej wymienionego dekretu legislacyjnego, TECNO DIAMANT s.r.l. informuje odwiedzaj\u0105cych stron\u0119, \u017ce ich dane osobowe (\u2018Dane\u201d) b\u0119d\u0105 przetwa\u017cane nast\u0119puj\u0105co:<\/p>\n<p>Gromadzenie i przetwarzanie danych wykonywane jest przez TECNO DIAMANT s.r.l. w celu:<\/p>\n<ul>\n<li>Marketingu i reklamy;<\/li>\n<li>Wys\u0142ki materia\u0142\u00f3w informacyjnych i\/lub promocyjnych tak\u017ce poprzez adres e-mail;<\/li>\n<li>\u015aledzenie histori nawigacji i jej analiza statystyczna w celach marketingowych;<\/li>\n<li>Okre\u015blenie stopnia zadowolenia;<\/li>\n<li>Inne<\/li>\n<\/ul>\n<p>Przetwarzanie danych b\u0119dzie odbywa\u0142o si\u0119 zar\u00f3wno w spos\u00f3b zautomatyzowany jak i niezautomatyzowany, poprzez systemy ochronne gwarantuj\u0105ce dyskrecj\u0119. Dane mog\u0105 by\u0107 przetwarzane przez pracownik\u00f3w TECNO DIAMANT s.r.l., lub tak\u017ce przez profesjonalist\u00f3w lub firmy zatrudnione i upowa\u017cnione przez TECNO DIAMANT s.r.l. w celu wykonania dodatkowych us\u0142ug, narz\u0119dziowych i\/lub pomocniczych do wykonania dostaw lub \u015bwiadczenia us\u0142ug TECNO DIAMANT s.r.l. Podanie danych jest dobrowolne: ewentualna odmowa ich podania skutkuje niemo\u017cliwo\u015bci\u0105, ze strony TECNO DIAMANT s.r.l., zaoferowania swoich us\u0142ug i dostaw. Dane osobowe zebrane przez TECNO DIAMANT s.r.l. zostan\u0105 przekazane kompetentnym Instytucjom Pa\u0144stwowym tylko w celu mo\u017cliwo\u015bci wywi\u0105zania si\u0119 z obowi\u0105zku podatkowego i fiskalnego dotycz\u0105cych prowadzenia dzia\u0142alno\u015bci gospodarczej. Zgodnie z przepisami i wymogami art. 7 i 8 ustawy D. Lgs. n. 196\/03, Maj\u0105 Pa\u0144stwo prawo do wymagania wszelkich praw przewidzianych w tych przepisach, to znaczy:<\/p>\n<ul>\n<li>uzyska\u0107 informacje o o swoich danych osobowych;<\/li>\n<li>uzyska\u0107 skasowanie lub zablokowanie, lub uaktualnienie,lub popraw\u0119 b\u0142\u0119dnych danych i ich integracj\u0119;<\/li>\n<li>przeciwstawi\u0107 si\u0119 do przetwarzanu danych z uzasadnionych przyczyn;<\/li>\n<li>przeciwstawi\u0107 si\u0119 do przetwarzanu danych w celach handlowych, reklamowych lub w celu analiz rynkowych.<\/li>\n<\/ul>\n<p>Administratorem przetwarzanych danych jest TECNO DIAMANT s.r.l., z siedzib\u0105\u00a0Via Ghiarola Vecchia, 53\/M \u2013\u00a041042 Fiorano Modenese \u2013 Italia.<\/p>\n","protected":false},"excerpt":{"rendered":"<p>POLITYKA PRYWATNO\u015aCI Zgodnie z ex art. 13 D. Lgs. 30\/06\/2003 n. 196 (KODEKS DOTYCZ\u0104CY OCHRONY DANYCH OSOBOWYCH) Zgodnie z wymogami wy\u017cej wymienionego dekretu legislacyjnego, TECNO DIAMANT s.r.l. informuje odwiedzaj\u0105cych stron\u0119, \u017ce ich dane osobowe (\u2018Dane\u201d) b\u0119d\u0105 przetwa\u017cane nast\u0119puj\u0105co: Gromadzenie i przetwarzanie danych wykonywane jest przez TECNO DIAMANT s.r.l. w celu: Marketingu i reklamy; Wys\u0142ki materia\u0142\u00f3w [&hellip;]<\/p>\n","protected":false},"author":3,"featured_media":10523,"parent":0,"menu_order":0,"comment_status":"closed","ping_status":"closed","template":"","meta":{"footnotes":""},"class_list":["post-12132","page","type-page","status-publish","has-post-thumbnail","hentry"],"yoast_head":"<!-- This site is optimized with the Yoast SEO Premium plugin v27.3 (Yoast SEO v27.4) - https:\/\/yoast.com\/product\/yoast-seo-premium-wordpress\/ -->\n<title>Polityka Prywatno\u015bci - Tecno Diamant<\/title>\n<meta name=\"robots\" content=\"index, follow, max-snippet:-1, max-image-preview:large, max-video-preview:-1\" \/>\n<link rel=\"canonical\" href=\"https:\/\/www.tecnodiamant.it\/pl\/polityka-prywatnosci\/\" \/>\n<meta property=\"og:locale\" content=\"pl_PL\" \/>\n<meta property=\"og:type\" content=\"article\" \/>\n<meta property=\"og:title\" content=\"Polityka Prywatno\u015bci\" \/>\n<meta property=\"og:description\" content=\"POLITYKA PRYWATNO\u015aCI Zgodnie z ex art. 13 D. Lgs. 30\/06\/2003 n. 196 (KODEKS DOTYCZ\u0104CY OCHRONY DANYCH OSOBOWYCH) Zgodnie z wymogami wy\u017cej wymienionego dekretu legislacyjnego, TECNO DIAMANT s.r.l. informuje odwiedzaj\u0105cych stron\u0119, \u017ce ich dane osobowe (\u2018Dane\u201d) b\u0119d\u0105 przetwa\u017cane nast\u0119puj\u0105co: Gromadzenie i przetwarzanie danych wykonywane jest przez TECNO DIAMANT s.r.l. w celu: Marketingu i reklamy; Wys\u0142ki materia\u0142\u00f3w [&hellip;]\" \/>\n<meta property=\"og:url\" content=\"https:\/\/www.tecnodiamant.it\/pl\/polityka-prywatnosci\/\" \/>\n<meta property=\"og:site_name\" content=\"Tecno Diamant\" \/>\n<meta property=\"article:publisher\" content=\"https:\/\/www.facebook.com\/tecnodiamantsrl\" \/>\n<meta property=\"article:modified_time\" content=\"2018-03-27T07:19:06+00:00\" \/>\n<meta property=\"og:image\" content=\"https:\/\/www.tecnodiamant.it\/wp-content\/uploads\/2014\/07\/header-pagine.jpg\" \/>\n\t<meta property=\"og:image:width\" content=\"1904\" \/>\n\t<meta property=\"og:image:height\" content=\"531\" \/>\n\t<meta property=\"og:image:type\" content=\"image\/jpeg\" \/>\n<meta name=\"twitter:card\" content=\"summary_large_image\" \/>\n<script type=\"application\/ld+json\" class=\"yoast-schema-graph\">{\"@context\":\"https:\\\/\\\/schema.org\",\"@graph\":[{\"@type\":\"WebPage\",\"@id\":\"https:\\\/\\\/www.tecnodiamant.it\\\/pl\\\/polityka-prywatnosci\\\/\",\"url\":\"https:\\\/\\\/www.tecnodiamant.it\\\/pl\\\/polityka-prywatnosci\\\/\",\"name\":\"Polityka Prywatno\u015bci - Tecno Diamant\",\"isPartOf\":{\"@id\":\"https:\\\/\\\/www.tecnodiamant.it\\\/ru\\\/#website\"},\"primaryImageOfPage\":{\"@id\":\"https:\\\/\\\/www.tecnodiamant.it\\\/pl\\\/polityka-prywatnosci\\\/#primaryimage\"},\"image\":{\"@id\":\"https:\\\/\\\/www.tecnodiamant.it\\\/pl\\\/polityka-prywatnosci\\\/#primaryimage\"},\"thumbnailUrl\":\"https:\\\/\\\/www.tecnodiamant.it\\\/wp-content\\\/uploads\\\/2014\\\/07\\\/header-pagine.jpg\",\"datePublished\":\"2015-06-11T16:15:08+00:00\",\"dateModified\":\"2018-03-27T07:19:06+00:00\",\"breadcrumb\":{\"@id\":\"https:\\\/\\\/www.tecnodiamant.it\\\/pl\\\/polityka-prywatnosci\\\/#breadcrumb\"},\"inLanguage\":\"pl-PL\",\"potentialAction\":[{\"@type\":\"ReadAction\",\"target\":[\"https:\\\/\\\/www.tecnodiamant.it\\\/pl\\\/polityka-prywatnosci\\\/\"]}]},{\"@type\":\"ImageObject\",\"inLanguage\":\"pl-PL\",\"@id\":\"https:\\\/\\\/www.tecnodiamant.it\\\/pl\\\/polityka-prywatnosci\\\/#primaryimage\",\"url\":\"https:\\\/\\\/www.tecnodiamant.it\\\/wp-content\\\/uploads\\\/2014\\\/07\\\/header-pagine.jpg\",\"contentUrl\":\"https:\\\/\\\/www.tecnodiamant.it\\\/wp-content\\\/uploads\\\/2014\\\/07\\\/header-pagine.jpg\",\"width\":1904,\"height\":531},{\"@type\":\"BreadcrumbList\",\"@id\":\"https:\\\/\\\/www.tecnodiamant.it\\\/pl\\\/polityka-prywatnosci\\\/#breadcrumb\",\"itemListElement\":[{\"@type\":\"ListItem\",\"position\":1,\"name\":\"Home\",\"item\":\"https:\\\/\\\/www.tecnodiamant.it\\\/pl\\\/home-2\\\/\"},{\"@type\":\"ListItem\",\"position\":2,\"name\":\"Polityka Prywatno\u015bci\"}]},{\"@type\":\"WebSite\",\"@id\":\"https:\\\/\\\/www.tecnodiamant.it\\\/ru\\\/#website\",\"url\":\"https:\\\/\\\/www.tecnodiamant.it\\\/ru\\\/\",\"name\":\"Tecno Diamant\",\"description\":\"Diamanti Industriali\",\"publisher\":{\"@id\":\"https:\\\/\\\/www.tecnodiamant.it\\\/ru\\\/#organization\"},\"potentialAction\":[{\"@type\":\"SearchAction\",\"target\":{\"@type\":\"EntryPoint\",\"urlTemplate\":\"https:\\\/\\\/www.tecnodiamant.it\\\/ru\\\/?s={search_term_string}\"},\"query-input\":{\"@type\":\"PropertyValueSpecification\",\"valueRequired\":true,\"valueName\":\"search_term_string\"}}],\"inLanguage\":\"pl-PL\"},{\"@type\":\"Organization\",\"@id\":\"https:\\\/\\\/www.tecnodiamant.it\\\/ru\\\/#organization\",\"name\":\"Tecno Diamant Srl\",\"url\":\"https:\\\/\\\/www.tecnodiamant.it\\\/ru\\\/\",\"logo\":{\"@type\":\"ImageObject\",\"inLanguage\":\"pl-PL\",\"@id\":\"https:\\\/\\\/www.tecnodiamant.it\\\/ru\\\/#\\\/schema\\\/logo\\\/image\\\/\",\"url\":\"https:\\\/\\\/www.tecnodiamant.it\\\/wp-content\\\/uploads\\\/2022\\\/01\\\/Senza-titolo-2.jpg\",\"contentUrl\":\"https:\\\/\\\/www.tecnodiamant.it\\\/wp-content\\\/uploads\\\/2022\\\/01\\\/Senza-titolo-2.jpg\",\"width\":1200,\"height\":1200,\"caption\":\"Tecno Diamant Srl\"},\"image\":{\"@id\":\"https:\\\/\\\/www.tecnodiamant.it\\\/ru\\\/#\\\/schema\\\/logo\\\/image\\\/\"},\"sameAs\":[\"https:\\\/\\\/www.facebook.com\\\/tecnodiamantsrl\",\"https:\\\/\\\/www.instagram.com\\\/tecnodiamant\\\/\",\"https:\\\/\\\/www.linkedin.com\\\/company\\\/tecnodiamant\",\"https:\\\/\\\/www.youtube.com\\\/watch?v=h-91_36K27g\"],\"description\":\"Tecno Diamant \u2013 Diamanti Industriali \u00e8 un\u2019azienda leader nella produzione e distribuzione di utensili diamantati per gres porcellanato, monocottura, pietre naturali, marmi e graniti. Nata nel 1995 e con sede a Formigine, \u00e8 stata scelta da prestigiose realt\u00e0 ceramiche come partner nelle operazioni di Taglio, Rettifica, Levigatura, Bisellatura, Squadratura e Lappatura. Siamo specializzati nella produzione e vendita di utensili \u201csu misura\u201d, in grado di anticipare le esigenze di mercato e rispondere esattamente alla richiesta del Cliente, privilegiando l\u2019aspetto legato alla salute e al benessere nel rispetto dell\u2019ambiente e di tutta la societ\u00e0. Crediamo molto nella ricerca, nella tecnologia e nell\u2019innovazione che sono anche le caratteristiche che ci rappresentano.\",\"email\":\"info@tecnodiamant.it\",\"telephone\":\"059 215 4420\",\"legalName\":\"Tecno Diamant Srl\",\"vatID\":\"02301500365\",\"taxID\":\"02301500365\",\"numberOfEmployees\":{\"@type\":\"QuantitativeValue\",\"minValue\":\"51\",\"maxValue\":\"200\"}}]}<\/script>\n<!-- \/ Yoast SEO Premium plugin. -->","yoast_head_json":{"title":"Polityka Prywatno\u015bci - Tecno Diamant","robots":{"index":"index","follow":"follow","max-snippet":"max-snippet:-1","max-image-preview":"max-image-preview:large","max-video-preview":"max-video-preview:-1"},"canonical":"https:\/\/www.tecnodiamant.it\/pl\/polityka-prywatnosci\/","og_locale":"pl_PL","og_type":"article","og_title":"Polityka Prywatno\u015bci","og_description":"POLITYKA PRYWATNO\u015aCI Zgodnie z ex art. 13 D. Lgs. 30\/06\/2003 n. 196 (KODEKS DOTYCZ\u0104CY OCHRONY DANYCH OSOBOWYCH) Zgodnie z wymogami wy\u017cej wymienionego dekretu legislacyjnego, TECNO DIAMANT s.r.l. informuje odwiedzaj\u0105cych stron\u0119, \u017ce ich dane osobowe (\u2018Dane\u201d) b\u0119d\u0105 przetwa\u017cane nast\u0119puj\u0105co: Gromadzenie i przetwarzanie danych wykonywane jest przez TECNO DIAMANT s.r.l. w celu: Marketingu i reklamy; Wys\u0142ki materia\u0142\u00f3w [&hellip;]","og_url":"https:\/\/www.tecnodiamant.it\/pl\/polityka-prywatnosci\/","og_site_name":"Tecno Diamant","article_publisher":"https:\/\/www.facebook.com\/tecnodiamantsrl","article_modified_time":"2018-03-27T07:19:06+00:00","og_image":[{"width":1904,"height":531,"url":"https:\/\/www.tecnodiamant.it\/wp-content\/uploads\/2014\/07\/header-pagine.jpg","type":"image\/jpeg"}],"twitter_card":"summary_large_image","schema":{"@context":"https:\/\/schema.org","@graph":[{"@type":"WebPage","@id":"https:\/\/www.tecnodiamant.it\/pl\/polityka-prywatnosci\/","url":"https:\/\/www.tecnodiamant.it\/pl\/polityka-prywatnosci\/","name":"Polityka Prywatno\u015bci - Tecno Diamant","isPartOf":{"@id":"https:\/\/www.tecnodiamant.it\/ru\/#website"},"primaryImageOfPage":{"@id":"https:\/\/www.tecnodiamant.it\/pl\/polityka-prywatnosci\/#primaryimage"},"image":{"@id":"https:\/\/www.tecnodiamant.it\/pl\/polityka-prywatnosci\/#primaryimage"},"thumbnailUrl":"https:\/\/www.tecnodiamant.it\/wp-content\/uploads\/2014\/07\/header-pagine.jpg","datePublished":"2015-06-11T16:15:08+00:00","dateModified":"2018-03-27T07:19:06+00:00","breadcrumb":{"@id":"https:\/\/www.tecnodiamant.it\/pl\/polityka-prywatnosci\/#breadcrumb"},"inLanguage":"pl-PL","potentialAction":[{"@type":"ReadAction","target":["https:\/\/www.tecnodiamant.it\/pl\/polityka-prywatnosci\/"]}]},{"@type":"ImageObject","inLanguage":"pl-PL","@id":"https:\/\/www.tecnodiamant.it\/pl\/polityka-prywatnosci\/#primaryimage","url":"https:\/\/www.tecnodiamant.it\/wp-content\/uploads\/2014\/07\/header-pagine.jpg","contentUrl":"https:\/\/www.tecnodiamant.it\/wp-content\/uploads\/2014\/07\/header-pagine.jpg","width":1904,"height":531},{"@type":"BreadcrumbList","@id":"https:\/\/www.tecnodiamant.it\/pl\/polityka-prywatnosci\/#breadcrumb","itemListElement":[{"@type":"ListItem","position":1,"name":"Home","item":"https:\/\/www.tecnodiamant.it\/pl\/home-2\/"},{"@type":"ListItem","position":2,"name":"Polityka Prywatno\u015bci"}]},{"@type":"WebSite","@id":"https:\/\/www.tecnodiamant.it\/ru\/#website","url":"https:\/\/www.tecnodiamant.it\/ru\/","name":"Tecno Diamant","description":"Diamanti Industriali","publisher":{"@id":"https:\/\/www.tecnodiamant.it\/ru\/#organization"},"potentialAction":[{"@type":"SearchAction","target":{"@type":"EntryPoint","urlTemplate":"https:\/\/www.tecnodiamant.it\/ru\/?s={search_term_string}"},"query-input":{"@type":"PropertyValueSpecification","valueRequired":true,"valueName":"search_term_string"}}],"inLanguage":"pl-PL"},{"@type":"Organization","@id":"https:\/\/www.tecnodiamant.it\/ru\/#organization","name":"Tecno Diamant Srl","url":"https:\/\/www.tecnodiamant.it\/ru\/","logo":{"@type":"ImageObject","inLanguage":"pl-PL","@id":"https:\/\/www.tecnodiamant.it\/ru\/#\/schema\/logo\/image\/","url":"https:\/\/www.tecnodiamant.it\/wp-content\/uploads\/2022\/01\/Senza-titolo-2.jpg","contentUrl":"https:\/\/www.tecnodiamant.it\/wp-content\/uploads\/2022\/01\/Senza-titolo-2.jpg","width":1200,"height":1200,"caption":"Tecno Diamant Srl"},"image":{"@id":"https:\/\/www.tecnodiamant.it\/ru\/#\/schema\/logo\/image\/"},"sameAs":["https:\/\/www.facebook.com\/tecnodiamantsrl","https:\/\/www.instagram.com\/tecnodiamant\/","https:\/\/www.linkedin.com\/company\/tecnodiamant","https:\/\/www.youtube.com\/watch?v=h-91_36K27g"],"description":"Tecno Diamant \u2013 Diamanti Industriali \u00e8 un\u2019azienda leader nella produzione e distribuzione di utensili diamantati per gres porcellanato, monocottura, pietre naturali, marmi e graniti. Nata nel 1995 e con sede a Formigine, \u00e8 stata scelta da prestigiose realt\u00e0 ceramiche come partner nelle operazioni di Taglio, Rettifica, Levigatura, Bisellatura, Squadratura e Lappatura. Siamo specializzati nella produzione e vendita di utensili \u201csu misura\u201d, in grado di anticipare le esigenze di mercato e rispondere esattamente alla richiesta del Cliente, privilegiando l\u2019aspetto legato alla salute e al benessere nel rispetto dell\u2019ambiente e di tutta la societ\u00e0. Crediamo molto nella ricerca, nella tecnologia e nell\u2019innovazione che sono anche le caratteristiche che ci rappresentano.","email":"info@tecnodiamant.it","telephone":"059 215 4420","legalName":"Tecno Diamant Srl","vatID":"02301500365","taxID":"02301500365","numberOfEmployees":{"@type":"QuantitativeValue","minValue":"51","maxValue":"200"}}]}},"_links":{"self":[{"href":"https:\/\/www.tecnodiamant.it\/pl\/wp-json\/wp\/v2\/pages\/12132","targetHints":{"allow":["GET"]}}],"collection":[{"href":"https:\/\/www.tecnodiamant.it\/pl\/wp-json\/wp\/v2\/pages"}],"about":[{"href":"https:\/\/www.tecnodiamant.it\/pl\/wp-json\/wp\/v2\/types\/page"}],"author":[{"embeddable":true,"href":"https:\/\/www.tecnodiamant.it\/pl\/wp-json\/wp\/v2\/users\/3"}],"replies":[{"embeddable":true,"href":"https:\/\/www.tecnodiamant.it\/pl\/wp-json\/wp\/v2\/comments?post=12132"}],"version-history":[{"count":1,"href":"https:\/\/www.tecnodiamant.it\/pl\/wp-json\/wp\/v2\/pages\/12132\/revisions"}],"predecessor-version":[{"id":12133,"href":"https:\/\/www.tecnodiamant.it\/pl\/wp-json\/wp\/v2\/pages\/12132\/revisions\/12133"}],"wp:featuredmedia":[{"embeddable":true,"href":"https:\/\/www.tecnodiamant.it\/pl\/wp-json\/wp\/v2\/media\/10523"}],"wp:attachment":[{"href":"https:\/\/www.tecnodiamant.it\/pl\/wp-json\/wp\/v2\/media?parent=12132"}],"curies":[{"name":"wp","href":"https:\/\/api.w.org\/{rel}","templated":true}]}}