{"id":12138,"date":"2015-06-11T18:44:04","date_gmt":"2015-06-11T16:44:04","guid":{"rendered":"https:\/\/www.tecnodiamant.it\/?page_id=12138"},"modified":"2022-05-19T09:07:36","modified_gmt":"2022-05-19T07:07:36","slug":"polityka-cookie","status":"publish","type":"page","link":"https:\/\/www.tecnodiamant.it\/pl\/polityka-cookie\/","title":{"rendered":"Polityka Cookie"},"content":{"rendered":"<h2 style=\"text-align: center;\">POLITYKA COOKIE<br \/>\nROZSZERZONE INFORMACJE<\/h2>\n<p>Ta strona wykorzystuje pliki cookie, w tym pochodz\u0105ce od stron trzecich, aby poprawi\u0107 komfort przegl\u0105dania i umo\u017cliwi\u0107 tym, kt\u00f3rzy surfuj\u0105, korzystanie z naszych us\u0142ug online i wy\u015bwietlanie reklam zgodnie z ich preferencjami.<\/p>\n<p>Pliki cookie u\u017cywane na tej stronie nale\u017c\u0105 do kategorii opisanych poni\u017cej.Kontynuuj\u0105c przegl\u0105danie, wyra\u017casz zgod\u0119 na u\u017cywanie plik\u00f3w cookie.<\/p>\n<p>W ka\u017cdej chwili istnieje mo\u017cliwo\u015b\u0107 wy\u0142\u0105czenia obs\u0142ugi plik\u00f3w cookies w przegl\u0105darce; przypominamy, \u017ce ta opcja mo\u017ce ograniczy\u0107 wiele funkcji nawigacyjnych witryny.<\/p>\n<h2>Instrukcja wy\u0142\u0105czenia plik\u00f3w cookie z przegl\u0105darek<\/h2>\n<p><em>Je\u015bli u\u017cywasz Internet Explorera<\/em><br \/>\nW przegl\u0105darce Internet Explorer kliknij \u201eNarz\u0119dzia\u201d, a nast\u0119pnie \u201eOpcje internetowe\u201d. Na karcie Prywatno\u015b\u0107 przesu\u0144 kursor w g\u00f3r\u0119, aby zablokowa\u0107 wszystkie pliki cookie lub w d\u00f3\u0142, aby zezwoli\u0107 na wszystkie pliki cookie, a nast\u0119pnie kliknij OK.<\/p>\n<p><em>Je\u015bli u\u017cywasz przegl\u0105darki Firefox<\/em><br \/>\nPrzejd\u017a do menu &#8222;Narz\u0119dzia&#8221; swojej przegl\u0105darki i wybierz menu &#8222;Opcje&#8221;. Kliknij na zak\u0142adk\u0119 &#8222;Prywatno\u015b\u0107&#8221;, odznacz pole &#8222;Akceptuj pliki cookie&#8221; i kliknij OK.<\/p>\n<p><em>Je\u015bli korzystasz z przegl\u0105darki Safari<\/em><br \/>\nW przegl\u0105darce g\u0142osowania wybierz menu \u201eEdytuj\u201d i wybierz \u201ePreferencje\u201d. Kliknij \u201ePrywatno\u015b\u0107\u201d. Ustaw opcj\u0119 \u201eCookies Block\u201d zawsze\u201d i kliknij OK.<\/p>\n<p><em>Je\u015bli korzystasz z przegl\u0105darki Google Chrome<\/em><br \/>\nKliknij menu Chrome na pasku narz\u0119dzi przegl\u0105darki. Wybierz &#8222;Ustawienia&#8221;. Kliknij \u201ePoka\u017c ustawienia zaawansowane\u201d. W sekcji \u201ePrywatno\u015b\u0107\u201d kliknij przycisk \u201eUstawienia tre\u015bci\u201d. W sekcji \u201ePliki cookie\u201d wybierz \u201eNie zezwalaj witrynom na przechowywanie danych\u201d i kontroluj \u201eblokuj pliki cookie i dane witryn stron trzecich\u201d, a nast\u0119pnie kliknij przycisk OK.<\/p>\n<p>Aby wy\u0142\u0105czy\u0107 analityczne pliki cookie i uniemo\u017cliwi\u0107 Google Analytics zbieranie danych dotycz\u0105cych Twojej nawigacji, mo\u017cesz pobra\u0107 dodatek do przegl\u0105darki do dezaktywacji Google Analytics: <a href=\"https:\/\/tools.google.com\/dlpage\/gaoptout\">tools.google.com\/dlpage\/gaoptout<\/a> .<\/p>\n<p>Je\u015bli korzystasz z innej przegl\u0105darki, poszukaj sposobu zarz\u0105dzania plikami cookie w ustawieniach przegl\u0105darki.<\/p>\n<h2>Czym s\u0105 pliki cookie<\/h2>\n<p>Pliki cookie to ma\u0142e pliki tekstowe, kt\u00f3re s\u0105 automatycznie umieszczane na komputerze przegl\u0105darki w przegl\u0105darce. Zawieraj\u0105 podstawowe informacje o przegl\u0105daniu Internetu, a dzi\u0119ki przegl\u0105darce s\u0105 rozpoznawane za ka\u017cdym razem, gdy u\u017cytkownik odwiedza witryn\u0119.<\/p>\n<h2>Zarz\u0105dzanie plikami cookie<\/h2>\n<h3>Techniczne pliki cookie<\/h3>\n<ul>\n<li>Czynno\u015bci \u015bci\u015ble niezb\u0119dne do dzia\u0142ania<\/li>\n<\/ul>\n<p>Te pliki cookie maj\u0105 charakter techniczny i umo\u017cliwiaj\u0105 prawid\u0142owe dzia\u0142anie witryny. Na przyk\u0142ad utrzymuj\u0105 u\u017cytkownika zalogowanego podczas przegl\u0105dania, uniemo\u017cliwiaj\u0105c witrynie wielokrotne \u017c\u0105danie logowania w celu uzyskania dost\u0119pu do kolejnych stron.<\/p>\n<ul>\n<li>Aktywno\u015b\u0107 do zapisywania preferencji<\/li>\n<\/ul>\n<p>Te pliki cookie pozwalaj\u0105 zapami\u0119ta\u0107 preferencje wybrane przez u\u017cytkownika podczas przegl\u0105dania, na przyk\u0142ad umo\u017cliwiaj\u0105 ustawienie j\u0119zyka.<\/p>\n<ul>\n<li>Dzia\u0142ania statystyczne i pomiarowe ogl\u0105dalno\u015bci<\/li>\n<\/ul>\n<p>Te pliki cookie pomagaj\u0105 nam zrozumie\u0107, za pomoc\u0105 danych gromadzonych w formie anonimowej i zbiorczej, w jaki spos\u00f3b u\u017cytkownicy wchodz\u0105 w interakcj\u0119 z naszymi witrynami, dostarczaj\u0105c nam informacji dotycz\u0105cych odwiedzanych sekcji, czasu sp\u0119dzonego w witrynie, wszelkich usterek. Pomaga nam to poprawi\u0107 wydajno\u015b\u0107 naszych stron internetowych.<\/p>\n<h3>Profiluj\u0105ce pliki cookie stron trzecich<\/h3>\n<p>Korzystamy z us\u0142ug r\u00f3\u017cnych dostawc\u00f3w, kt\u00f3rzy z kolei mog\u0105 instalowa\u0107 pliki cookie w celu prawid\u0142owego funkcjonowania \u015bwiadczonych przez nich us\u0142ug. Je\u015bli chcesz uzyska\u0107 informacje na temat tych plik\u00f3w cookie stron trzecich i jak je wy\u0142\u0105czy\u0107, skorzystaj z \u0142\u0105czy w poni\u017cszych tabelach.<br \/>\nPonadto, odwiedzaj\u0105c stron\u0119 <a href=\"http:\/\/www.youronlinechoices.com\/it\/le-tue-scelte\">http:\/\/www.youronlinechoices.com\/it\/le-tue-scelte<\/a> mo\u017cna dowiedzie\u0107 si\u0119 o reklamie behawioralnej, a tak\u017ce dezaktywowa\u0107 lub aktywowa\u0107 wymienione firmy i wsp\u00f3\u0142pracuj\u0105ce z mened\u017cerami witryn w celu zbierania i wykorzystywa\u0107 przydatne informacje do korzystania z reklam.<\/p>\n<p><strong>Techniczne pliki cookie do prawid\u0142owego funkcjonowania us\u0142ug stron trzecich<\/strong><\/p>\n<p>Te pliki cookie pozwalaj\u0105 nam monitorowa\u0107 wydajno\u015b\u0107 witryny. Poni\u017cej znajduje si\u0119 lista u\u017cywanych us\u0142ug oraz linki do odpowiednich stron polityki prywatno\u015bci.<\/p>\n<p>Mapy Google &#8211; Wirtualna wycieczka: komponent sieciowy &#8211; Niezb\u0119dny techniczny plik cookie &#8211; <a href=\"https:\/\/www.google.com\/intl\/it\/policies\/\">Polityka prywatno\u015bci<\/a><\/p>\n<p>&nbsp;<\/p>\n<p><strong>Statystyczne i zewn\u0119trzne pliki cookie do pomiaru odbiorc\u00f3w<\/strong><\/p>\n<p>Te pliki cookie (us\u0142ugi internetowe stron trzecich) dostarczaj\u0105 anonimowych \/ zbiorczych informacji o tym, jak odwiedzaj\u0105cy poruszaj\u0105 si\u0119 po witrynie. Poni\u017cej znajduj\u0105 si\u0119 linki do odpowiednich stron polityki prywatno\u015bci.<\/p>\n<p>Google &#8211; Google Analytics: system statystyk &#8211; Cookies analityczne &#8211; <a href=\"https:\/\/support.google.com\/analytics\/answer\/6004245\">Polityka prywatno\u015bci<\/a><\/p>\n<p>&nbsp;<\/p>\n<p><strong>Profiluj\u0105ce pliki cookie w celach reklamowych i remarketingowych<\/strong><\/p>\n<p>Te pliki cookie (us\u0142ugi reklamowe stron trzecich) s\u0105 u\u017cywane w celu wysy\u0142ania reklam i spersonalizowanych tre\u015bci na podstawie historii przegl\u0105dania samej witryny. Poni\u017cej znajduj\u0105 si\u0119 linki do odpowiednich stron polityki prywatno\u015bci i formularza zgody, w kt\u00f3rych mo\u017cna wy\u0142\u0105czy\u0107 korzystanie z plik\u00f3w cookie do profilowania us\u0142ug stron trzecich.<\/p>\n<p>Ta strona nie u\u017cywa tego typu plik\u00f3w cookie.<\/p>\n<p>Ostrze\u017cenie: nale\u017cy pami\u0119ta\u0107, \u017ce wy\u0142\u0105czenie profiluj\u0105cych plik\u00f3w cookie nie oznacza, \u017ce nie b\u0119dziesz ju\u017c otrzymywa\u0107 reklam podczas przegl\u0105dania witryny, ale po prostu, \u017ce reklamy, kt\u00f3re zobaczysz, nie b\u0119d\u0105 wybierane na podstawie Twoich zainteresowa\u0144, a zatem mog\u0105 by\u0107 mniej trafne.<\/p>\n<p>&nbsp;<\/p>\n<p><strong>Pliki cookie udost\u0119pniania w mediach spo\u0142eczno\u015bciowych<\/strong><\/p>\n<p>Te pliki cookie stron trzecich s\u0142u\u017c\u0105 do integracji niekt\u00f3rych wsp\u00f3lnych funkcji g\u0142\u00f3wnych medi\u00f3w spo\u0142eczno\u015bciowych i udost\u0119pnienia ich w witrynie. W szczeg\u00f3lno\u015bci umo\u017cliwiaj\u0105 rejestracj\u0119 i uwierzytelnianie w serwisie poprzez facebook i google connect, udost\u0119pnianie i komentowanie stron serwisu w sieciach spo\u0142eczno\u015bciowych, umo\u017cliwiaj\u0105 funkcje \u201elubi\u0119 to\u201d na Facebooku, Linkedin, Instagramie i Twitterze.<br \/>\nPoni\u017cej znajduj\u0105 si\u0119 linki do odpowiednich stron polityki prywatno\u015bci.<\/p>\n<p>Facebook &#8211; media spo\u0142eczno\u015bciowe &#8211; <a href=\"https:\/\/www.facebook.com\/about\/privacy\/\">polityka prywatno\u015bci<\/a><\/p>\n<p>Linkedin &#8211; media spo\u0142eczno\u015bciowe &#8211; <a href=\"https:\/\/it.linkedin.com\/legal\/privacy-policy\">polityka prywatno\u015bci<\/a><\/p>\n<p>Instagram &#8211; media spo\u0142eczno\u015bciowe &#8211; <a href=\"https:\/\/www.facebook.com\/help\/instagram\/519522125107875\/?maybe_redirect_pol=0\">polityka prywatno\u015bci<\/a><\/p>\n<p>Twitter &#8211; media spo\u0142eczno\u015bciowe &#8211; <a href=\"https:\/\/twitter.com\/privacy\">polityka prywatno\u015bci<\/a><\/p>\n<p>&nbsp;<\/p>\n<p>Administratorem danych jest TECNO DIAMANT DIAMANTI INDUSTRIALI SRL z siedzib\u0105 przy Via Aldo Moro 37 &#8211; 41043 Formigine (MO).<\/p>\n<p>W ka\u017cdej chwili mo\u017cesz skorzysta\u0107 z uprawnie\u0144, o kt\u00f3rych mowa w art. 7 Kodeksu dotycz\u0105cych ochrony danych osobowych, w tym dost\u0119pu do informacji dotycz\u0105cych Ciebie oraz \u017c\u0105dania ich aktualizacji, sprostowania i integracji, a tak\u017ce anulowania, przekszta\u0142cenia w form\u0119 anonimow\u0105 lub zablokowania tylko w przypadku ich przetwarzania z naruszeniem prawa. Mo\u017cesz r\u00f3wnie\u017c sprzeciwi\u0107 si\u0119 przetwarzaniu w ca\u0142o\u015bci lub w cz\u0119\u015bci. Aby skorzysta\u0107 z praw wskazanych powy\u017cej, mo\u017cesz skontaktowa\u0107 si\u0119 z administratorem danych, dzwoni\u0105c pod numer +39 059 2154420 lub pisz\u0105c na adres Tecno Diamant Srl, Via Aldo Moro 37 &#8211; 41043 Formigine (MO) lub wysy\u0142aj\u0105c e-mail na <a href=\"info@tecnodiamant.it\">adres info@tecnodiamant .it<\/a> &#8211; <a href=\"marketing@tecnodiamant.it\">marketing@tecnodiamant.t<\/a><\/p>\n","protected":false},"excerpt":{"rendered":"<p>POLITYKA COOKIE ROZSZERZONE INFORMACJE Ta strona wykorzystuje pliki cookie, w tym pochodz\u0105ce od stron trzecich, aby poprawi\u0107 komfort przegl\u0105dania i umo\u017cliwi\u0107 tym, kt\u00f3rzy surfuj\u0105, korzystanie z naszych us\u0142ug online i wy\u015bwietlanie reklam zgodnie z ich preferencjami. Pliki cookie u\u017cywane na tej stronie nale\u017c\u0105 do kategorii opisanych poni\u017cej.Kontynuuj\u0105c przegl\u0105danie, wyra\u017casz zgod\u0119 na u\u017cywanie plik\u00f3w cookie. W [&hellip;]<\/p>\n","protected":false},"author":3,"featured_media":10523,"parent":0,"menu_order":0,"comment_status":"closed","ping_status":"closed","template":"","meta":{"footnotes":""},"class_list":["post-12138","page","type-page","status-publish","has-post-thumbnail","hentry"],"yoast_head":"<!-- This site is optimized with the Yoast SEO Premium plugin v27.3 (Yoast SEO v27.5) - https:\/\/yoast.com\/product\/yoast-seo-premium-wordpress\/ -->\n<title>Polityka Cookie - Tecno Diamant<\/title>\n<meta name=\"robots\" content=\"index, follow, max-snippet:-1, max-image-preview:large, max-video-preview:-1\" \/>\n<link rel=\"canonical\" href=\"https:\/\/www.tecnodiamant.it\/pl\/polityka-cookie\/\" \/>\n<meta property=\"og:locale\" content=\"pl_PL\" \/>\n<meta property=\"og:type\" content=\"article\" \/>\n<meta property=\"og:title\" content=\"Polityka Cookie\" \/>\n<meta property=\"og:description\" content=\"POLITYKA COOKIE ROZSZERZONE INFORMACJE Ta strona wykorzystuje pliki cookie, w tym pochodz\u0105ce od stron trzecich, aby poprawi\u0107 komfort przegl\u0105dania i umo\u017cliwi\u0107 tym, kt\u00f3rzy surfuj\u0105, korzystanie z naszych us\u0142ug online i wy\u015bwietlanie reklam zgodnie z ich preferencjami. Pliki cookie u\u017cywane na tej stronie nale\u017c\u0105 do kategorii opisanych poni\u017cej.Kontynuuj\u0105c przegl\u0105danie, wyra\u017casz zgod\u0119 na u\u017cywanie plik\u00f3w cookie. W [&hellip;]\" \/>\n<meta property=\"og:url\" content=\"https:\/\/www.tecnodiamant.it\/pl\/polityka-cookie\/\" \/>\n<meta property=\"og:site_name\" content=\"Tecno Diamant\" \/>\n<meta property=\"article:publisher\" content=\"https:\/\/www.facebook.com\/tecnodiamantsrl\" \/>\n<meta property=\"article:modified_time\" content=\"2022-05-19T07:07:36+00:00\" \/>\n<meta property=\"og:image\" content=\"https:\/\/www.tecnodiamant.it\/wp-content\/uploads\/2014\/07\/header-pagine.jpg\" \/>\n\t<meta property=\"og:image:width\" content=\"1904\" \/>\n\t<meta property=\"og:image:height\" content=\"531\" \/>\n\t<meta property=\"og:image:type\" content=\"image\/jpeg\" \/>\n<meta name=\"twitter:card\" content=\"summary_large_image\" \/>\n<script type=\"application\/ld+json\" class=\"yoast-schema-graph\">{\"@context\":\"https:\\\/\\\/schema.org\",\"@graph\":[{\"@type\":\"WebPage\",\"@id\":\"https:\\\/\\\/www.tecnodiamant.it\\\/pl\\\/polityka-cookie\\\/\",\"url\":\"https:\\\/\\\/www.tecnodiamant.it\\\/pl\\\/polityka-cookie\\\/\",\"name\":\"Polityka Cookie - Tecno Diamant\",\"isPartOf\":{\"@id\":\"https:\\\/\\\/www.tecnodiamant.it\\\/ru\\\/#website\"},\"primaryImageOfPage\":{\"@id\":\"https:\\\/\\\/www.tecnodiamant.it\\\/pl\\\/polityka-cookie\\\/#primaryimage\"},\"image\":{\"@id\":\"https:\\\/\\\/www.tecnodiamant.it\\\/pl\\\/polityka-cookie\\\/#primaryimage\"},\"thumbnailUrl\":\"https:\\\/\\\/www.tecnodiamant.it\\\/wp-content\\\/uploads\\\/2014\\\/07\\\/header-pagine.jpg\",\"datePublished\":\"2015-06-11T16:44:04+00:00\",\"dateModified\":\"2022-05-19T07:07:36+00:00\",\"breadcrumb\":{\"@id\":\"https:\\\/\\\/www.tecnodiamant.it\\\/pl\\\/polityka-cookie\\\/#breadcrumb\"},\"inLanguage\":\"pl-PL\",\"potentialAction\":[{\"@type\":\"ReadAction\",\"target\":[\"https:\\\/\\\/www.tecnodiamant.it\\\/pl\\\/polityka-cookie\\\/\"]}]},{\"@type\":\"ImageObject\",\"inLanguage\":\"pl-PL\",\"@id\":\"https:\\\/\\\/www.tecnodiamant.it\\\/pl\\\/polityka-cookie\\\/#primaryimage\",\"url\":\"https:\\\/\\\/www.tecnodiamant.it\\\/wp-content\\\/uploads\\\/2014\\\/07\\\/header-pagine.jpg\",\"contentUrl\":\"https:\\\/\\\/www.tecnodiamant.it\\\/wp-content\\\/uploads\\\/2014\\\/07\\\/header-pagine.jpg\",\"width\":1904,\"height\":531},{\"@type\":\"BreadcrumbList\",\"@id\":\"https:\\\/\\\/www.tecnodiamant.it\\\/pl\\\/polityka-cookie\\\/#breadcrumb\",\"itemListElement\":[{\"@type\":\"ListItem\",\"position\":1,\"name\":\"Home\",\"item\":\"https:\\\/\\\/www.tecnodiamant.it\\\/pl\\\/home-2\\\/\"},{\"@type\":\"ListItem\",\"position\":2,\"name\":\"Polityka Cookie\"}]},{\"@type\":\"WebSite\",\"@id\":\"https:\\\/\\\/www.tecnodiamant.it\\\/ru\\\/#website\",\"url\":\"https:\\\/\\\/www.tecnodiamant.it\\\/ru\\\/\",\"name\":\"Tecno Diamant\",\"description\":\"Diamanti Industriali\",\"publisher\":{\"@id\":\"https:\\\/\\\/www.tecnodiamant.it\\\/ru\\\/#organization\"},\"potentialAction\":[{\"@type\":\"SearchAction\",\"target\":{\"@type\":\"EntryPoint\",\"urlTemplate\":\"https:\\\/\\\/www.tecnodiamant.it\\\/ru\\\/?s={search_term_string}\"},\"query-input\":{\"@type\":\"PropertyValueSpecification\",\"valueRequired\":true,\"valueName\":\"search_term_string\"}}],\"inLanguage\":\"pl-PL\"},{\"@type\":\"Organization\",\"@id\":\"https:\\\/\\\/www.tecnodiamant.it\\\/ru\\\/#organization\",\"name\":\"Tecno Diamant Srl\",\"url\":\"https:\\\/\\\/www.tecnodiamant.it\\\/ru\\\/\",\"logo\":{\"@type\":\"ImageObject\",\"inLanguage\":\"pl-PL\",\"@id\":\"https:\\\/\\\/www.tecnodiamant.it\\\/ru\\\/#\\\/schema\\\/logo\\\/image\\\/\",\"url\":\"https:\\\/\\\/www.tecnodiamant.it\\\/wp-content\\\/uploads\\\/2022\\\/01\\\/Senza-titolo-2.jpg\",\"contentUrl\":\"https:\\\/\\\/www.tecnodiamant.it\\\/wp-content\\\/uploads\\\/2022\\\/01\\\/Senza-titolo-2.jpg\",\"width\":1200,\"height\":1200,\"caption\":\"Tecno Diamant Srl\"},\"image\":{\"@id\":\"https:\\\/\\\/www.tecnodiamant.it\\\/ru\\\/#\\\/schema\\\/logo\\\/image\\\/\"},\"sameAs\":[\"https:\\\/\\\/www.facebook.com\\\/tecnodiamantsrl\",\"https:\\\/\\\/www.instagram.com\\\/tecnodiamant\\\/\",\"https:\\\/\\\/www.linkedin.com\\\/company\\\/tecnodiamant\",\"https:\\\/\\\/www.youtube.com\\\/watch?v=h-91_36K27g\"],\"description\":\"Tecno Diamant \u2013 Diamanti Industriali \u00e8 un\u2019azienda leader nella produzione e distribuzione di utensili diamantati per gres porcellanato, monocottura, pietre naturali, marmi e graniti. Nata nel 1995 e con sede a Formigine, \u00e8 stata scelta da prestigiose realt\u00e0 ceramiche come partner nelle operazioni di Taglio, Rettifica, Levigatura, Bisellatura, Squadratura e Lappatura. Siamo specializzati nella produzione e vendita di utensili \u201csu misura\u201d, in grado di anticipare le esigenze di mercato e rispondere esattamente alla richiesta del Cliente, privilegiando l\u2019aspetto legato alla salute e al benessere nel rispetto dell\u2019ambiente e di tutta la societ\u00e0. Crediamo molto nella ricerca, nella tecnologia e nell\u2019innovazione che sono anche le caratteristiche che ci rappresentano.\",\"email\":\"info@tecnodiamant.it\",\"telephone\":\"059 215 4420\",\"legalName\":\"Tecno Diamant Srl\",\"vatID\":\"02301500365\",\"taxID\":\"02301500365\",\"numberOfEmployees\":{\"@type\":\"QuantitativeValue\",\"minValue\":\"51\",\"maxValue\":\"200\"}}]}<\/script>\n<!-- \/ Yoast SEO Premium plugin. -->","yoast_head_json":{"title":"Polityka Cookie - Tecno Diamant","robots":{"index":"index","follow":"follow","max-snippet":"max-snippet:-1","max-image-preview":"max-image-preview:large","max-video-preview":"max-video-preview:-1"},"canonical":"https:\/\/www.tecnodiamant.it\/pl\/polityka-cookie\/","og_locale":"pl_PL","og_type":"article","og_title":"Polityka Cookie","og_description":"POLITYKA COOKIE ROZSZERZONE INFORMACJE Ta strona wykorzystuje pliki cookie, w tym pochodz\u0105ce od stron trzecich, aby poprawi\u0107 komfort przegl\u0105dania i umo\u017cliwi\u0107 tym, kt\u00f3rzy surfuj\u0105, korzystanie z naszych us\u0142ug online i wy\u015bwietlanie reklam zgodnie z ich preferencjami. Pliki cookie u\u017cywane na tej stronie nale\u017c\u0105 do kategorii opisanych poni\u017cej.Kontynuuj\u0105c przegl\u0105danie, wyra\u017casz zgod\u0119 na u\u017cywanie plik\u00f3w cookie. W [&hellip;]","og_url":"https:\/\/www.tecnodiamant.it\/pl\/polityka-cookie\/","og_site_name":"Tecno Diamant","article_publisher":"https:\/\/www.facebook.com\/tecnodiamantsrl","article_modified_time":"2022-05-19T07:07:36+00:00","og_image":[{"width":1904,"height":531,"url":"https:\/\/www.tecnodiamant.it\/wp-content\/uploads\/2014\/07\/header-pagine.jpg","type":"image\/jpeg"}],"twitter_card":"summary_large_image","schema":{"@context":"https:\/\/schema.org","@graph":[{"@type":"WebPage","@id":"https:\/\/www.tecnodiamant.it\/pl\/polityka-cookie\/","url":"https:\/\/www.tecnodiamant.it\/pl\/polityka-cookie\/","name":"Polityka Cookie - Tecno Diamant","isPartOf":{"@id":"https:\/\/www.tecnodiamant.it\/ru\/#website"},"primaryImageOfPage":{"@id":"https:\/\/www.tecnodiamant.it\/pl\/polityka-cookie\/#primaryimage"},"image":{"@id":"https:\/\/www.tecnodiamant.it\/pl\/polityka-cookie\/#primaryimage"},"thumbnailUrl":"https:\/\/www.tecnodiamant.it\/wp-content\/uploads\/2014\/07\/header-pagine.jpg","datePublished":"2015-06-11T16:44:04+00:00","dateModified":"2022-05-19T07:07:36+00:00","breadcrumb":{"@id":"https:\/\/www.tecnodiamant.it\/pl\/polityka-cookie\/#breadcrumb"},"inLanguage":"pl-PL","potentialAction":[{"@type":"ReadAction","target":["https:\/\/www.tecnodiamant.it\/pl\/polityka-cookie\/"]}]},{"@type":"ImageObject","inLanguage":"pl-PL","@id":"https:\/\/www.tecnodiamant.it\/pl\/polityka-cookie\/#primaryimage","url":"https:\/\/www.tecnodiamant.it\/wp-content\/uploads\/2014\/07\/header-pagine.jpg","contentUrl":"https:\/\/www.tecnodiamant.it\/wp-content\/uploads\/2014\/07\/header-pagine.jpg","width":1904,"height":531},{"@type":"BreadcrumbList","@id":"https:\/\/www.tecnodiamant.it\/pl\/polityka-cookie\/#breadcrumb","itemListElement":[{"@type":"ListItem","position":1,"name":"Home","item":"https:\/\/www.tecnodiamant.it\/pl\/home-2\/"},{"@type":"ListItem","position":2,"name":"Polityka Cookie"}]},{"@type":"WebSite","@id":"https:\/\/www.tecnodiamant.it\/ru\/#website","url":"https:\/\/www.tecnodiamant.it\/ru\/","name":"Tecno Diamant","description":"Diamanti Industriali","publisher":{"@id":"https:\/\/www.tecnodiamant.it\/ru\/#organization"},"potentialAction":[{"@type":"SearchAction","target":{"@type":"EntryPoint","urlTemplate":"https:\/\/www.tecnodiamant.it\/ru\/?s={search_term_string}"},"query-input":{"@type":"PropertyValueSpecification","valueRequired":true,"valueName":"search_term_string"}}],"inLanguage":"pl-PL"},{"@type":"Organization","@id":"https:\/\/www.tecnodiamant.it\/ru\/#organization","name":"Tecno Diamant Srl","url":"https:\/\/www.tecnodiamant.it\/ru\/","logo":{"@type":"ImageObject","inLanguage":"pl-PL","@id":"https:\/\/www.tecnodiamant.it\/ru\/#\/schema\/logo\/image\/","url":"https:\/\/www.tecnodiamant.it\/wp-content\/uploads\/2022\/01\/Senza-titolo-2.jpg","contentUrl":"https:\/\/www.tecnodiamant.it\/wp-content\/uploads\/2022\/01\/Senza-titolo-2.jpg","width":1200,"height":1200,"caption":"Tecno Diamant Srl"},"image":{"@id":"https:\/\/www.tecnodiamant.it\/ru\/#\/schema\/logo\/image\/"},"sameAs":["https:\/\/www.facebook.com\/tecnodiamantsrl","https:\/\/www.instagram.com\/tecnodiamant\/","https:\/\/www.linkedin.com\/company\/tecnodiamant","https:\/\/www.youtube.com\/watch?v=h-91_36K27g"],"description":"Tecno Diamant \u2013 Diamanti Industriali \u00e8 un\u2019azienda leader nella produzione e distribuzione di utensili diamantati per gres porcellanato, monocottura, pietre naturali, marmi e graniti. Nata nel 1995 e con sede a Formigine, \u00e8 stata scelta da prestigiose realt\u00e0 ceramiche come partner nelle operazioni di Taglio, Rettifica, Levigatura, Bisellatura, Squadratura e Lappatura. Siamo specializzati nella produzione e vendita di utensili \u201csu misura\u201d, in grado di anticipare le esigenze di mercato e rispondere esattamente alla richiesta del Cliente, privilegiando l\u2019aspetto legato alla salute e al benessere nel rispetto dell\u2019ambiente e di tutta la societ\u00e0. Crediamo molto nella ricerca, nella tecnologia e nell\u2019innovazione che sono anche le caratteristiche che ci rappresentano.","email":"info@tecnodiamant.it","telephone":"059 215 4420","legalName":"Tecno Diamant Srl","vatID":"02301500365","taxID":"02301500365","numberOfEmployees":{"@type":"QuantitativeValue","minValue":"51","maxValue":"200"}}]}},"_links":{"self":[{"href":"https:\/\/www.tecnodiamant.it\/pl\/wp-json\/wp\/v2\/pages\/12138","targetHints":{"allow":["GET"]}}],"collection":[{"href":"https:\/\/www.tecnodiamant.it\/pl\/wp-json\/wp\/v2\/pages"}],"about":[{"href":"https:\/\/www.tecnodiamant.it\/pl\/wp-json\/wp\/v2\/types\/page"}],"author":[{"embeddable":true,"href":"https:\/\/www.tecnodiamant.it\/pl\/wp-json\/wp\/v2\/users\/3"}],"replies":[{"embeddable":true,"href":"https:\/\/www.tecnodiamant.it\/pl\/wp-json\/wp\/v2\/comments?post=12138"}],"version-history":[{"count":2,"href":"https:\/\/www.tecnodiamant.it\/pl\/wp-json\/wp\/v2\/pages\/12138\/revisions"}],"predecessor-version":[{"id":26850,"href":"https:\/\/www.tecnodiamant.it\/pl\/wp-json\/wp\/v2\/pages\/12138\/revisions\/26850"}],"wp:featuredmedia":[{"embeddable":true,"href":"https:\/\/www.tecnodiamant.it\/pl\/wp-json\/wp\/v2\/media\/10523"}],"wp:attachment":[{"href":"https:\/\/www.tecnodiamant.it\/pl\/wp-json\/wp\/v2\/media?parent=12138"}],"curies":[{"name":"wp","href":"https:\/\/api.w.org\/{rel}","templated":true}]}}