{"id":17899,"date":"2021-07-28T16:38:21","date_gmt":"2021-07-28T14:38:21","guid":{"rendered":"https:\/\/www.tecnodiamant.it\/firma-2\/"},"modified":"2025-07-31T10:09:10","modified_gmt":"2025-07-31T08:09:10","slug":"o-nas","status":"publish","type":"page","link":"https:\/\/www.tecnodiamant.it\/pl\/o-nas\/","title":{"rendered":"Firma"},"content":{"rendered":"<div class=\"et_d4_element et_pb_section et_pb_section_0 et_pb_with_background  et_pb_css_mix_blend_mode et_section_regular section_has_divider et_pb_bottom_divider et_block_section\" >\n\t\t\t\t\n\t\t\t\t\n\t\t\t\t\n\t\t\t\t\n\t\t\t\t\n\t\t\t\t\n\t\t\t\t<div class=\"et_d4_element et_pb_row et_pb_row_0  et_pb_css_mix_blend_mode et_block_row\">\n\t\t\t\t<div class=\"et_d4_element et_pb_column_4_4 et_pb_column et_pb_column_0  et_pb_css_mix_blend_mode et-last-child et_block_column\">\n\t\t\t\t\n\t\t\t\t\n\t\t\t\t\n\t\t\t\t\n\t\t\t\t<div class=\"et_pb_module et_d4_element et_pb_text et_pb_text_0 et_animated  et_pb_text_align_center et_pb_bg_layout_dark\">\n\t\t\t\t\n\t\t\t\t\n\t\t\t\t\n\t\t\t\t\n\t\t\t\t<div class=\"et_pb_text_inner\"><h1>Firma<\/h1>\n<div id=\"gtx-trans\" style=\"position: absolute; left: -44px; top: -0.5625px;\">\n<div class=\"gtx-trans-icon\"><\/div>\n<\/div><\/div>\n\t\t\t<\/div>\n\t\t\t<\/div>\n\t\t\t\t\n\t\t\t\t\n\t\t\t\t\n\t\t\t\t\n\t\t\t<\/div>\n\t\t\t\t\n\t\t\t\t<div class=\"et_pb_bottom_inside_divider et-no-transition\"><\/div>\n\t\t\t<\/div><div class=\"et_d4_element et_pb_section et_pb_section_1  et_pb_css_mix_blend_mode et_section_regular et_block_section\" >\n\t\t\t\t\n\t\t\t\t\n\t\t\t\t\n\t\t\t\t\n\t\t\t\t\n\t\t\t\t\n\t\t\t\t<div class=\"et_d4_element et_pb_row et_pb_row_1  et_pb_css_mix_blend_mode et_block_row\">\n\t\t\t\t<div class=\"et_d4_element et_pb_column_4_4 et_pb_column et_pb_column_1  et_pb_css_mix_blend_mode et-last-child et_block_column\">\n\t\t\t\t\n\t\t\t\t\n\t\t\t\t\n\t\t\t\t\n\t\t\t\t<div class=\"et_pb_module et_d4_element et_pb_text et_pb_text_1  et_pb_text_align_center et_pb_bg_layout_light\">\n\t\t\t\t\n\t\t\t\t\n\t\t\t\t\n\t\t\t\t\n\t\t\t\t<div class=\"et_pb_text_inner\"><h1>O nas<\/h1><\/div>\n\t\t\t<\/div><div class=\"et_pb_module et_d4_element et_pb_text et_pb_text_2  et_pb_text_align_left et_pb_bg_layout_light\">\n\t\t\t\t\n\t\t\t\t\n\t\t\t\t\n\t\t\t\t\n\t\t\t\t<div class=\"et_pb_text_inner\"><p>Tecno Diamant - Diamanti Industriali jest wiod\u0105cym producentem i dystrybutorem narz\u0119dzi diamentowych do obr\u00f3bki gresu porcelanowego, p\u0142ytek jednokomorowych, kamienia naturalnego, marmuru i granitu.<\/p>\n<p>Za\u0142o\u017cona w 1995 roku i maj\u0105ca siedzib\u0119 w Formigine, zosta\u0142a wybrana przez presti\u017cowe firmy ceramiczne jako partner w operacjach ci\u0119cia, szlifowania, ukosowania, wyr\u00f3wnywania i docierania.<\/p>\n<p>Specjalizujemy si\u0119 w produkcji i sprzeda\u017cy narz\u0119dzi \"szytych na miar\u0119\", kt\u00f3re s\u0105 w stanie przewidzie\u0107 potrzeby rynku i odpowiedzie\u0107 dok\u0142adnie na \u017cyczenie klienta, stawiaj\u0105c na pierwszym miejscu aspekt zdrowia i dobrego samopoczucia, przy jednoczesnym poszanowaniu \u015brodowiska i spo\u0142ecze\u0144stwa jako ca\u0142o\u015bci.<\/p>\n<p>Mocno wierzymy w badania, technologi\u0119 i innowacje, kt\u00f3re s\u0105 r\u00f3wnie\u017c cechami, kt\u00f3re nas reprezentuj\u0105.<\/p><\/div>\n\t\t\t<\/div>\n\t\t\t<\/div>\n\t\t\t\t\n\t\t\t\t\n\t\t\t\t\n\t\t\t\t\n\t\t\t<\/div>\n\t\t\t\t\n\t\t\t\t\n\t\t\t<\/div><div class=\"et_d4_element et_pb_section et_pb_section_2 et_pb_with_background  et_pb_css_mix_blend_mode et_section_regular et_block_section\" >\n\t\t\t\t\n\t\t\t\t\n\t\t\t\t\n\t\t\t\t\n\t\t\t\t\n\t\t\t\t\n\t\t\t\t<div class=\"et_d4_element et_pb_row et_pb_row_2  et_pb_css_mix_blend_mode et_block_row\">\n\t\t\t\t<div class=\"et_d4_element et_pb_column_1_2 et_pb_column et_pb_column_2  et_pb_css_mix_blend_mode et_block_column\">\n\t\t\t\t\n\t\t\t\t\n\t\t\t\t\n\t\t\t\t\n\t\t\t\t<div class=\"et_pb_module et_d4_element et_pb_text et_pb_text_3  et_pb_text_align_left et_pb_bg_layout_light\">\n\t\t\t\t\n\t\t\t\t\n\t\t\t\t\n\t\t\t\t\n\t\t\t\t<div class=\"et_pb_text_inner\"><h2>Pomys\u0142y i gwarancje<\/h2>\n<p><\/p>\n<p><strong>TECNO DIAMANT<\/strong> zatrudnia obecnie 60 os\u00f3b, kt\u00f3re zjednoczone ideami i warto\u015bciami, ka\u017cdego dnia anga\u017cuj\u0105 si\u0119 w produkcj\u0119 i \u015bwiatow\u0105 dystrybucj\u0119 narz\u0119dzi diamentowych dla przemys\u0142u ceramicznego i kamienia naturalnego.<\/p>\n<p>Oferujemy naszym klientom innowacyjno\u015b\u0107 i pewno\u015b\u0107 dzi\u0119ki produktom, kt\u00f3re s\u0105 niepowtarzalne pod wzgl\u0119dem oryginalno\u015bci i skuteczno\u015bci.<\/p>\n<p>W rzeczywisto\u015bci w firmie dba\u0142o\u015b\u0107 o szczeg\u00f3\u0142y \u0142\u0105czy si\u0119 ze zdolno\u015bci\u0105 do zrozumienia potrzeb klienta w zorganizowanej strukturze ze stale rozwijaj\u0105cym si\u0119 laboratorium badawczym, zdolnym do szybkiego reagowania na rozw\u00f3j technologii ceramicznej.<\/p><\/div>\n\t\t\t<\/div>\n\t\t\t<\/div><div class=\"et_d4_element et_pb_column_1_2 et_pb_column et_pb_column_3  et_pb_css_mix_blend_mode et-last-child et_block_column\">\n\t\t\t\t\n\t\t\t\t\n\t\t\t\t\n\t\t\t\t\n\t\t\t\t<div class=\"et_pb_module et_d4_element et_pb_image et_pb_image_0\">\n\t\t\t\t\n\t\t\t\t\n\t\t\t\t\n\t\t\t\t\n\t\t\t\t<span class=\"et_pb_image_wrap \"><img decoding=\"async\" width=\"1920\" height=\"1080\" data-src=\"https:\/\/www.tecnodiamant.it\/wp-content\/uploads\/2025\/07\/Slide-home_3-2025.jpg\" alt=\"\" title=\"Slide-home_3-2025\" data-srcset=\"https:\/\/www.tecnodiamant.it\/wp-content\/uploads\/2025\/07\/Slide-home_3-2025.jpg 1920w, https:\/\/www.tecnodiamant.it\/wp-content\/uploads\/2025\/07\/Slide-home_3-2025-1280x720.jpg 1280w, https:\/\/www.tecnodiamant.it\/wp-content\/uploads\/2025\/07\/Slide-home_3-2025-980x551.jpg 980w, https:\/\/www.tecnodiamant.it\/wp-content\/uploads\/2025\/07\/Slide-home_3-2025-480x270.jpg 480w\" data-sizes=\"(min-width: 0px) and (max-width: 480px) 480px, (min-width: 481px) and (max-width: 980px) 980px, (min-width: 981px) and (max-width: 1280px) 1280px, (min-width: 1281px) 1920px, 100vw\" class=\"wp-image-44797 lazyload\" src=\"data:image\/svg+xml;base64,PHN2ZyB3aWR0aD0iMSIgaGVpZ2h0PSIxIiB4bWxucz0iaHR0cDovL3d3dy53My5vcmcvMjAwMC9zdmciPjwvc3ZnPg==\" style=\"--smush-placeholder-width: 1920px; --smush-placeholder-aspect-ratio: 1920\/1080;\" \/><\/span>\n\t\t\t<\/div>\n\t\t\t<\/div>\n\t\t\t\t\n\t\t\t\t\n\t\t\t\t\n\t\t\t\t\n\t\t\t<\/div>\n\t\t\t\t\n\t\t\t\t\n\t\t\t<\/div><div class=\"et_d4_element et_pb_section et_pb_section_3  et_pb_css_mix_blend_mode et_section_regular et_block_section\" >\n\t\t\t\t\n\t\t\t\t\n\t\t\t\t\n\t\t\t\t\n\t\t\t\t\n\t\t\t\t\n\t\t\t\t<div class=\"et_d4_element et_pb_row et_pb_row_3  et_pb_css_mix_blend_mode et_block_row\">\n\t\t\t\t<div class=\"et_d4_element et_pb_column_4_4 et_pb_column et_pb_column_4  et_pb_css_mix_blend_mode et-last-child et_block_column\">\n\t\t\t\t\n\t\t\t\t\n\t\t\t\t\n\t\t\t\t\n\t\t\t\t<div class=\"et_pb_module et_d4_element et_pb_text et_pb_text_4  et_pb_text_align_left et_pb_bg_layout_light\">\n\t\t\t\t\n\t\t\t\t\n\t\t\t\t\n\t\t\t\t\n\t\t\t\t<div class=\"et_pb_text_inner\"><h1 style=\"text-align: center;\">Nasze lokalizacje<\/h1>\n<p>\u015awiatowa ekspansja firmy jest wynikiem d\u0142ugiego procesu bada\u0144, projektowania i tworzenia narz\u0119dzi do ci\u0119cia, szlifowania, honowania, fazowania, prostowania, kalibrowania i docierania zaprojektowanych w celu spe\u0142nienia specyficznych wymaga\u0144 klient\u00f3w.<\/p>\n<p>Wszystkie nasze narz\u0119dzia s\u0105 poszukiwane na ca\u0142ym \u015bwiecie, co pozwoli\u0142o nam rozszerzy\u0107 dzia\u0142alno\u015b\u0107 na Brazyli\u0119, Hiszpani\u0119, Polsk\u0119, Rosj\u0119, Chiny i Turcj\u0119.<\/p><\/div>\n\t\t\t<\/div>\n\t\t\t<\/div>\n\t\t\t\t\n\t\t\t\t\n\t\t\t\t\n\t\t\t\t\n\t\t\t<\/div>\n\t\t\t\t\n\t\t\t\t\n\t\t\t<\/div><div class=\"et_d4_element et_pb_section et_pb_section_4 et_pb_with_background  et_pb_css_mix_blend_mode et_section_regular et_block_section\" >\n\t\t\t\t\n\t\t\t\t\n\t\t\t\t\n\t\t\t\t\n\t\t\t\t\n\t\t\t\t\n\t\t\t\t<div class=\"et_d4_element et_pb_row et_pb_row_4  et_pb_css_mix_blend_mode et_block_row\">\n\t\t\t\t<div class=\"et_d4_element et_pb_column_1_2 et_pb_column et_pb_column_5  et_pb_css_mix_blend_mode et_block_column\">\n\t\t\t\t\n\t\t\t\t\n\t\t\t\t\n\t\t\t\t\n\t\t\t\t<div class=\"et_pb_module et_d4_element et_pb_text et_pb_text_5  et_pb_text_align_left et_pb_bg_layout_light\">\n\t\t\t\t\n\t\t\t\t\n\t\t\t\t\n\t\t\t\t\n\t\t\t\t<div class=\"et_pb_text_inner\"><h1>Presti\u017c i jako\u015b\u0107<\/h1>\n<p>Zaanga\u017cowanie i determinacja zespo\u0142u wci\u0105\u017c robi\u0105 r\u00f3\u017cnic\u0119. A nasz zesp\u00f3\u0142 \u0142\u0105czy pasja i ch\u0119\u0107 osi\u0105gania ambitnych wynik\u00f3w w projektowaniu i produkcji narz\u0119dzi ceramicznych, zwi\u0119kszaj\u0105c si\u0142\u0119 robocz\u0105 i wzmacniaj\u0105c dzia\u0142 bada\u0144 i rozwoju. <\/p><\/div>\n\t\t\t<\/div>\n\t\t\t<\/div><div class=\"et_d4_element et_pb_column_1_2 et_pb_column et_pb_column_6  et_pb_css_mix_blend_mode et-last-child et_block_column\">\n\t\t\t\t\n\t\t\t\t\n\t\t\t\t\n\t\t\t\t\n\t\t\t\t<div class=\"et_pb_module et_d4_element et_pb_image et_pb_image_1\">\n\t\t\t\t\n\t\t\t\t\n\t\t\t\t\n\t\t\t\t\n\t\t\t\t<span class=\"et_pb_image_wrap \"><img decoding=\"async\" width=\"1920\" height=\"1080\" data-src=\"https:\/\/www.tecnodiamant.it\/wp-content\/uploads\/2021\/10\/Slide-home_2.jpg\" alt=\"\" title=\"Slide home_2\" data-srcset=\"https:\/\/www.tecnodiamant.it\/wp-content\/uploads\/2021\/10\/Slide-home_2.jpg 1920w, https:\/\/www.tecnodiamant.it\/wp-content\/uploads\/2021\/10\/Slide-home_2-1280x720.jpg 1280w, https:\/\/www.tecnodiamant.it\/wp-content\/uploads\/2021\/10\/Slide-home_2-980x551.jpg 980w, https:\/\/www.tecnodiamant.it\/wp-content\/uploads\/2021\/10\/Slide-home_2-480x270.jpg 480w\" data-sizes=\"(min-width: 0px) and (max-width: 480px) 480px, (min-width: 481px) and (max-width: 980px) 980px, (min-width: 981px) and (max-width: 1280px) 1280px, (min-width: 1281px) 1920px, 100vw\" class=\"wp-image-20195 lazyload\" src=\"data:image\/svg+xml;base64,PHN2ZyB3aWR0aD0iMSIgaGVpZ2h0PSIxIiB4bWxucz0iaHR0cDovL3d3dy53My5vcmcvMjAwMC9zdmciPjwvc3ZnPg==\" style=\"--smush-placeholder-width: 1920px; --smush-placeholder-aspect-ratio: 1920\/1080;\" \/><\/span>\n\t\t\t<\/div>\n\t\t\t<\/div>\n\t\t\t\t\n\t\t\t\t\n\t\t\t\t\n\t\t\t\t\n\t\t\t<\/div>\n\t\t\t\t\n\t\t\t\t\n\t\t\t<\/div><div class=\"et_d4_element et_pb_section et_pb_section_5  et_pb_css_mix_blend_mode et_section_regular et_block_section\" >\n\t\t\t\t\n\t\t\t\t\n\t\t\t\t\n\t\t\t\t\n\t\t\t\t\n\t\t\t\t\n\t\t\t\t<div class=\"et_d4_element et_pb_row et_pb_row_5  et_pb_css_mix_blend_mode et_block_row\">\n\t\t\t\t<div class=\"et_d4_element et_pb_column_4_4 et_pb_column et_pb_column_7  et_pb_css_mix_blend_mode et-last-child et_block_column\">\n\t\t\t\t\n\t\t\t\t\n\t\t\t\t\n\t\t\t\t\n\t\t\t\t<div class=\"et_pb_module et_d4_element et_pb_text et_pb_text_6  et_pb_text_align_left et_pb_bg_layout_light\">\n\t\t\t\t\n\t\t\t\t\n\t\t\t\t\n\t\t\t\t\n\t\t\t\t<div class=\"et_pb_text_inner\"><h1>Zdrowie i bezpiecze\u0144stwo<\/h1>\n<p>Bezpieczna produkcja narz\u0119dzi diamentowych wymaga lat bada\u0144 i eksperyment\u00f3w, a dzi\u0119ki naszym wewn\u0119trznym specjalistom jeste\u015bmy w stanie osi\u0105gn\u0105\u0107 wspania\u0142e cele, jednocze\u015bnie wspieraj\u0105c najbardziej wymagaj\u0105cych ekspert\u00f3w, kt\u00f3rzy s\u0105 naszymi klientami. <\/p><\/div>\n\t\t\t<\/div>\n\t\t\t<\/div>\n\t\t\t\t\n\t\t\t\t\n\t\t\t\t\n\t\t\t\t\n\t\t\t<\/div><div class=\"et_d4_element et_pb_row et_pb_row_6  et_pb_css_mix_blend_mode et_block_row\">\n\t\t\t\t<div class=\"et_d4_element et_pb_column_4_4 et_pb_column et_pb_column_8  et_pb_css_mix_blend_mode et-last-child et_block_column\">\n\t\t\t\t\n\t\t\t\t\n\t\t\t\t\n\t\t\t\t\n\t\t\t\t<div class=\"et_pb_module et_d4_element et_pb_text et_pb_text_7  et_pb_text_align_left et_pb_bg_layout_light\">\n\t\t\t\t\n\t\t\t\t\n\t\t\t\t\n\t\t\t\t\n\t\t\t\t<div class=\"et_pb_text_inner\"><h1>Kodeks Etyki - Protok\u00f3\u0142 Zarz\u0105du - Wyci\u0105g M.O.G.<\/h1>\n<p>Aby pobra\u0107 poni\u017csze pliki, wy\u015blij \u017c\u0105danie na adres: amm@tecnodiamant.it<br \/><u><\/u><\/p>\n<p>Kodeks <a href=\"https:\/\/www.tecnodiamant.it\/wp-content\/uploads\/2024\/01\/Codice-Etico_TecnoDiamant.pdf\" rel=\"attachment wp-att-37066\">Etyki bez dodatkowego zdania Kodeks<\/a> <a href=\"https:\/\/www.tecnodiamant.it\/wp-content\/uploads\/2024\/01\/CDA-MOGC_TecnoDiamant.pdf\" rel=\"attachment wp-att-37057\">Etyki_TecnoDiamant<\/a><br \/>Protok\u00f3\u0142 Zarz\u0105du i wyci\u0105g M.O.G CDA-MOGC_TecnoDiamant<\/p><\/div>\n\t\t\t<\/div>\n\t\t\t<\/div>\n\t\t\t\t\n\t\t\t\t\n\t\t\t\t\n\t\t\t\t\n\t\t\t<\/div><div class=\"et_d4_element et_pb_row et_pb_row_7  et_pb_css_mix_blend_mode et_block_row\">\n\t\t\t\t<div class=\"et_d4_element et_pb_column_4_4 et_pb_column et_pb_column_9  et_pb_css_mix_blend_mode et-last-child et_block_column et_pb_column_empty\">\n\t\t\t\t\n\t\t\t\t\n\t\t\t\t\n\t\t\t\t\n\t\t\t\t\n\t\t\t<\/div>\n\t\t\t\t\n\t\t\t\t\n\t\t\t\t\n\t\t\t\t\n\t\t\t<\/div>\n\t\t\t\t\n\t\t\t\t\n\t\t\t<\/div>\n","protected":false},"excerpt":{"rendered":"","protected":false},"author":4,"featured_media":0,"parent":0,"menu_order":0,"comment_status":"closed","ping_status":"closed","template":"","meta":{"_et_pb_use_builder":"on","_et_pb_old_content":"","_et_gb_content_width":"","footnotes":""},"class_list":["post-17899","page","type-page","status-publish","hentry"],"yoast_head":"<!-- This site is optimized with the Yoast SEO Premium plugin v27.3 (Yoast SEO v27.4) - https:\/\/yoast.com\/product\/yoast-seo-premium-wordpress\/ -->\n<title>Firma - Tecno Diamant<\/title>\n<meta name=\"description\" content=\"Tecno Diamant jest wiod\u0105cym producentem i dystrybutorem narz\u0119dzi diamentowych do obr\u00f3bki porcelany, kamienia naturalnego i marmuru.\" \/>\n<meta name=\"robots\" content=\"index, follow, max-snippet:-1, max-image-preview:large, max-video-preview:-1\" \/>\n<link rel=\"canonical\" href=\"https:\/\/www.tecnodiamant.it\/pl\/o-nas\/\" \/>\n<meta property=\"og:locale\" content=\"pl_PL\" \/>\n<meta property=\"og:type\" content=\"article\" \/>\n<meta property=\"og:title\" content=\"Firma\" \/>\n<meta property=\"og:description\" content=\"Tecno Diamant jest wiod\u0105cym producentem i dystrybutorem narz\u0119dzi diamentowych do obr\u00f3bki porcelany, kamienia naturalnego i marmuru.\" \/>\n<meta property=\"og:url\" content=\"https:\/\/www.tecnodiamant.it\/pl\/o-nas\/\" \/>\n<meta property=\"og:site_name\" content=\"Tecno Diamant\" \/>\n<meta property=\"article:publisher\" content=\"https:\/\/www.facebook.com\/tecnodiamantsrl\" \/>\n<meta property=\"article:modified_time\" content=\"2025-07-31T08:09:10+00:00\" \/>\n<meta property=\"og:image\" content=\"https:\/\/www.tecnodiamant.it\/wp-content\/uploads\/2022\/01\/cropped-Senza-titolo-2.jpg\" \/>\n\t<meta property=\"og:image:width\" content=\"512\" \/>\n\t<meta property=\"og:image:height\" content=\"512\" \/>\n\t<meta property=\"og:image:type\" content=\"image\/jpeg\" \/>\n<meta name=\"twitter:card\" content=\"summary_large_image\" \/>\n<script type=\"application\/ld+json\" class=\"yoast-schema-graph\">{\"@context\":\"https:\\\/\\\/schema.org\",\"@graph\":[{\"@type\":\"WebPage\",\"@id\":\"https:\\\/\\\/www.tecnodiamant.it\\\/pl\\\/o-nas\\\/\",\"url\":\"https:\\\/\\\/www.tecnodiamant.it\\\/pl\\\/o-nas\\\/\",\"name\":\"Firma - Tecno Diamant\",\"isPartOf\":{\"@id\":\"https:\\\/\\\/www.tecnodiamant.it\\\/ru\\\/#website\"},\"datePublished\":\"2021-07-28T14:38:21+00:00\",\"dateModified\":\"2025-07-31T08:09:10+00:00\",\"description\":\"Tecno Diamant jest wiod\u0105cym producentem i dystrybutorem narz\u0119dzi diamentowych do obr\u00f3bki porcelany, kamienia naturalnego i marmuru.\",\"breadcrumb\":{\"@id\":\"https:\\\/\\\/www.tecnodiamant.it\\\/pl\\\/o-nas\\\/#breadcrumb\"},\"inLanguage\":\"pl-PL\",\"potentialAction\":[{\"@type\":\"ReadAction\",\"target\":[\"https:\\\/\\\/www.tecnodiamant.it\\\/pl\\\/o-nas\\\/\"]}]},{\"@type\":\"BreadcrumbList\",\"@id\":\"https:\\\/\\\/www.tecnodiamant.it\\\/pl\\\/o-nas\\\/#breadcrumb\",\"itemListElement\":[{\"@type\":\"ListItem\",\"position\":1,\"name\":\"Home\",\"item\":\"https:\\\/\\\/www.tecnodiamant.it\\\/pl\\\/home-2\\\/\"},{\"@type\":\"ListItem\",\"position\":2,\"name\":\"Firma\"}]},{\"@type\":\"WebSite\",\"@id\":\"https:\\\/\\\/www.tecnodiamant.it\\\/ru\\\/#website\",\"url\":\"https:\\\/\\\/www.tecnodiamant.it\\\/ru\\\/\",\"name\":\"Tecno Diamant\",\"description\":\"Diamanti Industriali\",\"publisher\":{\"@id\":\"https:\\\/\\\/www.tecnodiamant.it\\\/ru\\\/#organization\"},\"potentialAction\":[{\"@type\":\"SearchAction\",\"target\":{\"@type\":\"EntryPoint\",\"urlTemplate\":\"https:\\\/\\\/www.tecnodiamant.it\\\/ru\\\/?s={search_term_string}\"},\"query-input\":{\"@type\":\"PropertyValueSpecification\",\"valueRequired\":true,\"valueName\":\"search_term_string\"}}],\"inLanguage\":\"pl-PL\"},{\"@type\":\"Organization\",\"@id\":\"https:\\\/\\\/www.tecnodiamant.it\\\/ru\\\/#organization\",\"name\":\"Tecno Diamant Srl\",\"url\":\"https:\\\/\\\/www.tecnodiamant.it\\\/ru\\\/\",\"logo\":{\"@type\":\"ImageObject\",\"inLanguage\":\"pl-PL\",\"@id\":\"https:\\\/\\\/www.tecnodiamant.it\\\/ru\\\/#\\\/schema\\\/logo\\\/image\\\/\",\"url\":\"https:\\\/\\\/www.tecnodiamant.it\\\/wp-content\\\/uploads\\\/2022\\\/01\\\/Senza-titolo-2.jpg\",\"contentUrl\":\"https:\\\/\\\/www.tecnodiamant.it\\\/wp-content\\\/uploads\\\/2022\\\/01\\\/Senza-titolo-2.jpg\",\"width\":1200,\"height\":1200,\"caption\":\"Tecno Diamant Srl\"},\"image\":{\"@id\":\"https:\\\/\\\/www.tecnodiamant.it\\\/ru\\\/#\\\/schema\\\/logo\\\/image\\\/\"},\"sameAs\":[\"https:\\\/\\\/www.facebook.com\\\/tecnodiamantsrl\",\"https:\\\/\\\/www.instagram.com\\\/tecnodiamant\\\/\",\"https:\\\/\\\/www.linkedin.com\\\/company\\\/tecnodiamant\",\"https:\\\/\\\/www.youtube.com\\\/watch?v=h-91_36K27g\"],\"description\":\"Tecno Diamant \u2013 Diamanti Industriali \u00e8 un\u2019azienda leader nella produzione e distribuzione di utensili diamantati per gres porcellanato, monocottura, pietre naturali, marmi e graniti. Nata nel 1995 e con sede a Formigine, \u00e8 stata scelta da prestigiose realt\u00e0 ceramiche come partner nelle operazioni di Taglio, Rettifica, Levigatura, Bisellatura, Squadratura e Lappatura. Siamo specializzati nella produzione e vendita di utensili \u201csu misura\u201d, in grado di anticipare le esigenze di mercato e rispondere esattamente alla richiesta del Cliente, privilegiando l\u2019aspetto legato alla salute e al benessere nel rispetto dell\u2019ambiente e di tutta la societ\u00e0. Crediamo molto nella ricerca, nella tecnologia e nell\u2019innovazione che sono anche le caratteristiche che ci rappresentano.\",\"email\":\"info@tecnodiamant.it\",\"telephone\":\"059 215 4420\",\"legalName\":\"Tecno Diamant Srl\",\"vatID\":\"02301500365\",\"taxID\":\"02301500365\",\"numberOfEmployees\":{\"@type\":\"QuantitativeValue\",\"minValue\":\"51\",\"maxValue\":\"200\"}}]}<\/script>\n<!-- \/ Yoast SEO Premium plugin. -->","yoast_head_json":{"title":"Firma - Tecno Diamant","description":"Tecno Diamant jest wiod\u0105cym producentem i dystrybutorem narz\u0119dzi diamentowych do obr\u00f3bki porcelany, kamienia naturalnego i marmuru.","robots":{"index":"index","follow":"follow","max-snippet":"max-snippet:-1","max-image-preview":"max-image-preview:large","max-video-preview":"max-video-preview:-1"},"canonical":"https:\/\/www.tecnodiamant.it\/pl\/o-nas\/","og_locale":"pl_PL","og_type":"article","og_title":"Firma","og_description":"Tecno Diamant jest wiod\u0105cym producentem i dystrybutorem narz\u0119dzi diamentowych do obr\u00f3bki porcelany, kamienia naturalnego i marmuru.","og_url":"https:\/\/www.tecnodiamant.it\/pl\/o-nas\/","og_site_name":"Tecno Diamant","article_publisher":"https:\/\/www.facebook.com\/tecnodiamantsrl","article_modified_time":"2025-07-31T08:09:10+00:00","og_image":[{"width":512,"height":512,"url":"https:\/\/www.tecnodiamant.it\/wp-content\/uploads\/2022\/01\/cropped-Senza-titolo-2.jpg","type":"image\/jpeg"}],"twitter_card":"summary_large_image","schema":{"@context":"https:\/\/schema.org","@graph":[{"@type":"WebPage","@id":"https:\/\/www.tecnodiamant.it\/pl\/o-nas\/","url":"https:\/\/www.tecnodiamant.it\/pl\/o-nas\/","name":"Firma - Tecno Diamant","isPartOf":{"@id":"https:\/\/www.tecnodiamant.it\/ru\/#website"},"datePublished":"2021-07-28T14:38:21+00:00","dateModified":"2025-07-31T08:09:10+00:00","description":"Tecno Diamant jest wiod\u0105cym producentem i dystrybutorem narz\u0119dzi diamentowych do obr\u00f3bki porcelany, kamienia naturalnego i marmuru.","breadcrumb":{"@id":"https:\/\/www.tecnodiamant.it\/pl\/o-nas\/#breadcrumb"},"inLanguage":"pl-PL","potentialAction":[{"@type":"ReadAction","target":["https:\/\/www.tecnodiamant.it\/pl\/o-nas\/"]}]},{"@type":"BreadcrumbList","@id":"https:\/\/www.tecnodiamant.it\/pl\/o-nas\/#breadcrumb","itemListElement":[{"@type":"ListItem","position":1,"name":"Home","item":"https:\/\/www.tecnodiamant.it\/pl\/home-2\/"},{"@type":"ListItem","position":2,"name":"Firma"}]},{"@type":"WebSite","@id":"https:\/\/www.tecnodiamant.it\/ru\/#website","url":"https:\/\/www.tecnodiamant.it\/ru\/","name":"Tecno Diamant","description":"Diamanti Industriali","publisher":{"@id":"https:\/\/www.tecnodiamant.it\/ru\/#organization"},"potentialAction":[{"@type":"SearchAction","target":{"@type":"EntryPoint","urlTemplate":"https:\/\/www.tecnodiamant.it\/ru\/?s={search_term_string}"},"query-input":{"@type":"PropertyValueSpecification","valueRequired":true,"valueName":"search_term_string"}}],"inLanguage":"pl-PL"},{"@type":"Organization","@id":"https:\/\/www.tecnodiamant.it\/ru\/#organization","name":"Tecno Diamant Srl","url":"https:\/\/www.tecnodiamant.it\/ru\/","logo":{"@type":"ImageObject","inLanguage":"pl-PL","@id":"https:\/\/www.tecnodiamant.it\/ru\/#\/schema\/logo\/image\/","url":"https:\/\/www.tecnodiamant.it\/wp-content\/uploads\/2022\/01\/Senza-titolo-2.jpg","contentUrl":"https:\/\/www.tecnodiamant.it\/wp-content\/uploads\/2022\/01\/Senza-titolo-2.jpg","width":1200,"height":1200,"caption":"Tecno Diamant Srl"},"image":{"@id":"https:\/\/www.tecnodiamant.it\/ru\/#\/schema\/logo\/image\/"},"sameAs":["https:\/\/www.facebook.com\/tecnodiamantsrl","https:\/\/www.instagram.com\/tecnodiamant\/","https:\/\/www.linkedin.com\/company\/tecnodiamant","https:\/\/www.youtube.com\/watch?v=h-91_36K27g"],"description":"Tecno Diamant \u2013 Diamanti Industriali \u00e8 un\u2019azienda leader nella produzione e distribuzione di utensili diamantati per gres porcellanato, monocottura, pietre naturali, marmi e graniti. Nata nel 1995 e con sede a Formigine, \u00e8 stata scelta da prestigiose realt\u00e0 ceramiche come partner nelle operazioni di Taglio, Rettifica, Levigatura, Bisellatura, Squadratura e Lappatura. Siamo specializzati nella produzione e vendita di utensili \u201csu misura\u201d, in grado di anticipare le esigenze di mercato e rispondere esattamente alla richiesta del Cliente, privilegiando l\u2019aspetto legato alla salute e al benessere nel rispetto dell\u2019ambiente e di tutta la societ\u00e0. Crediamo molto nella ricerca, nella tecnologia e nell\u2019innovazione che sono anche le caratteristiche che ci rappresentano.","email":"info@tecnodiamant.it","telephone":"059 215 4420","legalName":"Tecno Diamant Srl","vatID":"02301500365","taxID":"02301500365","numberOfEmployees":{"@type":"QuantitativeValue","minValue":"51","maxValue":"200"}}]}},"_links":{"self":[{"href":"https:\/\/www.tecnodiamant.it\/pl\/wp-json\/wp\/v2\/pages\/17899","targetHints":{"allow":["GET"]}}],"collection":[{"href":"https:\/\/www.tecnodiamant.it\/pl\/wp-json\/wp\/v2\/pages"}],"about":[{"href":"https:\/\/www.tecnodiamant.it\/pl\/wp-json\/wp\/v2\/types\/page"}],"author":[{"embeddable":true,"href":"https:\/\/www.tecnodiamant.it\/pl\/wp-json\/wp\/v2\/users\/4"}],"replies":[{"embeddable":true,"href":"https:\/\/www.tecnodiamant.it\/pl\/wp-json\/wp\/v2\/comments?post=17899"}],"version-history":[{"count":16,"href":"https:\/\/www.tecnodiamant.it\/pl\/wp-json\/wp\/v2\/pages\/17899\/revisions"}],"predecessor-version":[{"id":44814,"href":"https:\/\/www.tecnodiamant.it\/pl\/wp-json\/wp\/v2\/pages\/17899\/revisions\/44814"}],"wp:attachment":[{"href":"https:\/\/www.tecnodiamant.it\/pl\/wp-json\/wp\/v2\/media?parent=17899"}],"curies":[{"name":"wp","href":"https:\/\/api.w.org\/{rel}","templated":true}]}}