{"id":11628,"date":"2014-09-19T11:40:06","date_gmt":"2014-09-19T09:40:06","guid":{"rendered":"https:\/\/www.tecnodiamant.it\/?page_id=11628"},"modified":"2014-09-19T11:40:06","modified_gmt":"2014-09-19T09:40:06","slug":"equipe","status":"publish","type":"page","link":"https:\/\/www.tecnodiamant.it\/pt-br\/equipe\/","title":{"rendered":"Equipe"},"content":{"rendered":"<h3 style=\"text-align: center;\">ID\u00c9IAS E GARANTIA <strong>ITALIANAS<\/strong><\/h3>\n<p><strong>TECNO DIAMANT,<\/strong> Hoje conta com uma equipe de 59 colaboradores, unidos por id\u00e9ias e valores compartilhados, diariamente envolvidos na produ\u00e7\u00e3o e distribui\u00e7\u00e3o de ferramentas diamantadas, em todo o mundo, para a ind\u00fastria cer\u00e2mica e pedra natural.<\/p>\n<p>A Inova\u00e7\u00e3o, al\u00e9m de ser uma caracter\u00edstica distintiva da empresa, \u00e9 a garantia de que <strong>TECNO DIAMANT<\/strong> oferece aos seus clientes, produtos inimit\u00e1veis em sua originalidade e efic\u00e1cia, rigorosamente italianos.<\/p>\n<p>Dentro da empresa, a aten\u00e7\u00e3o aos detalhes \u00e9 combinado com a capacidade de entender as necessidades do cliente em uma estrutura organizada com um laborat\u00f3rio de pesquisa em constante evolu\u00e7\u00e3o, capaz de responder rapidamente ao desenvolvimento da tecnologia cer\u00e2mica.<\/p>\n<p>A expans\u00e3o da empresa em todo o mundo \u00e9 o resultado de um longo processo de investiga\u00e7\u00e3o, concep\u00e7\u00e3o e cria\u00e7\u00e3o de ferramentas para corte, retifica e calibra\u00e7\u00e3o, projetado de acordo com os requisitos de utiliza\u00e7\u00e3o espec\u00edficas dos clientes.<\/p>\n<p>&nbsp;<\/p>\n<h3 style=\"text-align: center;\">SA\u00daDE E SEGURAN\u00c7A<\/h3>\n<p>Por tr\u00e1s de cada ferramenta diamantada produzida pela TECNO DIAMANT h\u00e1 anos de pesquisa e experimenta\u00e7\u00e3o realizados por profissionais da empresa acompanhados pelos peritos mais exigentes: os clientes.<\/p>\n<p><strong>TECNO DIAMANT<\/strong> cria ferramentas &#8220;feito \u00e0 medida&#8221;, capaz de antecipar as necessidades do mercado e responder exatamente ao pedido do cliente, favorecendo os aspectos relacionados \u00e0 sa\u00fade do usu\u00e1rio. <\/p>\n<p>Em primeiro lugar, produzindo ferramentas silenciadas,  reduzindo consideravelmente o decibel (dB) por elas gerados durante o trabalho, tornando o impacto do ru\u00eddo mais toler\u00e1vel pelos usu\u00e1rios; tanto para discos quanto para molas, <strong>TECNO DIAMANT<\/strong> produz ferramentas ecol\u00f3gicas, sem cobre, cobalto e n\u00edquel, reduzindo significativamente a polui\u00e7\u00e3o ambiental;<\/p>\n<p>A avalia\u00e7\u00e3o dos riscos no local de trabalho, a aten\u00e7\u00e3o para o impacto ac\u00fastico e o investimento parae cuidar da sa\u00fade dos operadores \u00e9 um compromisso di\u00e1rio com o objectivo de salvaguardar os verdadeiros protagonistas do crescimento do neg\u00f3cio de <strong>TECNO DIAMANT<\/strong>: as pessoas.<\/p>\n","protected":false},"excerpt":{"rendered":"<p>ID\u00c9IAS E GARANTIA ITALIANAS TECNO DIAMANT, Hoje conta com uma equipe de 59 colaboradores, unidos por id\u00e9ias e valores compartilhados, diariamente envolvidos na produ\u00e7\u00e3o e distribui\u00e7\u00e3o de ferramentas diamantadas, em todo o mundo, para a ind\u00fastria cer\u00e2mica e pedra natural. A Inova\u00e7\u00e3o, al\u00e9m de ser uma caracter\u00edstica distintiva da empresa, \u00e9 a garantia de que [&hellip;]<\/p>\n","protected":false},"author":3,"featured_media":11272,"parent":0,"menu_order":0,"comment_status":"closed","ping_status":"closed","template":"","meta":{"footnotes":""},"class_list":["post-11628","page","type-page","status-publish","has-post-thumbnail","hentry"],"yoast_head":"<!-- This site is optimized with the Yoast SEO Premium plugin v27.3 (Yoast SEO v27.4) - https:\/\/yoast.com\/product\/yoast-seo-premium-wordpress\/ -->\n<title>Equipe - Tecno Diamant<\/title>\n<meta name=\"robots\" content=\"index, follow, max-snippet:-1, max-image-preview:large, max-video-preview:-1\" \/>\n<link rel=\"canonical\" href=\"https:\/\/www.tecnodiamant.it\/pt-br\/equipe\/\" \/>\n<meta property=\"og:locale\" content=\"pt_BR\" \/>\n<meta property=\"og:type\" content=\"article\" \/>\n<meta property=\"og:title\" content=\"Equipe\" \/>\n<meta property=\"og:description\" content=\"ID\u00c9IAS E GARANTIA ITALIANAS TECNO DIAMANT, Hoje conta com uma equipe de 59 colaboradores, unidos por id\u00e9ias e valores compartilhados, diariamente envolvidos na produ\u00e7\u00e3o e distribui\u00e7\u00e3o de ferramentas diamantadas, em todo o mundo, para a ind\u00fastria cer\u00e2mica e pedra natural. A Inova\u00e7\u00e3o, al\u00e9m de ser uma caracter\u00edstica distintiva da empresa, \u00e9 a garantia de que [&hellip;]\" \/>\n<meta property=\"og:url\" content=\"https:\/\/www.tecnodiamant.it\/pt-br\/equipe\/\" \/>\n<meta property=\"og:site_name\" content=\"Tecno Diamant\" \/>\n<meta property=\"article:publisher\" content=\"https:\/\/www.facebook.com\/tecnodiamantsrl\" \/>\n<meta property=\"og:image\" content=\"https:\/\/www.tecnodiamant.it\/wp-content\/uploads\/2014\/07\/td-parallax-2.jpg\" \/>\n\t<meta property=\"og:image:width\" content=\"1920\" \/>\n\t<meta property=\"og:image:height\" content=\"754\" \/>\n\t<meta property=\"og:image:type\" content=\"image\/jpeg\" \/>\n<meta name=\"twitter:card\" content=\"summary_large_image\" \/>\n<script type=\"application\/ld+json\" class=\"yoast-schema-graph\">{\"@context\":\"https:\\\/\\\/schema.org\",\"@graph\":[{\"@type\":\"WebPage\",\"@id\":\"https:\\\/\\\/www.tecnodiamant.it\\\/pt-br\\\/equipe\\\/\",\"url\":\"https:\\\/\\\/www.tecnodiamant.it\\\/pt-br\\\/equipe\\\/\",\"name\":\"Equipe - Tecno Diamant\",\"isPartOf\":{\"@id\":\"https:\\\/\\\/www.tecnodiamant.it\\\/ru\\\/#website\"},\"primaryImageOfPage\":{\"@id\":\"https:\\\/\\\/www.tecnodiamant.it\\\/pt-br\\\/equipe\\\/#primaryimage\"},\"image\":{\"@id\":\"https:\\\/\\\/www.tecnodiamant.it\\\/pt-br\\\/equipe\\\/#primaryimage\"},\"thumbnailUrl\":\"https:\\\/\\\/www.tecnodiamant.it\\\/wp-content\\\/uploads\\\/2014\\\/07\\\/td-parallax-2.jpg\",\"datePublished\":\"2014-09-19T09:40:06+00:00\",\"breadcrumb\":{\"@id\":\"https:\\\/\\\/www.tecnodiamant.it\\\/pt-br\\\/equipe\\\/#breadcrumb\"},\"inLanguage\":\"pt-BR\",\"potentialAction\":[{\"@type\":\"ReadAction\",\"target\":[\"https:\\\/\\\/www.tecnodiamant.it\\\/pt-br\\\/equipe\\\/\"]}]},{\"@type\":\"ImageObject\",\"inLanguage\":\"pt-BR\",\"@id\":\"https:\\\/\\\/www.tecnodiamant.it\\\/pt-br\\\/equipe\\\/#primaryimage\",\"url\":\"https:\\\/\\\/www.tecnodiamant.it\\\/wp-content\\\/uploads\\\/2014\\\/07\\\/td-parallax-2.jpg\",\"contentUrl\":\"https:\\\/\\\/www.tecnodiamant.it\\\/wp-content\\\/uploads\\\/2014\\\/07\\\/td-parallax-2.jpg\",\"width\":1920,\"height\":754},{\"@type\":\"BreadcrumbList\",\"@id\":\"https:\\\/\\\/www.tecnodiamant.it\\\/pt-br\\\/equipe\\\/#breadcrumb\",\"itemListElement\":[{\"@type\":\"ListItem\",\"position\":1,\"name\":\"Home\",\"item\":\"https:\\\/\\\/www.tecnodiamant.it\\\/pt-br\\\/home-2\\\/\"},{\"@type\":\"ListItem\",\"position\":2,\"name\":\"Equipe\"}]},{\"@type\":\"WebSite\",\"@id\":\"https:\\\/\\\/www.tecnodiamant.it\\\/ru\\\/#website\",\"url\":\"https:\\\/\\\/www.tecnodiamant.it\\\/ru\\\/\",\"name\":\"Tecno Diamant\",\"description\":\"Diamanti Industriali\",\"publisher\":{\"@id\":\"https:\\\/\\\/www.tecnodiamant.it\\\/ru\\\/#organization\"},\"potentialAction\":[{\"@type\":\"SearchAction\",\"target\":{\"@type\":\"EntryPoint\",\"urlTemplate\":\"https:\\\/\\\/www.tecnodiamant.it\\\/ru\\\/?s={search_term_string}\"},\"query-input\":{\"@type\":\"PropertyValueSpecification\",\"valueRequired\":true,\"valueName\":\"search_term_string\"}}],\"inLanguage\":\"pt-BR\"},{\"@type\":\"Organization\",\"@id\":\"https:\\\/\\\/www.tecnodiamant.it\\\/ru\\\/#organization\",\"name\":\"Tecno Diamant Srl\",\"url\":\"https:\\\/\\\/www.tecnodiamant.it\\\/ru\\\/\",\"logo\":{\"@type\":\"ImageObject\",\"inLanguage\":\"pt-BR\",\"@id\":\"https:\\\/\\\/www.tecnodiamant.it\\\/ru\\\/#\\\/schema\\\/logo\\\/image\\\/\",\"url\":\"https:\\\/\\\/www.tecnodiamant.it\\\/wp-content\\\/uploads\\\/2022\\\/01\\\/Senza-titolo-2.jpg\",\"contentUrl\":\"https:\\\/\\\/www.tecnodiamant.it\\\/wp-content\\\/uploads\\\/2022\\\/01\\\/Senza-titolo-2.jpg\",\"width\":1200,\"height\":1200,\"caption\":\"Tecno Diamant Srl\"},\"image\":{\"@id\":\"https:\\\/\\\/www.tecnodiamant.it\\\/ru\\\/#\\\/schema\\\/logo\\\/image\\\/\"},\"sameAs\":[\"https:\\\/\\\/www.facebook.com\\\/tecnodiamantsrl\",\"https:\\\/\\\/www.instagram.com\\\/tecnodiamant\\\/\",\"https:\\\/\\\/www.linkedin.com\\\/company\\\/tecnodiamant\",\"https:\\\/\\\/www.youtube.com\\\/watch?v=h-91_36K27g\"],\"description\":\"Tecno Diamant \u2013 Diamanti Industriali \u00e8 un\u2019azienda leader nella produzione e distribuzione di utensili diamantati per gres porcellanato, monocottura, pietre naturali, marmi e graniti. Nata nel 1995 e con sede a Formigine, \u00e8 stata scelta da prestigiose realt\u00e0 ceramiche come partner nelle operazioni di Taglio, Rettifica, Levigatura, Bisellatura, Squadratura e Lappatura. Siamo specializzati nella produzione e vendita di utensili \u201csu misura\u201d, in grado di anticipare le esigenze di mercato e rispondere esattamente alla richiesta del Cliente, privilegiando l\u2019aspetto legato alla salute e al benessere nel rispetto dell\u2019ambiente e di tutta la societ\u00e0. Crediamo molto nella ricerca, nella tecnologia e nell\u2019innovazione che sono anche le caratteristiche che ci rappresentano.\",\"email\":\"info@tecnodiamant.it\",\"telephone\":\"059 215 4420\",\"legalName\":\"Tecno Diamant Srl\",\"vatID\":\"02301500365\",\"taxID\":\"02301500365\",\"numberOfEmployees\":{\"@type\":\"QuantitativeValue\",\"minValue\":\"51\",\"maxValue\":\"200\"}}]}<\/script>\n<!-- \/ Yoast SEO Premium plugin. -->","yoast_head_json":{"title":"Equipe - Tecno Diamant","robots":{"index":"index","follow":"follow","max-snippet":"max-snippet:-1","max-image-preview":"max-image-preview:large","max-video-preview":"max-video-preview:-1"},"canonical":"https:\/\/www.tecnodiamant.it\/pt-br\/equipe\/","og_locale":"pt_BR","og_type":"article","og_title":"Equipe","og_description":"ID\u00c9IAS E GARANTIA ITALIANAS TECNO DIAMANT, Hoje conta com uma equipe de 59 colaboradores, unidos por id\u00e9ias e valores compartilhados, diariamente envolvidos na produ\u00e7\u00e3o e distribui\u00e7\u00e3o de ferramentas diamantadas, em todo o mundo, para a ind\u00fastria cer\u00e2mica e pedra natural. A Inova\u00e7\u00e3o, al\u00e9m de ser uma caracter\u00edstica distintiva da empresa, \u00e9 a garantia de que [&hellip;]","og_url":"https:\/\/www.tecnodiamant.it\/pt-br\/equipe\/","og_site_name":"Tecno Diamant","article_publisher":"https:\/\/www.facebook.com\/tecnodiamantsrl","og_image":[{"width":1920,"height":754,"url":"https:\/\/www.tecnodiamant.it\/wp-content\/uploads\/2014\/07\/td-parallax-2.jpg","type":"image\/jpeg"}],"twitter_card":"summary_large_image","schema":{"@context":"https:\/\/schema.org","@graph":[{"@type":"WebPage","@id":"https:\/\/www.tecnodiamant.it\/pt-br\/equipe\/","url":"https:\/\/www.tecnodiamant.it\/pt-br\/equipe\/","name":"Equipe - Tecno Diamant","isPartOf":{"@id":"https:\/\/www.tecnodiamant.it\/ru\/#website"},"primaryImageOfPage":{"@id":"https:\/\/www.tecnodiamant.it\/pt-br\/equipe\/#primaryimage"},"image":{"@id":"https:\/\/www.tecnodiamant.it\/pt-br\/equipe\/#primaryimage"},"thumbnailUrl":"https:\/\/www.tecnodiamant.it\/wp-content\/uploads\/2014\/07\/td-parallax-2.jpg","datePublished":"2014-09-19T09:40:06+00:00","breadcrumb":{"@id":"https:\/\/www.tecnodiamant.it\/pt-br\/equipe\/#breadcrumb"},"inLanguage":"pt-BR","potentialAction":[{"@type":"ReadAction","target":["https:\/\/www.tecnodiamant.it\/pt-br\/equipe\/"]}]},{"@type":"ImageObject","inLanguage":"pt-BR","@id":"https:\/\/www.tecnodiamant.it\/pt-br\/equipe\/#primaryimage","url":"https:\/\/www.tecnodiamant.it\/wp-content\/uploads\/2014\/07\/td-parallax-2.jpg","contentUrl":"https:\/\/www.tecnodiamant.it\/wp-content\/uploads\/2014\/07\/td-parallax-2.jpg","width":1920,"height":754},{"@type":"BreadcrumbList","@id":"https:\/\/www.tecnodiamant.it\/pt-br\/equipe\/#breadcrumb","itemListElement":[{"@type":"ListItem","position":1,"name":"Home","item":"https:\/\/www.tecnodiamant.it\/pt-br\/home-2\/"},{"@type":"ListItem","position":2,"name":"Equipe"}]},{"@type":"WebSite","@id":"https:\/\/www.tecnodiamant.it\/ru\/#website","url":"https:\/\/www.tecnodiamant.it\/ru\/","name":"Tecno Diamant","description":"Diamanti Industriali","publisher":{"@id":"https:\/\/www.tecnodiamant.it\/ru\/#organization"},"potentialAction":[{"@type":"SearchAction","target":{"@type":"EntryPoint","urlTemplate":"https:\/\/www.tecnodiamant.it\/ru\/?s={search_term_string}"},"query-input":{"@type":"PropertyValueSpecification","valueRequired":true,"valueName":"search_term_string"}}],"inLanguage":"pt-BR"},{"@type":"Organization","@id":"https:\/\/www.tecnodiamant.it\/ru\/#organization","name":"Tecno Diamant Srl","url":"https:\/\/www.tecnodiamant.it\/ru\/","logo":{"@type":"ImageObject","inLanguage":"pt-BR","@id":"https:\/\/www.tecnodiamant.it\/ru\/#\/schema\/logo\/image\/","url":"https:\/\/www.tecnodiamant.it\/wp-content\/uploads\/2022\/01\/Senza-titolo-2.jpg","contentUrl":"https:\/\/www.tecnodiamant.it\/wp-content\/uploads\/2022\/01\/Senza-titolo-2.jpg","width":1200,"height":1200,"caption":"Tecno Diamant Srl"},"image":{"@id":"https:\/\/www.tecnodiamant.it\/ru\/#\/schema\/logo\/image\/"},"sameAs":["https:\/\/www.facebook.com\/tecnodiamantsrl","https:\/\/www.instagram.com\/tecnodiamant\/","https:\/\/www.linkedin.com\/company\/tecnodiamant","https:\/\/www.youtube.com\/watch?v=h-91_36K27g"],"description":"Tecno Diamant \u2013 Diamanti Industriali \u00e8 un\u2019azienda leader nella produzione e distribuzione di utensili diamantati per gres porcellanato, monocottura, pietre naturali, marmi e graniti. Nata nel 1995 e con sede a Formigine, \u00e8 stata scelta da prestigiose realt\u00e0 ceramiche come partner nelle operazioni di Taglio, Rettifica, Levigatura, Bisellatura, Squadratura e Lappatura. Siamo specializzati nella produzione e vendita di utensili \u201csu misura\u201d, in grado di anticipare le esigenze di mercato e rispondere esattamente alla richiesta del Cliente, privilegiando l\u2019aspetto legato alla salute e al benessere nel rispetto dell\u2019ambiente e di tutta la societ\u00e0. Crediamo molto nella ricerca, nella tecnologia e nell\u2019innovazione che sono anche le caratteristiche che ci rappresentano.","email":"info@tecnodiamant.it","telephone":"059 215 4420","legalName":"Tecno Diamant Srl","vatID":"02301500365","taxID":"02301500365","numberOfEmployees":{"@type":"QuantitativeValue","minValue":"51","maxValue":"200"}}]}},"_links":{"self":[{"href":"https:\/\/www.tecnodiamant.it\/pt-br\/wp-json\/wp\/v2\/pages\/11628","targetHints":{"allow":["GET"]}}],"collection":[{"href":"https:\/\/www.tecnodiamant.it\/pt-br\/wp-json\/wp\/v2\/pages"}],"about":[{"href":"https:\/\/www.tecnodiamant.it\/pt-br\/wp-json\/wp\/v2\/types\/page"}],"author":[{"embeddable":true,"href":"https:\/\/www.tecnodiamant.it\/pt-br\/wp-json\/wp\/v2\/users\/3"}],"replies":[{"embeddable":true,"href":"https:\/\/www.tecnodiamant.it\/pt-br\/wp-json\/wp\/v2\/comments?post=11628"}],"version-history":[{"count":1,"href":"https:\/\/www.tecnodiamant.it\/pt-br\/wp-json\/wp\/v2\/pages\/11628\/revisions"}],"predecessor-version":[{"id":11635,"href":"https:\/\/www.tecnodiamant.it\/pt-br\/wp-json\/wp\/v2\/pages\/11628\/revisions\/11635"}],"wp:featuredmedia":[{"embeddable":true,"href":"https:\/\/www.tecnodiamant.it\/pt-br\/wp-json\/wp\/v2\/media\/11272"}],"wp:attachment":[{"href":"https:\/\/www.tecnodiamant.it\/pt-br\/wp-json\/wp\/v2\/media?parent=11628"}],"curies":[{"name":"wp","href":"https:\/\/api.w.org\/{rel}","templated":true}]}}