{"id":12129,"date":"2015-06-11T18:12:43","date_gmt":"2015-06-11T16:12:43","guid":{"rendered":"https:\/\/www.tecnodiamant.it\/?page_id=12129"},"modified":"2015-06-19T11:54:41","modified_gmt":"2015-06-19T09:54:41","slug":"politica-de-privacidade","status":"publish","type":"page","link":"https:\/\/www.tecnodiamant.it\/pt-br\/politica-de-privacidade\/","title":{"rendered":"Pol\u00edtica de Privacidade"},"content":{"rendered":"<h2 style=\"text-align: center;\"><strong>POL\u00cdTICA DE PRIVACIDADE<br \/>\nDe acordo com art. 13 Decreto Legislativo. 30\/06\/2003 n. 196<br \/>\n(CODIGO relativo \u00e0 prote\u00e7\u00e3o dos dados pessoais)<\/strong><\/h2>\n<p>Nos termos e para os efeitos do decreto acima mencionado, TECNO DIAMANT srl Ele informa os visitantes do site que os seus dados pessoais (&#8220;Dados&#8221;) ser\u00e1 tratado como se segue:<\/p>\n<p>O recolhimento e tratamento dos dados s\u00e3o processados \u200b\u200bpor TECNO DIAMANT srl para fins de:<\/p>\n<ul>\n<li>Marketing e publicidade;<\/li>\n<li>Invio de material informativo \/ ou promocional tamb\u00e9m enviar por e-mail;<\/li>\n<li>rastreamento da navega\u00e7\u00e3o on-line e an\u00e1lise estat\u00edstica e de marketing;<\/li>\n<li>avalia\u00e7\u00e3o da satisfa\u00e7\u00e3o do cliente;<\/li>\n<li>Outros<\/li>\n<\/ul>\n<p>O processamento dos dados ser\u00e1 realizada usando tanto automatizada e n\u00e3o automatizada, utilizando sistemas de protec\u00e7\u00e3o que garantem a confidencialidade. Os dados ser\u00e3o processados \u200b\u200bpor funcion\u00e1rios da TECNO DIAMANT srl, ou por profissionais e empresas especialmente encarregadas da realiza\u00e7\u00e3o do controle, e equipe instrumental e \/ ou auxiliar para a execu\u00e7\u00e3o dos fornecimentos ou servi\u00e7os TECNO DIAMANT srl.<\/p>\n<p>A confer\u00eancia dos dados \u00e9 opcional: a recusa n\u00e3o torna imposs\u00edvel, por TECNO DIAMANT s.r.l., oferecer os seus servi\u00e7os e o proprio fornecimento.<\/p>\n<p>As informa\u00e7\u00f5es pessoais coletadas pela\u00a0TECNO DIAMANT s.r.l. Ser\u00e3o comunicadas aos org\u00e3os p\u00fablicos competentes apenas para o cumprimento das obriga\u00e7\u00f5es fiscais e tributarias ligadas ao exercicio da atividade de imprensa.<\/p>\n<p>Nos termos e para os efeitos dos artigos. 7 e 8 do decreto legislativo. N. 196\/03, voc\u00ea tem o direito de exercer todos os direitos previstos pela legisla\u00e7\u00e3o, a saber:<\/p>\n<ul>\n<li>obter informa\u00e7\u00f5es sobre os dados que lhe digam respeito;<\/li>\n<li>obter o cancelamento eo bloqueio ou a atualiza\u00e7\u00e3o, corre\u00e7\u00e3o ou de integra\u00e7\u00e3o;<\/li>\n<li>se opor ao tratamento de dados por motivos leg\u00edtimos;<\/li>\n<li>se opor ao tratamentos para a publicidade, comercial ou de pesquisa de mercado.<\/li>\n<\/ul>\n<p>O titular de seus dados \u00e9 TECNO DIAMANT srl, atual Via Ghiarola Vecchia, 53 \/ M &#8211; 41042 Fiorano Modenese &#8211; It\u00e1lia.<\/p>\n","protected":false},"excerpt":{"rendered":"<p>POL\u00cdTICA DE PRIVACIDADE De acordo com art. 13 Decreto Legislativo. 30\/06\/2003 n. 196 (CODIGO relativo \u00e0 prote\u00e7\u00e3o dos dados pessoais) Nos termos e para os efeitos do decreto acima mencionado, TECNO DIAMANT srl Ele informa os visitantes do site que os seus dados pessoais (&#8220;Dados&#8221;) ser\u00e1 tratado como se segue: O recolhimento e tratamento dos [&hellip;]<\/p>\n","protected":false},"author":3,"featured_media":10524,"parent":0,"menu_order":0,"comment_status":"closed","ping_status":"closed","template":"","meta":{"footnotes":""},"class_list":["post-12129","page","type-page","status-publish","has-post-thumbnail","hentry"],"yoast_head":"<!-- This site is optimized with the Yoast SEO Premium plugin v27.3 (Yoast SEO v27.4) - https:\/\/yoast.com\/product\/yoast-seo-premium-wordpress\/ -->\n<title>Pol\u00edtica de Privacidade - Tecno Diamant<\/title>\n<meta name=\"robots\" content=\"index, follow, max-snippet:-1, max-image-preview:large, max-video-preview:-1\" \/>\n<link rel=\"canonical\" href=\"https:\/\/www.tecnodiamant.it\/pt-br\/politica-de-privacidade\/\" \/>\n<meta property=\"og:locale\" content=\"pt_BR\" \/>\n<meta property=\"og:type\" content=\"article\" \/>\n<meta property=\"og:title\" content=\"Pol\u00edtica de Privacidade\" \/>\n<meta property=\"og:description\" content=\"POL\u00cdTICA DE PRIVACIDADE De acordo com art. 13 Decreto Legislativo. 30\/06\/2003 n. 196 (CODIGO relativo \u00e0 prote\u00e7\u00e3o dos dados pessoais) Nos termos e para os efeitos do decreto acima mencionado, TECNO DIAMANT srl Ele informa os visitantes do site que os seus dados pessoais (&#8220;Dados&#8221;) ser\u00e1 tratado como se segue: O recolhimento e tratamento dos [&hellip;]\" \/>\n<meta property=\"og:url\" content=\"https:\/\/www.tecnodiamant.it\/pt-br\/politica-de-privacidade\/\" \/>\n<meta property=\"og:site_name\" content=\"Tecno Diamant\" \/>\n<meta property=\"article:publisher\" content=\"https:\/\/www.facebook.com\/tecnodiamantsrl\" \/>\n<meta property=\"article:modified_time\" content=\"2015-06-19T09:54:41+00:00\" \/>\n<meta property=\"og:image\" content=\"https:\/\/www.tecnodiamant.it\/wp-content\/uploads\/2014\/07\/header-pagine.jpg\" \/>\n\t<meta property=\"og:image:width\" content=\"1904\" \/>\n\t<meta property=\"og:image:height\" content=\"531\" \/>\n\t<meta property=\"og:image:type\" content=\"image\/jpeg\" \/>\n<meta name=\"twitter:card\" content=\"summary_large_image\" \/>\n<script type=\"application\/ld+json\" class=\"yoast-schema-graph\">{\"@context\":\"https:\\\/\\\/schema.org\",\"@graph\":[{\"@type\":\"WebPage\",\"@id\":\"https:\\\/\\\/www.tecnodiamant.it\\\/pt-br\\\/politica-de-privacidade\\\/\",\"url\":\"https:\\\/\\\/www.tecnodiamant.it\\\/pt-br\\\/politica-de-privacidade\\\/\",\"name\":\"Pol\u00edtica de Privacidade - Tecno Diamant\",\"isPartOf\":{\"@id\":\"https:\\\/\\\/www.tecnodiamant.it\\\/ru\\\/#website\"},\"primaryImageOfPage\":{\"@id\":\"https:\\\/\\\/www.tecnodiamant.it\\\/pt-br\\\/politica-de-privacidade\\\/#primaryimage\"},\"image\":{\"@id\":\"https:\\\/\\\/www.tecnodiamant.it\\\/pt-br\\\/politica-de-privacidade\\\/#primaryimage\"},\"thumbnailUrl\":\"https:\\\/\\\/www.tecnodiamant.it\\\/wp-content\\\/uploads\\\/2014\\\/07\\\/header-pagine.jpg\",\"datePublished\":\"2015-06-11T16:12:43+00:00\",\"dateModified\":\"2015-06-19T09:54:41+00:00\",\"breadcrumb\":{\"@id\":\"https:\\\/\\\/www.tecnodiamant.it\\\/pt-br\\\/politica-de-privacidade\\\/#breadcrumb\"},\"inLanguage\":\"pt-BR\",\"potentialAction\":[{\"@type\":\"ReadAction\",\"target\":[\"https:\\\/\\\/www.tecnodiamant.it\\\/pt-br\\\/politica-de-privacidade\\\/\"]}]},{\"@type\":\"ImageObject\",\"inLanguage\":\"pt-BR\",\"@id\":\"https:\\\/\\\/www.tecnodiamant.it\\\/pt-br\\\/politica-de-privacidade\\\/#primaryimage\",\"url\":\"https:\\\/\\\/www.tecnodiamant.it\\\/wp-content\\\/uploads\\\/2014\\\/07\\\/header-pagine.jpg\",\"contentUrl\":\"https:\\\/\\\/www.tecnodiamant.it\\\/wp-content\\\/uploads\\\/2014\\\/07\\\/header-pagine.jpg\",\"width\":1904,\"height\":531},{\"@type\":\"BreadcrumbList\",\"@id\":\"https:\\\/\\\/www.tecnodiamant.it\\\/pt-br\\\/politica-de-privacidade\\\/#breadcrumb\",\"itemListElement\":[{\"@type\":\"ListItem\",\"position\":1,\"name\":\"Home\",\"item\":\"https:\\\/\\\/www.tecnodiamant.it\\\/pt-br\\\/home-2\\\/\"},{\"@type\":\"ListItem\",\"position\":2,\"name\":\"Pol\u00edtica de Privacidade\"}]},{\"@type\":\"WebSite\",\"@id\":\"https:\\\/\\\/www.tecnodiamant.it\\\/ru\\\/#website\",\"url\":\"https:\\\/\\\/www.tecnodiamant.it\\\/ru\\\/\",\"name\":\"Tecno Diamant\",\"description\":\"Diamanti Industriali\",\"publisher\":{\"@id\":\"https:\\\/\\\/www.tecnodiamant.it\\\/ru\\\/#organization\"},\"potentialAction\":[{\"@type\":\"SearchAction\",\"target\":{\"@type\":\"EntryPoint\",\"urlTemplate\":\"https:\\\/\\\/www.tecnodiamant.it\\\/ru\\\/?s={search_term_string}\"},\"query-input\":{\"@type\":\"PropertyValueSpecification\",\"valueRequired\":true,\"valueName\":\"search_term_string\"}}],\"inLanguage\":\"pt-BR\"},{\"@type\":\"Organization\",\"@id\":\"https:\\\/\\\/www.tecnodiamant.it\\\/ru\\\/#organization\",\"name\":\"Tecno Diamant Srl\",\"url\":\"https:\\\/\\\/www.tecnodiamant.it\\\/ru\\\/\",\"logo\":{\"@type\":\"ImageObject\",\"inLanguage\":\"pt-BR\",\"@id\":\"https:\\\/\\\/www.tecnodiamant.it\\\/ru\\\/#\\\/schema\\\/logo\\\/image\\\/\",\"url\":\"https:\\\/\\\/www.tecnodiamant.it\\\/wp-content\\\/uploads\\\/2022\\\/01\\\/Senza-titolo-2.jpg\",\"contentUrl\":\"https:\\\/\\\/www.tecnodiamant.it\\\/wp-content\\\/uploads\\\/2022\\\/01\\\/Senza-titolo-2.jpg\",\"width\":1200,\"height\":1200,\"caption\":\"Tecno Diamant Srl\"},\"image\":{\"@id\":\"https:\\\/\\\/www.tecnodiamant.it\\\/ru\\\/#\\\/schema\\\/logo\\\/image\\\/\"},\"sameAs\":[\"https:\\\/\\\/www.facebook.com\\\/tecnodiamantsrl\",\"https:\\\/\\\/www.instagram.com\\\/tecnodiamant\\\/\",\"https:\\\/\\\/www.linkedin.com\\\/company\\\/tecnodiamant\",\"https:\\\/\\\/www.youtube.com\\\/watch?v=h-91_36K27g\"],\"description\":\"Tecno Diamant \u2013 Diamanti Industriali \u00e8 un\u2019azienda leader nella produzione e distribuzione di utensili diamantati per gres porcellanato, monocottura, pietre naturali, marmi e graniti. Nata nel 1995 e con sede a Formigine, \u00e8 stata scelta da prestigiose realt\u00e0 ceramiche come partner nelle operazioni di Taglio, Rettifica, Levigatura, Bisellatura, Squadratura e Lappatura. Siamo specializzati nella produzione e vendita di utensili \u201csu misura\u201d, in grado di anticipare le esigenze di mercato e rispondere esattamente alla richiesta del Cliente, privilegiando l\u2019aspetto legato alla salute e al benessere nel rispetto dell\u2019ambiente e di tutta la societ\u00e0. Crediamo molto nella ricerca, nella tecnologia e nell\u2019innovazione che sono anche le caratteristiche che ci rappresentano.\",\"email\":\"info@tecnodiamant.it\",\"telephone\":\"059 215 4420\",\"legalName\":\"Tecno Diamant Srl\",\"vatID\":\"02301500365\",\"taxID\":\"02301500365\",\"numberOfEmployees\":{\"@type\":\"QuantitativeValue\",\"minValue\":\"51\",\"maxValue\":\"200\"}}]}<\/script>\n<!-- \/ Yoast SEO Premium plugin. -->","yoast_head_json":{"title":"Pol\u00edtica de Privacidade - Tecno Diamant","robots":{"index":"index","follow":"follow","max-snippet":"max-snippet:-1","max-image-preview":"max-image-preview:large","max-video-preview":"max-video-preview:-1"},"canonical":"https:\/\/www.tecnodiamant.it\/pt-br\/politica-de-privacidade\/","og_locale":"pt_BR","og_type":"article","og_title":"Pol\u00edtica de Privacidade","og_description":"POL\u00cdTICA DE PRIVACIDADE De acordo com art. 13 Decreto Legislativo. 30\/06\/2003 n. 196 (CODIGO relativo \u00e0 prote\u00e7\u00e3o dos dados pessoais) Nos termos e para os efeitos do decreto acima mencionado, TECNO DIAMANT srl Ele informa os visitantes do site que os seus dados pessoais (&#8220;Dados&#8221;) ser\u00e1 tratado como se segue: O recolhimento e tratamento dos [&hellip;]","og_url":"https:\/\/www.tecnodiamant.it\/pt-br\/politica-de-privacidade\/","og_site_name":"Tecno Diamant","article_publisher":"https:\/\/www.facebook.com\/tecnodiamantsrl","article_modified_time":"2015-06-19T09:54:41+00:00","og_image":[{"width":1904,"height":531,"url":"https:\/\/www.tecnodiamant.it\/wp-content\/uploads\/2014\/07\/header-pagine.jpg","type":"image\/jpeg"}],"twitter_card":"summary_large_image","schema":{"@context":"https:\/\/schema.org","@graph":[{"@type":"WebPage","@id":"https:\/\/www.tecnodiamant.it\/pt-br\/politica-de-privacidade\/","url":"https:\/\/www.tecnodiamant.it\/pt-br\/politica-de-privacidade\/","name":"Pol\u00edtica de Privacidade - Tecno Diamant","isPartOf":{"@id":"https:\/\/www.tecnodiamant.it\/ru\/#website"},"primaryImageOfPage":{"@id":"https:\/\/www.tecnodiamant.it\/pt-br\/politica-de-privacidade\/#primaryimage"},"image":{"@id":"https:\/\/www.tecnodiamant.it\/pt-br\/politica-de-privacidade\/#primaryimage"},"thumbnailUrl":"https:\/\/www.tecnodiamant.it\/wp-content\/uploads\/2014\/07\/header-pagine.jpg","datePublished":"2015-06-11T16:12:43+00:00","dateModified":"2015-06-19T09:54:41+00:00","breadcrumb":{"@id":"https:\/\/www.tecnodiamant.it\/pt-br\/politica-de-privacidade\/#breadcrumb"},"inLanguage":"pt-BR","potentialAction":[{"@type":"ReadAction","target":["https:\/\/www.tecnodiamant.it\/pt-br\/politica-de-privacidade\/"]}]},{"@type":"ImageObject","inLanguage":"pt-BR","@id":"https:\/\/www.tecnodiamant.it\/pt-br\/politica-de-privacidade\/#primaryimage","url":"https:\/\/www.tecnodiamant.it\/wp-content\/uploads\/2014\/07\/header-pagine.jpg","contentUrl":"https:\/\/www.tecnodiamant.it\/wp-content\/uploads\/2014\/07\/header-pagine.jpg","width":1904,"height":531},{"@type":"BreadcrumbList","@id":"https:\/\/www.tecnodiamant.it\/pt-br\/politica-de-privacidade\/#breadcrumb","itemListElement":[{"@type":"ListItem","position":1,"name":"Home","item":"https:\/\/www.tecnodiamant.it\/pt-br\/home-2\/"},{"@type":"ListItem","position":2,"name":"Pol\u00edtica de Privacidade"}]},{"@type":"WebSite","@id":"https:\/\/www.tecnodiamant.it\/ru\/#website","url":"https:\/\/www.tecnodiamant.it\/ru\/","name":"Tecno Diamant","description":"Diamanti Industriali","publisher":{"@id":"https:\/\/www.tecnodiamant.it\/ru\/#organization"},"potentialAction":[{"@type":"SearchAction","target":{"@type":"EntryPoint","urlTemplate":"https:\/\/www.tecnodiamant.it\/ru\/?s={search_term_string}"},"query-input":{"@type":"PropertyValueSpecification","valueRequired":true,"valueName":"search_term_string"}}],"inLanguage":"pt-BR"},{"@type":"Organization","@id":"https:\/\/www.tecnodiamant.it\/ru\/#organization","name":"Tecno Diamant Srl","url":"https:\/\/www.tecnodiamant.it\/ru\/","logo":{"@type":"ImageObject","inLanguage":"pt-BR","@id":"https:\/\/www.tecnodiamant.it\/ru\/#\/schema\/logo\/image\/","url":"https:\/\/www.tecnodiamant.it\/wp-content\/uploads\/2022\/01\/Senza-titolo-2.jpg","contentUrl":"https:\/\/www.tecnodiamant.it\/wp-content\/uploads\/2022\/01\/Senza-titolo-2.jpg","width":1200,"height":1200,"caption":"Tecno Diamant Srl"},"image":{"@id":"https:\/\/www.tecnodiamant.it\/ru\/#\/schema\/logo\/image\/"},"sameAs":["https:\/\/www.facebook.com\/tecnodiamantsrl","https:\/\/www.instagram.com\/tecnodiamant\/","https:\/\/www.linkedin.com\/company\/tecnodiamant","https:\/\/www.youtube.com\/watch?v=h-91_36K27g"],"description":"Tecno Diamant \u2013 Diamanti Industriali \u00e8 un\u2019azienda leader nella produzione e distribuzione di utensili diamantati per gres porcellanato, monocottura, pietre naturali, marmi e graniti. Nata nel 1995 e con sede a Formigine, \u00e8 stata scelta da prestigiose realt\u00e0 ceramiche come partner nelle operazioni di Taglio, Rettifica, Levigatura, Bisellatura, Squadratura e Lappatura. Siamo specializzati nella produzione e vendita di utensili \u201csu misura\u201d, in grado di anticipare le esigenze di mercato e rispondere esattamente alla richiesta del Cliente, privilegiando l\u2019aspetto legato alla salute e al benessere nel rispetto dell\u2019ambiente e di tutta la societ\u00e0. Crediamo molto nella ricerca, nella tecnologia e nell\u2019innovazione che sono anche le caratteristiche che ci rappresentano.","email":"info@tecnodiamant.it","telephone":"059 215 4420","legalName":"Tecno Diamant Srl","vatID":"02301500365","taxID":"02301500365","numberOfEmployees":{"@type":"QuantitativeValue","minValue":"51","maxValue":"200"}}]}},"_links":{"self":[{"href":"https:\/\/www.tecnodiamant.it\/pt-br\/wp-json\/wp\/v2\/pages\/12129","targetHints":{"allow":["GET"]}}],"collection":[{"href":"https:\/\/www.tecnodiamant.it\/pt-br\/wp-json\/wp\/v2\/pages"}],"about":[{"href":"https:\/\/www.tecnodiamant.it\/pt-br\/wp-json\/wp\/v2\/types\/page"}],"author":[{"embeddable":true,"href":"https:\/\/www.tecnodiamant.it\/pt-br\/wp-json\/wp\/v2\/users\/3"}],"replies":[{"embeddable":true,"href":"https:\/\/www.tecnodiamant.it\/pt-br\/wp-json\/wp\/v2\/comments?post=12129"}],"version-history":[{"count":2,"href":"https:\/\/www.tecnodiamant.it\/pt-br\/wp-json\/wp\/v2\/pages\/12129\/revisions"}],"predecessor-version":[{"id":12131,"href":"https:\/\/www.tecnodiamant.it\/pt-br\/wp-json\/wp\/v2\/pages\/12129\/revisions\/12131"}],"wp:featuredmedia":[{"embeddable":true,"href":"https:\/\/www.tecnodiamant.it\/pt-br\/wp-json\/wp\/v2\/media\/10524"}],"wp:attachment":[{"href":"https:\/\/www.tecnodiamant.it\/pt-br\/wp-json\/wp\/v2\/media?parent=12129"}],"curies":[{"name":"wp","href":"https:\/\/api.w.org\/{rel}","templated":true}]}}