{"id":12134,"date":"2015-06-11T18:19:47","date_gmt":"2015-06-11T16:19:47","guid":{"rendered":"https:\/\/www.tecnodiamant.it\/?page_id=12134"},"modified":"2022-05-19T09:07:56","modified_gmt":"2022-05-19T07:07:56","slug":"politica-de-cookie","status":"publish","type":"page","link":"https:\/\/www.tecnodiamant.it\/pt-br\/politica-de-cookie\/","title":{"rendered":"Pol\u00edtica de cookies"},"content":{"rendered":"<h2 style=\"text-align: center;\">POL\u00cdTICA DE COOKIES<br \/>\nINFORMA\u00c7\u00d5ES ESTENDIDAS<\/h2>\n<p>Este site utiliza cookies, inclusive de terceiros, para melhorar a experi\u00eancia de navega\u00e7\u00e3o e permitir que quem navega utilize os nossos servi\u00e7os online e visualize publicidade de acordo com as suas prefer\u00eancias.<\/p>\n<p>Os cookies usados neste site se enquadram nas categorias descritas abaixo. Se voc\u00ea continuar navegando, concorda com o uso de cookies.<\/p>\n<p>A qualquer momento \u00e9 poss\u00edvel desabilitar os cookies no navegador; lembramos que esta op\u00e7\u00e3o pode limitar muitos dos recursos de navega\u00e7\u00e3o do site.<\/p>\n<h2>Instru\u00e7\u00f5es para desabilitar cookies dos navegadores<\/h2>\n<p><em>Se voc\u00ea estiver usando o Internet Explorer<\/em><br \/>\nNo Internet Explorer, clique em &#8220;Ferramentas&#8221; e depois em &#8220;Op\u00e7\u00f5es da Internet&#8221;. Na guia Privacidade, mova o cursor para cima para bloquear todos os cookies ou para baixo para permitir todos os cookies e clique em OK.<\/p>\n<p><em>Se voc\u00ea estiver usando o navegador Firefox<\/em><br \/>\nV\u00e1 para o menu &#8220;Ferramentas&#8221; do seu navegador e selecione o menu &#8220;Op\u00e7\u00f5es&#8221; Clique na guia &#8220;Privacidade&#8221;, desmarque a caixa &#8220;Aceitar cookies&#8221; e clique em OK.<\/p>\n<p><em>Se voc\u00ea estiver usando o navegador Safari<\/em><br \/>\nNo Navegador de vota\u00e7\u00e3o, selecione o menu &#8220;Editar&#8221; e selecione &#8220;Prefer\u00eancias&#8221;. Clique em &#8220;Privacidade&#8221;. Defina sempre a configura\u00e7\u00e3o &#8220;Bloqueio de cookies&#8221; e clique em OK.<\/p>\n<p><em>Se voc\u00ea estiver usando o navegador Google Chrome<\/em><br \/>\nClique no menu do Chrome na barra de ferramentas do navegador. Selecione &#8220;Configura\u00e7\u00f5es&#8221;. Clique em &#8220;Mostrar configura\u00e7\u00f5es avan\u00e7adas&#8221;. Na se\u00e7\u00e3o &#8220;Privacidade&#8221;, clique no bot\u00e3o &#8220;Configura\u00e7\u00f5es de conte\u00fado&#8221;. Na se\u00e7\u00e3o &#8220;Cookies&#8221;, selecione &#8220;N\u00e3o permitir que sites armazenem dados&#8221; e controle &#8220;bloquear cookies e dados de sites de terceiros&#8221; e clique em OK.<\/p>\n<p>Para desativar os cookies anal\u00edticos e impedir que o Google Analytics colete dados sobre sua navega\u00e7\u00e3o, voc\u00ea pode baixar o complemento do navegador para desativar o Google Analytics: <a href=\"https:\/\/tools.google.com\/dlpage\/gaoptout\">tools.google.com\/dlpage\/gaoptout<\/a> .<\/p>\n<p>Se voc\u00ea usa qualquer outro navegador, procure como gerenciar cookies nas configura\u00e7\u00f5es do navegador.<\/p>\n<h2>O que s\u00e3o biscoitos<\/h2>\n<p>Cookies s\u00e3o pequenos arquivos de texto que s\u00e3o colocados automaticamente no PC do navegador dentro do navegador. Eles cont\u00eam informa\u00e7\u00f5es b\u00e1sicas sobre a navega\u00e7\u00e3o na Internet e, gra\u00e7as ao navegador, s\u00e3o reconhecidos sempre que o usu\u00e1rio visita o site.<\/p>\n<h2>Gerenciamento de cookies<\/h2>\n<h3>Cookies t\u00e9cnicos<\/h3>\n<ul>\n<li>Atividades estritamente necess\u00e1rias para a opera\u00e7\u00e3o<\/li>\n<\/ul>\n<p>Esses cookies s\u00e3o de natureza t\u00e9cnica e permitem que o site funcione corretamente. Por exemplo, eles mant\u00eam o usu\u00e1rio logado enquanto navega, evitando que o site solicite o login v\u00e1rias vezes para acessar as p\u00e1ginas subsequentes.<\/p>\n<ul>\n<li>Atividade para salvar prefer\u00eancias<\/li>\n<\/ul>\n<p>Esses cookies permitem lembrar as prefer\u00eancias selecionadas pelo usu\u00e1rio durante a navega\u00e7\u00e3o, por exemplo, permitem definir o idioma.<\/p>\n<ul>\n<li>Atividades estat\u00edsticas e de medi\u00e7\u00e3o de audi\u00eancia<\/li>\n<\/ul>\n<p>Estes cookies ajudam-nos a compreender, atrav\u00e9s de dados recolhidos de forma an\u00f3nima e agregada, como os utilizadores interagem com os nossos sites, fornecendo-nos informa\u00e7\u00e3o relativa \u00e0s sec\u00e7\u00f5es visitadas, o tempo de perman\u00eancia no site, eventuais avarias. Isso nos ajuda a melhorar o desempenho de nossos sites.<\/p>\n<h3>Cookies de perfil de terceiros<\/h3>\n<p>Recorremos a v\u00e1rios fornecedores que, por sua vez, podem instalar cookies para o bom funcionamento dos servi\u00e7os que prestam. Se voc\u00ea deseja ter informa\u00e7\u00f5es sobre esses cookies de terceiros e como desativ\u00e1-los, acesse os links nas tabelas abaixo.<br \/>\nAl\u00e9m disso, acessando a p\u00e1gina <a href=\"http:\/\/www.youronlinechoices.com\/it\/le-tue-scelte\">http:\/\/www.youronlinechoices.com\/it\/le-tue-scelte<\/a> \u00e9 poss\u00edvel conhecer a publicidade comportamental, bem como desativar ou ativar as empresas listadas e que trabalham com os gestores de sites para coletar e usar informa\u00e7\u00f5es \u00fateis para o uso de publicidade.<\/p>\n<p><strong>Cookies t\u00e9cnicos para o bom funcionamento de servi\u00e7os de terceiros<\/strong><\/p>\n<p>Esses cookies nos permitem monitorar o desempenho do site. Abaixo est\u00e1 uma lista dos servi\u00e7os utilizados e os links para as respectivas p\u00e1ginas de pol\u00edtica de privacidade.<\/p>\n<p>Google Maps &#8211; Tour Virtual: componente web &#8211; Cookie t\u00e9cnico estritamente necess\u00e1rio &#8211; <a href=\"https:\/\/www.google.com\/intl\/it\/policies\/\">pol\u00edtica de privacidade<\/a><\/p>\n<p>&nbsp;<\/p>\n<p><strong>Cookies estat\u00edsticos e de medi\u00e7\u00e3o de audi\u00eancia de terceiros<\/strong><\/p>\n<p>Esses cookies (servi\u00e7os da web de terceiros) fornecem informa\u00e7\u00f5es an\u00f4nimas\/agregadas sobre como os visitantes navegam no site. Abaixo est\u00e3o os links para as respectivas p\u00e1ginas de pol\u00edtica de privacidade.<\/p>\n<p>Google &#8211; Google Analytics: sistema de estat\u00edsticas &#8211; Cookies anal\u00edticos &#8211; <a href=\"https:\/\/support.google.com\/analytics\/answer\/6004245\">pol\u00edtica de privacidade<\/a><\/p>\n<p>&nbsp;<\/p>\n<p><strong>Cookies de perfil para fins de publicidade e remarketing<\/strong><\/p>\n<p>Esses cookies (servi\u00e7os de publicidade de terceiros) s\u00e3o usados para enviar publicidade e conte\u00fado personalizado com base no hist\u00f3rico de navega\u00e7\u00e3o do pr\u00f3prio site. Abaixo est\u00e3o os links para as respectivas p\u00e1ginas de pol\u00edtica de privacidade e o formul\u00e1rio de consentimento onde \u00e9 poss\u00edvel desabilitar o uso de cookies de perfil de servi\u00e7o de terceiros.<\/p>\n<p>Este site n\u00e3o utiliza este tipo de cookies.<\/p>\n<p>Aviso: \u00e9 importante lembrar que desabilitar os cookies de perfil n\u00e3o significa que voc\u00ea n\u00e3o receber\u00e1 mais publicidade ao navegar no site, mas simplesmente que a publicidade que voc\u00ea ver\u00e1 n\u00e3o ser\u00e1 selecionada com base em seus interesses e, portanto, poder\u00e1 ser menos relevante.<\/p>\n<p>&nbsp;<\/p>\n<p><strong>Cookies de compartilhamento de m\u00eddia social<\/strong><\/p>\n<p>Esses cookies de terceiros s\u00e3o usados para integrar alguns recursos comuns das principais m\u00eddias sociais e fornec\u00ea-los no site. Em particular, permitem o registo e autentica\u00e7\u00e3o no site via facebook e google connect, a partilha e coment\u00e1rios de p\u00e1ginas do site nas redes sociais, habilitam as fun\u00e7\u00f5es de \u201clike\u201d no Facebook, Linkedin, Instagram e Twitter.<br \/>\nAbaixo est\u00e3o os links para as respectivas p\u00e1ginas de pol\u00edtica de privacidade.<\/p>\n<p>Facebook &#8211; m\u00eddia social &#8211; <a href=\"https:\/\/www.facebook.com\/about\/privacy\/\">pol\u00edtica de privacidade<\/a><\/p>\n<p>Linkedin &#8211; m\u00eddia social &#8211; <a href=\"https:\/\/it.linkedin.com\/legal\/privacy-policy\">pol\u00edtica de privacidade<\/a><\/p>\n<p>Instagram &#8211; m\u00eddia social &#8211; <a href=\"https:\/\/www.facebook.com\/help\/instagram\/519522125107875\/?maybe_redirect_pol=0\">pol\u00edtica de privacidade<\/a><\/p>\n<p>Twitter &#8211; m\u00eddia social &#8211; <a href=\"https:\/\/twitter.com\/privacy\">pol\u00edtica de privacidade<\/a><\/p>\n<p>&nbsp;<\/p>\n<p>O controlador de dados \u00e9 a TECNO DIAMANT DIAMANTI INDUSTRIALI SRL com sede na Via Aldo Moro 37 &#8211; 41043 Formigine (MO).<\/p>\n<p>A qualquer momento pode exercer os direitos referidos no art. 7\u00ba do C\u00f3digo referente \u00e0 prote\u00e7\u00e3o de dados pessoais, incluindo o acesso a informa\u00e7\u00f5es a seu respeito e solicitar sua atualiza\u00e7\u00e3o, retifica\u00e7\u00e3o e integra\u00e7\u00e3o, bem como cancelamento, transforma\u00e7\u00e3o em forma an\u00f4nima ou bloqueio somente se os mesmos forem processados em viola\u00e7\u00e3o \u00e0 lei. Voc\u00ea tamb\u00e9m pode se opor ao processamento total ou parcial. Para exercer os direitos indicados acima, voc\u00ea pode entrar em contato com o controlador de dados entrando em contato com o n\u00famero +39 059 2154420 ou escrevendo para Tecno Diamant Srl, Via Aldo Moro 37 &#8211; 41043 Formigine (MO) ou enviando um e-mail para <a href=\"info@tecnodiamant.it\">info@tecnodiamant .it<\/a> &#8211; <a href=\"marketing@tecnodiamant.it\">marketing@tecnodiamant.t<\/a><\/p>\n","protected":false},"excerpt":{"rendered":"<p>POL\u00cdTICA DE COOKIES INFORMA\u00c7\u00d5ES ESTENDIDAS Este site utiliza cookies, inclusive de terceiros, para melhorar a experi\u00eancia de navega\u00e7\u00e3o e permitir que quem navega utilize os nossos servi\u00e7os online e visualize publicidade de acordo com as suas prefer\u00eancias. Os cookies usados neste site se enquadram nas categorias descritas abaixo. Se voc\u00ea continuar navegando, concorda com o [&hellip;]<\/p>\n","protected":false},"author":3,"featured_media":10524,"parent":0,"menu_order":0,"comment_status":"closed","ping_status":"closed","template":"","meta":{"footnotes":""},"class_list":["post-12134","page","type-page","status-publish","has-post-thumbnail","hentry"],"yoast_head":"<!-- This site is optimized with the Yoast SEO Premium plugin v27.3 (Yoast SEO v27.5) - https:\/\/yoast.com\/product\/yoast-seo-premium-wordpress\/ -->\n<title>Pol\u00edtica de cookies - Tecno Diamant<\/title>\n<meta name=\"robots\" content=\"index, follow, max-snippet:-1, max-image-preview:large, max-video-preview:-1\" \/>\n<link rel=\"canonical\" href=\"https:\/\/www.tecnodiamant.it\/pt-br\/politica-de-cookie\/\" \/>\n<meta property=\"og:locale\" content=\"pt_BR\" \/>\n<meta property=\"og:type\" content=\"article\" \/>\n<meta property=\"og:title\" content=\"Pol\u00edtica de cookies\" \/>\n<meta property=\"og:description\" content=\"POL\u00cdTICA DE COOKIES INFORMA\u00c7\u00d5ES ESTENDIDAS Este site utiliza cookies, inclusive de terceiros, para melhorar a experi\u00eancia de navega\u00e7\u00e3o e permitir que quem navega utilize os nossos servi\u00e7os online e visualize publicidade de acordo com as suas prefer\u00eancias. Os cookies usados neste site se enquadram nas categorias descritas abaixo. Se voc\u00ea continuar navegando, concorda com o [&hellip;]\" \/>\n<meta property=\"og:url\" content=\"https:\/\/www.tecnodiamant.it\/pt-br\/politica-de-cookie\/\" \/>\n<meta property=\"og:site_name\" content=\"Tecno Diamant\" \/>\n<meta property=\"article:publisher\" content=\"https:\/\/www.facebook.com\/tecnodiamantsrl\" \/>\n<meta property=\"article:modified_time\" content=\"2022-05-19T07:07:56+00:00\" \/>\n<meta property=\"og:image\" content=\"https:\/\/www.tecnodiamant.it\/wp-content\/uploads\/2014\/07\/header-pagine.jpg\" \/>\n\t<meta property=\"og:image:width\" content=\"1904\" \/>\n\t<meta property=\"og:image:height\" content=\"531\" \/>\n\t<meta property=\"og:image:type\" content=\"image\/jpeg\" \/>\n<meta name=\"twitter:card\" content=\"summary_large_image\" \/>\n<script type=\"application\/ld+json\" class=\"yoast-schema-graph\">{\"@context\":\"https:\\\/\\\/schema.org\",\"@graph\":[{\"@type\":\"WebPage\",\"@id\":\"https:\\\/\\\/www.tecnodiamant.it\\\/pt-br\\\/politica-de-cookie\\\/\",\"url\":\"https:\\\/\\\/www.tecnodiamant.it\\\/pt-br\\\/politica-de-cookie\\\/\",\"name\":\"Pol\u00edtica de cookies - Tecno Diamant\",\"isPartOf\":{\"@id\":\"https:\\\/\\\/www.tecnodiamant.it\\\/ru\\\/#website\"},\"primaryImageOfPage\":{\"@id\":\"https:\\\/\\\/www.tecnodiamant.it\\\/pt-br\\\/politica-de-cookie\\\/#primaryimage\"},\"image\":{\"@id\":\"https:\\\/\\\/www.tecnodiamant.it\\\/pt-br\\\/politica-de-cookie\\\/#primaryimage\"},\"thumbnailUrl\":\"https:\\\/\\\/www.tecnodiamant.it\\\/wp-content\\\/uploads\\\/2014\\\/07\\\/header-pagine.jpg\",\"datePublished\":\"2015-06-11T16:19:47+00:00\",\"dateModified\":\"2022-05-19T07:07:56+00:00\",\"breadcrumb\":{\"@id\":\"https:\\\/\\\/www.tecnodiamant.it\\\/pt-br\\\/politica-de-cookie\\\/#breadcrumb\"},\"inLanguage\":\"pt-BR\",\"potentialAction\":[{\"@type\":\"ReadAction\",\"target\":[\"https:\\\/\\\/www.tecnodiamant.it\\\/pt-br\\\/politica-de-cookie\\\/\"]}]},{\"@type\":\"ImageObject\",\"inLanguage\":\"pt-BR\",\"@id\":\"https:\\\/\\\/www.tecnodiamant.it\\\/pt-br\\\/politica-de-cookie\\\/#primaryimage\",\"url\":\"https:\\\/\\\/www.tecnodiamant.it\\\/wp-content\\\/uploads\\\/2014\\\/07\\\/header-pagine.jpg\",\"contentUrl\":\"https:\\\/\\\/www.tecnodiamant.it\\\/wp-content\\\/uploads\\\/2014\\\/07\\\/header-pagine.jpg\",\"width\":1904,\"height\":531},{\"@type\":\"BreadcrumbList\",\"@id\":\"https:\\\/\\\/www.tecnodiamant.it\\\/pt-br\\\/politica-de-cookie\\\/#breadcrumb\",\"itemListElement\":[{\"@type\":\"ListItem\",\"position\":1,\"name\":\"Home\",\"item\":\"https:\\\/\\\/www.tecnodiamant.it\\\/pt-br\\\/home-2\\\/\"},{\"@type\":\"ListItem\",\"position\":2,\"name\":\"Pol\u00edtica de cookies\"}]},{\"@type\":\"WebSite\",\"@id\":\"https:\\\/\\\/www.tecnodiamant.it\\\/ru\\\/#website\",\"url\":\"https:\\\/\\\/www.tecnodiamant.it\\\/ru\\\/\",\"name\":\"Tecno Diamant\",\"description\":\"Diamanti Industriali\",\"publisher\":{\"@id\":\"https:\\\/\\\/www.tecnodiamant.it\\\/ru\\\/#organization\"},\"potentialAction\":[{\"@type\":\"SearchAction\",\"target\":{\"@type\":\"EntryPoint\",\"urlTemplate\":\"https:\\\/\\\/www.tecnodiamant.it\\\/ru\\\/?s={search_term_string}\"},\"query-input\":{\"@type\":\"PropertyValueSpecification\",\"valueRequired\":true,\"valueName\":\"search_term_string\"}}],\"inLanguage\":\"pt-BR\"},{\"@type\":\"Organization\",\"@id\":\"https:\\\/\\\/www.tecnodiamant.it\\\/ru\\\/#organization\",\"name\":\"Tecno Diamant Srl\",\"url\":\"https:\\\/\\\/www.tecnodiamant.it\\\/ru\\\/\",\"logo\":{\"@type\":\"ImageObject\",\"inLanguage\":\"pt-BR\",\"@id\":\"https:\\\/\\\/www.tecnodiamant.it\\\/ru\\\/#\\\/schema\\\/logo\\\/image\\\/\",\"url\":\"https:\\\/\\\/www.tecnodiamant.it\\\/wp-content\\\/uploads\\\/2022\\\/01\\\/Senza-titolo-2.jpg\",\"contentUrl\":\"https:\\\/\\\/www.tecnodiamant.it\\\/wp-content\\\/uploads\\\/2022\\\/01\\\/Senza-titolo-2.jpg\",\"width\":1200,\"height\":1200,\"caption\":\"Tecno Diamant Srl\"},\"image\":{\"@id\":\"https:\\\/\\\/www.tecnodiamant.it\\\/ru\\\/#\\\/schema\\\/logo\\\/image\\\/\"},\"sameAs\":[\"https:\\\/\\\/www.facebook.com\\\/tecnodiamantsrl\",\"https:\\\/\\\/www.instagram.com\\\/tecnodiamant\\\/\",\"https:\\\/\\\/www.linkedin.com\\\/company\\\/tecnodiamant\",\"https:\\\/\\\/www.youtube.com\\\/watch?v=h-91_36K27g\"],\"description\":\"Tecno Diamant \u2013 Diamanti Industriali \u00e8 un\u2019azienda leader nella produzione e distribuzione di utensili diamantati per gres porcellanato, monocottura, pietre naturali, marmi e graniti. Nata nel 1995 e con sede a Formigine, \u00e8 stata scelta da prestigiose realt\u00e0 ceramiche come partner nelle operazioni di Taglio, Rettifica, Levigatura, Bisellatura, Squadratura e Lappatura. Siamo specializzati nella produzione e vendita di utensili \u201csu misura\u201d, in grado di anticipare le esigenze di mercato e rispondere esattamente alla richiesta del Cliente, privilegiando l\u2019aspetto legato alla salute e al benessere nel rispetto dell\u2019ambiente e di tutta la societ\u00e0. Crediamo molto nella ricerca, nella tecnologia e nell\u2019innovazione che sono anche le caratteristiche che ci rappresentano.\",\"email\":\"info@tecnodiamant.it\",\"telephone\":\"059 215 4420\",\"legalName\":\"Tecno Diamant Srl\",\"vatID\":\"02301500365\",\"taxID\":\"02301500365\",\"numberOfEmployees\":{\"@type\":\"QuantitativeValue\",\"minValue\":\"51\",\"maxValue\":\"200\"}}]}<\/script>\n<!-- \/ Yoast SEO Premium plugin. -->","yoast_head_json":{"title":"Pol\u00edtica de cookies - Tecno Diamant","robots":{"index":"index","follow":"follow","max-snippet":"max-snippet:-1","max-image-preview":"max-image-preview:large","max-video-preview":"max-video-preview:-1"},"canonical":"https:\/\/www.tecnodiamant.it\/pt-br\/politica-de-cookie\/","og_locale":"pt_BR","og_type":"article","og_title":"Pol\u00edtica de cookies","og_description":"POL\u00cdTICA DE COOKIES INFORMA\u00c7\u00d5ES ESTENDIDAS Este site utiliza cookies, inclusive de terceiros, para melhorar a experi\u00eancia de navega\u00e7\u00e3o e permitir que quem navega utilize os nossos servi\u00e7os online e visualize publicidade de acordo com as suas prefer\u00eancias. Os cookies usados neste site se enquadram nas categorias descritas abaixo. Se voc\u00ea continuar navegando, concorda com o [&hellip;]","og_url":"https:\/\/www.tecnodiamant.it\/pt-br\/politica-de-cookie\/","og_site_name":"Tecno Diamant","article_publisher":"https:\/\/www.facebook.com\/tecnodiamantsrl","article_modified_time":"2022-05-19T07:07:56+00:00","og_image":[{"width":1904,"height":531,"url":"https:\/\/www.tecnodiamant.it\/wp-content\/uploads\/2014\/07\/header-pagine.jpg","type":"image\/jpeg"}],"twitter_card":"summary_large_image","schema":{"@context":"https:\/\/schema.org","@graph":[{"@type":"WebPage","@id":"https:\/\/www.tecnodiamant.it\/pt-br\/politica-de-cookie\/","url":"https:\/\/www.tecnodiamant.it\/pt-br\/politica-de-cookie\/","name":"Pol\u00edtica de cookies - Tecno Diamant","isPartOf":{"@id":"https:\/\/www.tecnodiamant.it\/ru\/#website"},"primaryImageOfPage":{"@id":"https:\/\/www.tecnodiamant.it\/pt-br\/politica-de-cookie\/#primaryimage"},"image":{"@id":"https:\/\/www.tecnodiamant.it\/pt-br\/politica-de-cookie\/#primaryimage"},"thumbnailUrl":"https:\/\/www.tecnodiamant.it\/wp-content\/uploads\/2014\/07\/header-pagine.jpg","datePublished":"2015-06-11T16:19:47+00:00","dateModified":"2022-05-19T07:07:56+00:00","breadcrumb":{"@id":"https:\/\/www.tecnodiamant.it\/pt-br\/politica-de-cookie\/#breadcrumb"},"inLanguage":"pt-BR","potentialAction":[{"@type":"ReadAction","target":["https:\/\/www.tecnodiamant.it\/pt-br\/politica-de-cookie\/"]}]},{"@type":"ImageObject","inLanguage":"pt-BR","@id":"https:\/\/www.tecnodiamant.it\/pt-br\/politica-de-cookie\/#primaryimage","url":"https:\/\/www.tecnodiamant.it\/wp-content\/uploads\/2014\/07\/header-pagine.jpg","contentUrl":"https:\/\/www.tecnodiamant.it\/wp-content\/uploads\/2014\/07\/header-pagine.jpg","width":1904,"height":531},{"@type":"BreadcrumbList","@id":"https:\/\/www.tecnodiamant.it\/pt-br\/politica-de-cookie\/#breadcrumb","itemListElement":[{"@type":"ListItem","position":1,"name":"Home","item":"https:\/\/www.tecnodiamant.it\/pt-br\/home-2\/"},{"@type":"ListItem","position":2,"name":"Pol\u00edtica de cookies"}]},{"@type":"WebSite","@id":"https:\/\/www.tecnodiamant.it\/ru\/#website","url":"https:\/\/www.tecnodiamant.it\/ru\/","name":"Tecno Diamant","description":"Diamanti Industriali","publisher":{"@id":"https:\/\/www.tecnodiamant.it\/ru\/#organization"},"potentialAction":[{"@type":"SearchAction","target":{"@type":"EntryPoint","urlTemplate":"https:\/\/www.tecnodiamant.it\/ru\/?s={search_term_string}"},"query-input":{"@type":"PropertyValueSpecification","valueRequired":true,"valueName":"search_term_string"}}],"inLanguage":"pt-BR"},{"@type":"Organization","@id":"https:\/\/www.tecnodiamant.it\/ru\/#organization","name":"Tecno Diamant Srl","url":"https:\/\/www.tecnodiamant.it\/ru\/","logo":{"@type":"ImageObject","inLanguage":"pt-BR","@id":"https:\/\/www.tecnodiamant.it\/ru\/#\/schema\/logo\/image\/","url":"https:\/\/www.tecnodiamant.it\/wp-content\/uploads\/2022\/01\/Senza-titolo-2.jpg","contentUrl":"https:\/\/www.tecnodiamant.it\/wp-content\/uploads\/2022\/01\/Senza-titolo-2.jpg","width":1200,"height":1200,"caption":"Tecno Diamant Srl"},"image":{"@id":"https:\/\/www.tecnodiamant.it\/ru\/#\/schema\/logo\/image\/"},"sameAs":["https:\/\/www.facebook.com\/tecnodiamantsrl","https:\/\/www.instagram.com\/tecnodiamant\/","https:\/\/www.linkedin.com\/company\/tecnodiamant","https:\/\/www.youtube.com\/watch?v=h-91_36K27g"],"description":"Tecno Diamant \u2013 Diamanti Industriali \u00e8 un\u2019azienda leader nella produzione e distribuzione di utensili diamantati per gres porcellanato, monocottura, pietre naturali, marmi e graniti. Nata nel 1995 e con sede a Formigine, \u00e8 stata scelta da prestigiose realt\u00e0 ceramiche come partner nelle operazioni di Taglio, Rettifica, Levigatura, Bisellatura, Squadratura e Lappatura. Siamo specializzati nella produzione e vendita di utensili \u201csu misura\u201d, in grado di anticipare le esigenze di mercato e rispondere esattamente alla richiesta del Cliente, privilegiando l\u2019aspetto legato alla salute e al benessere nel rispetto dell\u2019ambiente e di tutta la societ\u00e0. Crediamo molto nella ricerca, nella tecnologia e nell\u2019innovazione che sono anche le caratteristiche che ci rappresentano.","email":"info@tecnodiamant.it","telephone":"059 215 4420","legalName":"Tecno Diamant Srl","vatID":"02301500365","taxID":"02301500365","numberOfEmployees":{"@type":"QuantitativeValue","minValue":"51","maxValue":"200"}}]}},"_links":{"self":[{"href":"https:\/\/www.tecnodiamant.it\/pt-br\/wp-json\/wp\/v2\/pages\/12134","targetHints":{"allow":["GET"]}}],"collection":[{"href":"https:\/\/www.tecnodiamant.it\/pt-br\/wp-json\/wp\/v2\/pages"}],"about":[{"href":"https:\/\/www.tecnodiamant.it\/pt-br\/wp-json\/wp\/v2\/types\/page"}],"author":[{"embeddable":true,"href":"https:\/\/www.tecnodiamant.it\/pt-br\/wp-json\/wp\/v2\/users\/3"}],"replies":[{"embeddable":true,"href":"https:\/\/www.tecnodiamant.it\/pt-br\/wp-json\/wp\/v2\/comments?post=12134"}],"version-history":[{"count":5,"href":"https:\/\/www.tecnodiamant.it\/pt-br\/wp-json\/wp\/v2\/pages\/12134\/revisions"}],"predecessor-version":[{"id":26851,"href":"https:\/\/www.tecnodiamant.it\/pt-br\/wp-json\/wp\/v2\/pages\/12134\/revisions\/26851"}],"wp:featuredmedia":[{"embeddable":true,"href":"https:\/\/www.tecnodiamant.it\/pt-br\/wp-json\/wp\/v2\/media\/10524"}],"wp:attachment":[{"href":"https:\/\/www.tecnodiamant.it\/pt-br\/wp-json\/wp\/v2\/media?parent=12134"}],"curies":[{"name":"wp","href":"https:\/\/api.w.org\/{rel}","templated":true}]}}