{"id":25295,"date":"2022-03-24T14:01:37","date_gmt":"2022-03-24T13:01:37","guid":{"rendered":"https:\/\/www.tecnodiamant.it\/kurumsal\/"},"modified":"2022-03-24T17:07:25","modified_gmt":"2022-03-24T16:07:25","slug":"kurumsal","status":"publish","type":"page","link":"https:\/\/www.tecnodiamant.it\/tr\/kurumsal\/","title":{"rendered":"KURUMSAL"},"content":{"rendered":"<div class=\"et_d4_element et_pb_section et_pb_section_0 et_pb_with_background  et_pb_css_mix_blend_mode et_section_regular section_has_divider et_pb_bottom_divider et_block_section\" >\n\t\t\t\t\n\t\t\t\t\n\t\t\t\t\n\t\t\t\t\n\t\t\t\t\n\t\t\t\t\n\t\t\t\t<div class=\"et_d4_element et_pb_row et_pb_row_0  et_pb_css_mix_blend_mode et_block_row\">\n\t\t\t\t<div class=\"et_d4_element et_pb_column_4_4 et_pb_column et_pb_column_0  et_pb_css_mix_blend_mode et-last-child et_block_column\">\n\t\t\t\t\n\t\t\t\t\n\t\t\t\t\n\t\t\t\t\n\t\t\t\t<div class=\"et_pb_module et_d4_element et_pb_text et_pb_text_0 et_animated  et_pb_text_align_center et_pb_bg_layout_dark\">\n\t\t\t\t\n\t\t\t\t\n\t\t\t\t\n\t\t\t\t\n\t\t\t\t<div class=\"et_pb_text_inner\"><h1>Kurumsal<\/h1>\n<div id=\"gtx-trans\" style=\"position: absolute; left: -44px; top: -0.5625px;\">\n<div class=\"gtx-trans-icon\"><\/div>\n<\/div><\/div>\n\t\t\t<\/div>\n\t\t\t<\/div>\n\t\t\t\t\n\t\t\t\t\n\t\t\t\t\n\t\t\t\t\n\t\t\t<\/div>\n\t\t\t\t\n\t\t\t\t<div class=\"et_pb_bottom_inside_divider et-no-transition\"><\/div>\n\t\t\t<\/div><div class=\"et_d4_element et_pb_section et_pb_section_1  et_pb_css_mix_blend_mode et_section_regular et_block_section\" >\n\t\t\t\t\n\t\t\t\t\n\t\t\t\t\n\t\t\t\t\n\t\t\t\t\n\t\t\t\t\n\t\t\t\t<div class=\"et_d4_element et_pb_row et_pb_row_1  et_pb_css_mix_blend_mode et_block_row\">\n\t\t\t\t<div class=\"et_d4_element et_pb_column_4_4 et_pb_column et_pb_column_1  et_pb_css_mix_blend_mode et-last-child et_block_column\">\n\t\t\t\t\n\t\t\t\t\n\t\t\t\t\n\t\t\t\t\n\t\t\t\t<div class=\"et_pb_module et_d4_element et_pb_text et_pb_text_1  et_pb_text_align_center et_pb_bg_layout_light\">\n\t\t\t\t\n\t\t\t\t\n\t\t\t\t\n\t\t\t\t\n\t\t\t\t<div class=\"et_pb_text_inner\"><h1>HAKKIMIZDA<\/h1><\/div>\n\t\t\t<\/div><div class=\"et_pb_module et_d4_element et_pb_text et_pb_text_2  et_pb_text_align_left et_pb_bg_layout_light\">\n\t\t\t\t\n\t\t\t\t\n\t\t\t\t\n\t\t\t\t\n\t\t\t\t<div class=\"et_pb_text_inner\"><p>Tecno Diamant \u2013 Diamanti Industriali porselen, tek pi\u015firim karolar, do\u011fal ta\u015f, mermer ve granit i\u00e7in elmas disklerin \u00fcretimi ve da\u011f\u0131t\u0131m\u0131nda lider bir firmad\u0131r.<\/p>\n<p>1995 y\u0131l\u0131nda kurulan ve merkezi Formigine'de bulunan prestijli seramik firmalar\u0131 taraf\u0131ndan kesme, rektifiye, p\u00fcr\u00fczs\u00fczle\u015ftirme, pahlama, kareleme ve parlatma i\u015flemlerinde partner olarak se\u00e7ilmi\u015ftir.<\/p>\n<p>Pazar ihtiya\u00e7lar\u0131n\u0131 tahmin edebilen ve m\u00fc\u015fteri isteklerine tam olarak cevap verebilen \u201cuyarlanm\u0131\u015f\u201d \u00fcr\u00fcnlerin \u00fcretimi ve sat\u0131\u015f\u0131 konusunda uzman\u0131z. \u00c7evreye ve topluma sayg\u0131 g\u00f6sterirken sa\u011fl\u0131k boyutunu da \u00f6n planda tutar\u0131z.<\/p>\n<p>Bizi temsil eden \u00f6zellikler olan ara\u015ft\u0131rma, teknoloji ve yenili\u011fe inan\u0131yoruz.<\/p><\/div>\n\t\t\t<\/div>\n\t\t\t<\/div>\n\t\t\t\t\n\t\t\t\t\n\t\t\t\t\n\t\t\t\t\n\t\t\t<\/div>\n\t\t\t\t\n\t\t\t\t\n\t\t\t<\/div><div class=\"et_d4_element et_pb_section et_pb_section_2 et_pb_with_background  et_pb_css_mix_blend_mode et_section_regular et_block_section\" >\n\t\t\t\t\n\t\t\t\t\n\t\t\t\t\n\t\t\t\t\n\t\t\t\t\n\t\t\t\t\n\t\t\t\t<div class=\"et_d4_element et_pb_row et_pb_row_2  et_pb_css_mix_blend_mode et_block_row\">\n\t\t\t\t<div class=\"et_d4_element et_pb_column_1_2 et_pb_column et_pb_column_2  et_pb_css_mix_blend_mode et_block_column\">\n\t\t\t\t\n\t\t\t\t\n\t\t\t\t\n\t\t\t\t\n\t\t\t\t<div class=\"et_pb_module et_d4_element et_pb_text et_pb_text_3  et_pb_text_align_left et_pb_bg_layout_light\">\n\t\t\t\t\n\t\t\t\t\n\t\t\t\t\n\t\t\t\t\n\t\t\t\t<div class=\"et_pb_text_inner\"><h1>Made in Italy tasar\u0131m\u0131 ve teminatlar\u0131 <strong><\/strong><\/h1>\n<p><strong><\/strong><\/p>\n<p><strong>Tecno Diamant'ta fikir ve de\u011ferlerle birle\u015fmi\u015f 60 ki\u015fi her g\u00fcn seramik ve do\u011fal ta\u015f sekt\u00f6r\u00fc i\u00e7in elmas disklerin t\u00fcm d\u00fcnyada \u00fcretim ve da\u011f\u0131t\u0131m\u0131na kendini adam\u0131\u015ft\u0131r.<\/strong><\/p>\n<p>Orijinalli\u011fi ve verimlili\u011fi benzersiz olan Made in Italy \u00fcr\u00fcnlerimizle m\u00fc\u015fterilerimize yenilik ve garanti sunuyoruz.<\/p>\n<p>Bu y\u00fczden \u015firket i\u00e7inde detaylara g\u00f6sterilen \u00f6zen, seramik teknolojisinin geli\u015fimine an\u0131nda cevap verebilen, s\u00fcrekli geli\u015fen bir ara\u015ft\u0131rma laboratuvar\u0131 ile organize bir yap\u0131da m\u00fc\u015fteri ihtiya\u00e7lar\u0131n\u0131 anlama yetene\u011fi ile birle\u015ftirilmi\u015ftir.<\/p><\/div>\n\t\t\t<\/div>\n\t\t\t<\/div><div class=\"et_d4_element et_pb_column_1_2 et_pb_column et_pb_column_3  et_pb_css_mix_blend_mode et-last-child et_block_column\">\n\t\t\t\t\n\t\t\t\t\n\t\t\t\t\n\t\t\t\t\n\t\t\t\t<div class=\"et_pb_module et_d4_element et_pb_image et_pb_image_0\">\n\t\t\t\t\n\t\t\t\t\n\t\t\t\t\n\t\t\t\t\n\t\t\t\t<span class=\"et_pb_image_wrap \"><img decoding=\"async\" width=\"1920\" height=\"1080\" data-src=\"https:\/\/www.tecnodiamant.it\/wp-content\/uploads\/2021\/10\/Slide-home_3.jpg\" alt=\"\" title=\"Slide home_3\" data-srcset=\"https:\/\/www.tecnodiamant.it\/wp-content\/uploads\/2021\/10\/Slide-home_3.jpg 1920w, https:\/\/www.tecnodiamant.it\/wp-content\/uploads\/2021\/10\/Slide-home_3-1280x720.jpg 1280w, https:\/\/www.tecnodiamant.it\/wp-content\/uploads\/2021\/10\/Slide-home_3-980x551.jpg 980w, https:\/\/www.tecnodiamant.it\/wp-content\/uploads\/2021\/10\/Slide-home_3-480x270.jpg 480w\" data-sizes=\"(min-width: 0px) and (max-width: 480px) 480px, (min-width: 481px) and (max-width: 980px) 980px, (min-width: 981px) and (max-width: 1280px) 1280px, (min-width: 1281px) 1920px, 100vw\" class=\"wp-image-20203 lazyload\" src=\"data:image\/svg+xml;base64,PHN2ZyB3aWR0aD0iMSIgaGVpZ2h0PSIxIiB4bWxucz0iaHR0cDovL3d3dy53My5vcmcvMjAwMC9zdmciPjwvc3ZnPg==\" style=\"--smush-placeholder-width: 1920px; --smush-placeholder-aspect-ratio: 1920\/1080;\" \/><\/span>\n\t\t\t<\/div>\n\t\t\t<\/div>\n\t\t\t\t\n\t\t\t\t\n\t\t\t\t\n\t\t\t\t\n\t\t\t<\/div>\n\t\t\t\t\n\t\t\t\t\n\t\t\t<\/div><div class=\"et_d4_element et_pb_section et_pb_section_3  et_pb_css_mix_blend_mode et_section_regular et_block_section\" >\n\t\t\t\t\n\t\t\t\t\n\t\t\t\t\n\t\t\t\t\n\t\t\t\t\n\t\t\t\t\n\t\t\t\t<div class=\"et_d4_element et_pb_row et_pb_row_3  et_pb_css_mix_blend_mode et_block_row\">\n\t\t\t\t<div class=\"et_d4_element et_pb_column_4_4 et_pb_column et_pb_column_4  et_pb_css_mix_blend_mode et-last-child et_block_column\">\n\t\t\t\t\n\t\t\t\t\n\t\t\t\t\n\t\t\t\t\n\t\t\t\t<div class=\"et_pb_module et_d4_element et_pb_text et_pb_text_4  et_pb_text_align_left et_pb_bg_layout_light\">\n\t\t\t\t\n\t\t\t\t\n\t\t\t\t\n\t\t\t\t\n\t\t\t\t<div class=\"et_pb_text_inner\"><h1 style=\"text-align: center;\">\u015eubelerimiz<\/h1>\n<p>\u015eirketimizin d\u00fcnya \u00e7ap\u0131ndaki b\u00fcy\u00fcmesi, m\u00fc\u015fterilerimizin \u00f6zel taleplerine g\u00f6re kesme, rektifiye, p\u00fcr\u00fczs\u00fczle\u015ftirme, pahlama, kareleme, kalibre etme ve parlatma i\u00e7in \u00fcr\u00fcnlerin ara\u015ft\u0131r\u0131lmas\u0131, tasar\u0131m\u0131 ve \u00fcretiminin sonucudur.<\/p>\n<p>D\u00fcnya \u00e7ap\u0131ndaki taleplerimiz Brezilya, \u0130spanya, Polonya, Rusya ve \u00c7in'e yay\u0131lmam\u0131z\u0131 sa\u011flad\u0131.<\/p><\/div>\n\t\t\t<\/div>\n\t\t\t<\/div>\n\t\t\t\t\n\t\t\t\t\n\t\t\t\t\n\t\t\t\t\n\t\t\t<\/div>\n\t\t\t\t\n\t\t\t\t\n\t\t\t<\/div><div class=\"et_d4_element et_pb_section et_pb_section_4 et_pb_with_background  et_pb_css_mix_blend_mode et_section_regular et_block_section\" >\n\t\t\t\t\n\t\t\t\t\n\t\t\t\t\n\t\t\t\t\n\t\t\t\t\n\t\t\t\t\n\t\t\t\t<div class=\"et_d4_element et_pb_row et_pb_row_4  et_pb_css_mix_blend_mode et_block_row\">\n\t\t\t\t<div class=\"et_d4_element et_pb_column_1_2 et_pb_column et_pb_column_5  et_pb_css_mix_blend_mode et_block_column\">\n\t\t\t\t\n\t\t\t\t\n\t\t\t\t\n\t\t\t\t\n\t\t\t\t<div class=\"et_pb_module et_d4_element et_pb_text et_pb_text_5  et_pb_text_align_left et_pb_bg_layout_light\">\n\t\t\t\t\n\t\t\t\t\n\t\t\t\t\n\t\t\t\t\n\t\t\t\t<div class=\"et_pb_text_inner\"><h1>Prestij ve kalite<\/h1>\n<p>Ekibimiz seramik disklerin tasar\u0131m\u0131 ve imalat\u0131nda iddial\u0131 sonu\u00e7lar elde etme tutkusu ve arzusuyla birle\u015fmi\u015ftir. Taahh\u00fct ve kararl\u0131l\u0131\u011f\u0131n hala fark yaratt\u0131\u011f\u0131na inan\u0131yor, bu nedenle de personelimizi s\u00fcrekli art\u0131r\u0131yor ve ara\u015ft\u0131rma ve geli\u015ftirme ofisimizi g\u00fc\u00e7lendiriyoruz.<\/p><\/div>\n\t\t\t<\/div>\n\t\t\t<\/div><div class=\"et_d4_element et_pb_column_1_2 et_pb_column et_pb_column_6  et_pb_css_mix_blend_mode et-last-child et_block_column\">\n\t\t\t\t\n\t\t\t\t\n\t\t\t\t\n\t\t\t\t\n\t\t\t\t<div class=\"et_pb_module et_d4_element et_pb_image et_pb_image_1\">\n\t\t\t\t\n\t\t\t\t\n\t\t\t\t\n\t\t\t\t\n\t\t\t\t<span class=\"et_pb_image_wrap \"><img decoding=\"async\" width=\"1920\" height=\"1080\" data-src=\"https:\/\/www.tecnodiamant.it\/wp-content\/uploads\/2021\/10\/Slide-home_2.jpg\" alt=\"\" title=\"Slide home_2\" data-srcset=\"https:\/\/www.tecnodiamant.it\/wp-content\/uploads\/2021\/10\/Slide-home_2.jpg 1920w, https:\/\/www.tecnodiamant.it\/wp-content\/uploads\/2021\/10\/Slide-home_2-1280x720.jpg 1280w, https:\/\/www.tecnodiamant.it\/wp-content\/uploads\/2021\/10\/Slide-home_2-980x551.jpg 980w, https:\/\/www.tecnodiamant.it\/wp-content\/uploads\/2021\/10\/Slide-home_2-480x270.jpg 480w\" data-sizes=\"(min-width: 0px) and (max-width: 480px) 480px, (min-width: 481px) and (max-width: 980px) 980px, (min-width: 981px) and (max-width: 1280px) 1280px, (min-width: 1281px) 1920px, 100vw\" class=\"wp-image-20195 lazyload\" src=\"data:image\/svg+xml;base64,PHN2ZyB3aWR0aD0iMSIgaGVpZ2h0PSIxIiB4bWxucz0iaHR0cDovL3d3dy53My5vcmcvMjAwMC9zdmciPjwvc3ZnPg==\" style=\"--smush-placeholder-width: 1920px; --smush-placeholder-aspect-ratio: 1920\/1080;\" \/><\/span>\n\t\t\t<\/div>\n\t\t\t<\/div>\n\t\t\t\t\n\t\t\t\t\n\t\t\t\t\n\t\t\t\t\n\t\t\t<\/div>\n\t\t\t\t\n\t\t\t\t\n\t\t\t<\/div><div class=\"et_d4_element et_pb_section et_pb_section_5  et_pb_css_mix_blend_mode et_section_regular et_block_section\" >\n\t\t\t\t\n\t\t\t\t\n\t\t\t\t\n\t\t\t\t\n\t\t\t\t\n\t\t\t\t\n\t\t\t\t<div class=\"et_d4_element et_pb_row et_pb_row_5  et_pb_css_mix_blend_mode et_block_row\">\n\t\t\t\t<div class=\"et_d4_element et_pb_column_4_4 et_pb_column et_pb_column_7  et_pb_css_mix_blend_mode et-last-child et_block_column\">\n\t\t\t\t\n\t\t\t\t\n\t\t\t\t\n\t\t\t\t\n\t\t\t\t<div class=\"et_pb_module et_d4_element et_pb_text et_pb_text_6  et_pb_text_align_left et_pb_bg_layout_light\">\n\t\t\t\t\n\t\t\t\t\n\t\t\t\t\n\t\t\t\t\n\t\t\t\t<div class=\"et_pb_text_inner\"><h1>Sa\u011fl\u0131k ve g\u00fcvenlik<\/h1>\n<p>Bir elmas diski g\u00fcvenli bir \u015fekilde \u00fcretmek, uzun y\u0131llar ara\u015ft\u0131rma ve deneyim gerektirir. \u015eirketimizde bulunan profesyonellerimiz ve en talepk\u00e2r uzmanlar olan m\u00fc\u015fterilerimiz sayesinde b\u00fcy\u00fck hedeflere ula\u015fabiliyoruz.<\/p>\n<p>Sa\u011fl\u0131klar\u0131n\u0131 da g\u00f6z \u00f6n\u00fcnde bulundurarak, i\u015fleme s\u0131ras\u0131nda \u00fcretilen desibelleri \u00f6nemli \u00f6l\u00e7\u00fcde azaltan sessizle\u015ftirilmi\u015f aletler \u00fcretmekteyiz. Akustik etkiyi kullan\u0131c\u0131lar taraf\u0131ndan daha tahamm\u00fcl edilebilir hale getiriyor ve ekolojik diskleri bak\u0131r, kobalt ve nikelden ar\u0131nd\u0131rarak \u00e7evre kirlili\u011fini \u00f6nemli \u00f6l\u00e7\u00fcde azaltmaktay\u0131z.<\/p>\n<p>\u0130\u015fyerindeki risklerin de\u011ferlendirilmesi, g\u00fcr\u00fclt\u00fcn\u00fcn etkisine dikkat ve \u00e7al\u0131\u015fanlar\u0131n sa\u011fl\u0131\u011f\u0131na \u00f6zen g\u00f6sterilmesine yap\u0131lan yat\u0131r\u0131m, ticari b\u00fcy\u00fcmemizin ger\u00e7ek kahramanlar\u0131 olan insanlar\u0131 korumay\u0131 ama\u00e7layan devaml\u0131 bir taahh\u00fctt\u00fcr.<\/p><\/div>\n\t\t\t<\/div>\n\t\t\t<\/div>\n\t\t\t\t\n\t\t\t\t\n\t\t\t\t\n\t\t\t\t\n\t\t\t<\/div>\n\t\t\t\t\n\t\t\t\t\n\t\t\t<\/div>\n","protected":false},"excerpt":{"rendered":"","protected":false},"author":4,"featured_media":0,"parent":0,"menu_order":0,"comment_status":"closed","ping_status":"closed","template":"","meta":{"_et_pb_use_builder":"on","_et_pb_old_content":"","_et_gb_content_width":"","footnotes":""},"class_list":["post-25295","page","type-page","status-publish","hentry"],"yoast_head":"<!-- This site is optimized with the Yoast SEO Premium plugin v27.3 (Yoast SEO v27.4) - https:\/\/yoast.com\/product\/yoast-seo-premium-wordpress\/ -->\n<title>KURUMSAL - Tecno Diamant<\/title>\n<meta name=\"description\" content=\"Tecno Diamant \u2013 Diamanti Industriali porselen, tek pi\u015firim karolar, do\u011fal ta\u015f, mermer ve granit i\u00e7in elmas disklerin \u00fcretimi ve da\u011f\u0131t\u0131m\u0131nda lider bir firmad\u0131r.\" \/>\n<meta name=\"robots\" content=\"index, follow, max-snippet:-1, max-image-preview:large, max-video-preview:-1\" \/>\n<link rel=\"canonical\" href=\"https:\/\/www.tecnodiamant.it\/tr\/kurumsal\/\" \/>\n<meta property=\"og:locale\" content=\"tr_TR\" \/>\n<meta property=\"og:type\" content=\"article\" \/>\n<meta property=\"og:title\" content=\"KURUMSAL\" \/>\n<meta property=\"og:description\" content=\"Tecno Diamant \u2013 Diamanti Industriali porselen, tek pi\u015firim karolar, do\u011fal ta\u015f, mermer ve granit i\u00e7in elmas disklerin \u00fcretimi ve da\u011f\u0131t\u0131m\u0131nda lider bir firmad\u0131r.\" \/>\n<meta property=\"og:url\" content=\"https:\/\/www.tecnodiamant.it\/tr\/kurumsal\/\" \/>\n<meta property=\"og:site_name\" content=\"Tecno Diamant\" \/>\n<meta property=\"article:publisher\" content=\"https:\/\/www.facebook.com\/tecnodiamantsrl\" \/>\n<meta property=\"article:modified_time\" content=\"2022-03-24T16:07:25+00:00\" \/>\n<meta property=\"og:image\" content=\"https:\/\/www.tecnodiamant.it\/wp-content\/uploads\/2022\/01\/cropped-Senza-titolo-2.jpg\" \/>\n\t<meta property=\"og:image:width\" content=\"512\" \/>\n\t<meta property=\"og:image:height\" content=\"512\" \/>\n\t<meta property=\"og:image:type\" content=\"image\/jpeg\" \/>\n<meta name=\"twitter:card\" content=\"summary_large_image\" \/>\n<script type=\"application\/ld+json\" class=\"yoast-schema-graph\">{\"@context\":\"https:\\\/\\\/schema.org\",\"@graph\":[{\"@type\":\"WebPage\",\"@id\":\"https:\\\/\\\/www.tecnodiamant.it\\\/tr\\\/kurumsal\\\/\",\"url\":\"https:\\\/\\\/www.tecnodiamant.it\\\/tr\\\/kurumsal\\\/\",\"name\":\"KURUMSAL - Tecno Diamant\",\"isPartOf\":{\"@id\":\"https:\\\/\\\/www.tecnodiamant.it\\\/ru\\\/#website\"},\"datePublished\":\"2022-03-24T13:01:37+00:00\",\"dateModified\":\"2022-03-24T16:07:25+00:00\",\"description\":\"Tecno Diamant \u2013 Diamanti Industriali porselen, tek pi\u015firim karolar, do\u011fal ta\u015f, mermer ve granit i\u00e7in elmas disklerin \u00fcretimi ve da\u011f\u0131t\u0131m\u0131nda lider bir firmad\u0131r.\",\"breadcrumb\":{\"@id\":\"https:\\\/\\\/www.tecnodiamant.it\\\/tr\\\/kurumsal\\\/#breadcrumb\"},\"inLanguage\":\"tr\",\"potentialAction\":[{\"@type\":\"ReadAction\",\"target\":[\"https:\\\/\\\/www.tecnodiamant.it\\\/tr\\\/kurumsal\\\/\"]}]},{\"@type\":\"BreadcrumbList\",\"@id\":\"https:\\\/\\\/www.tecnodiamant.it\\\/tr\\\/kurumsal\\\/#breadcrumb\",\"itemListElement\":[{\"@type\":\"ListItem\",\"position\":1,\"name\":\"Home\",\"item\":\"https:\\\/\\\/www.tecnodiamant.it\\\/tr\\\/tecno-diamant-diamanti-industriali\\\/\"},{\"@type\":\"ListItem\",\"position\":2,\"name\":\"KURUMSAL\"}]},{\"@type\":\"WebSite\",\"@id\":\"https:\\\/\\\/www.tecnodiamant.it\\\/ru\\\/#website\",\"url\":\"https:\\\/\\\/www.tecnodiamant.it\\\/ru\\\/\",\"name\":\"Tecno Diamant\",\"description\":\"Diamanti Industriali\",\"publisher\":{\"@id\":\"https:\\\/\\\/www.tecnodiamant.it\\\/ru\\\/#organization\"},\"potentialAction\":[{\"@type\":\"SearchAction\",\"target\":{\"@type\":\"EntryPoint\",\"urlTemplate\":\"https:\\\/\\\/www.tecnodiamant.it\\\/ru\\\/?s={search_term_string}\"},\"query-input\":{\"@type\":\"PropertyValueSpecification\",\"valueRequired\":true,\"valueName\":\"search_term_string\"}}],\"inLanguage\":\"tr\"},{\"@type\":\"Organization\",\"@id\":\"https:\\\/\\\/www.tecnodiamant.it\\\/ru\\\/#organization\",\"name\":\"Tecno Diamant Srl\",\"url\":\"https:\\\/\\\/www.tecnodiamant.it\\\/ru\\\/\",\"logo\":{\"@type\":\"ImageObject\",\"inLanguage\":\"tr\",\"@id\":\"https:\\\/\\\/www.tecnodiamant.it\\\/ru\\\/#\\\/schema\\\/logo\\\/image\\\/\",\"url\":\"https:\\\/\\\/www.tecnodiamant.it\\\/wp-content\\\/uploads\\\/2022\\\/01\\\/Senza-titolo-2.jpg\",\"contentUrl\":\"https:\\\/\\\/www.tecnodiamant.it\\\/wp-content\\\/uploads\\\/2022\\\/01\\\/Senza-titolo-2.jpg\",\"width\":1200,\"height\":1200,\"caption\":\"Tecno Diamant Srl\"},\"image\":{\"@id\":\"https:\\\/\\\/www.tecnodiamant.it\\\/ru\\\/#\\\/schema\\\/logo\\\/image\\\/\"},\"sameAs\":[\"https:\\\/\\\/www.facebook.com\\\/tecnodiamantsrl\",\"https:\\\/\\\/www.instagram.com\\\/tecnodiamant\\\/\",\"https:\\\/\\\/www.linkedin.com\\\/company\\\/tecnodiamant\",\"https:\\\/\\\/www.youtube.com\\\/watch?v=h-91_36K27g\"],\"description\":\"Tecno Diamant \u2013 Diamanti Industriali \u00e8 un\u2019azienda leader nella produzione e distribuzione di utensili diamantati per gres porcellanato, monocottura, pietre naturali, marmi e graniti. Nata nel 1995 e con sede a Formigine, \u00e8 stata scelta da prestigiose realt\u00e0 ceramiche come partner nelle operazioni di Taglio, Rettifica, Levigatura, Bisellatura, Squadratura e Lappatura. Siamo specializzati nella produzione e vendita di utensili \u201csu misura\u201d, in grado di anticipare le esigenze di mercato e rispondere esattamente alla richiesta del Cliente, privilegiando l\u2019aspetto legato alla salute e al benessere nel rispetto dell\u2019ambiente e di tutta la societ\u00e0. Crediamo molto nella ricerca, nella tecnologia e nell\u2019innovazione che sono anche le caratteristiche che ci rappresentano.\",\"email\":\"info@tecnodiamant.it\",\"telephone\":\"059 215 4420\",\"legalName\":\"Tecno Diamant Srl\",\"vatID\":\"02301500365\",\"taxID\":\"02301500365\",\"numberOfEmployees\":{\"@type\":\"QuantitativeValue\",\"minValue\":\"51\",\"maxValue\":\"200\"}}]}<\/script>\n<!-- \/ Yoast SEO Premium plugin. -->","yoast_head_json":{"title":"KURUMSAL - Tecno Diamant","description":"Tecno Diamant \u2013 Diamanti Industriali porselen, tek pi\u015firim karolar, do\u011fal ta\u015f, mermer ve granit i\u00e7in elmas disklerin \u00fcretimi ve da\u011f\u0131t\u0131m\u0131nda lider bir firmad\u0131r.","robots":{"index":"index","follow":"follow","max-snippet":"max-snippet:-1","max-image-preview":"max-image-preview:large","max-video-preview":"max-video-preview:-1"},"canonical":"https:\/\/www.tecnodiamant.it\/tr\/kurumsal\/","og_locale":"tr_TR","og_type":"article","og_title":"KURUMSAL","og_description":"Tecno Diamant \u2013 Diamanti Industriali porselen, tek pi\u015firim karolar, do\u011fal ta\u015f, mermer ve granit i\u00e7in elmas disklerin \u00fcretimi ve da\u011f\u0131t\u0131m\u0131nda lider bir firmad\u0131r.","og_url":"https:\/\/www.tecnodiamant.it\/tr\/kurumsal\/","og_site_name":"Tecno Diamant","article_publisher":"https:\/\/www.facebook.com\/tecnodiamantsrl","article_modified_time":"2022-03-24T16:07:25+00:00","og_image":[{"width":512,"height":512,"url":"https:\/\/www.tecnodiamant.it\/wp-content\/uploads\/2022\/01\/cropped-Senza-titolo-2.jpg","type":"image\/jpeg"}],"twitter_card":"summary_large_image","schema":{"@context":"https:\/\/schema.org","@graph":[{"@type":"WebPage","@id":"https:\/\/www.tecnodiamant.it\/tr\/kurumsal\/","url":"https:\/\/www.tecnodiamant.it\/tr\/kurumsal\/","name":"KURUMSAL - Tecno Diamant","isPartOf":{"@id":"https:\/\/www.tecnodiamant.it\/ru\/#website"},"datePublished":"2022-03-24T13:01:37+00:00","dateModified":"2022-03-24T16:07:25+00:00","description":"Tecno Diamant \u2013 Diamanti Industriali porselen, tek pi\u015firim karolar, do\u011fal ta\u015f, mermer ve granit i\u00e7in elmas disklerin \u00fcretimi ve da\u011f\u0131t\u0131m\u0131nda lider bir firmad\u0131r.","breadcrumb":{"@id":"https:\/\/www.tecnodiamant.it\/tr\/kurumsal\/#breadcrumb"},"inLanguage":"tr","potentialAction":[{"@type":"ReadAction","target":["https:\/\/www.tecnodiamant.it\/tr\/kurumsal\/"]}]},{"@type":"BreadcrumbList","@id":"https:\/\/www.tecnodiamant.it\/tr\/kurumsal\/#breadcrumb","itemListElement":[{"@type":"ListItem","position":1,"name":"Home","item":"https:\/\/www.tecnodiamant.it\/tr\/tecno-diamant-diamanti-industriali\/"},{"@type":"ListItem","position":2,"name":"KURUMSAL"}]},{"@type":"WebSite","@id":"https:\/\/www.tecnodiamant.it\/ru\/#website","url":"https:\/\/www.tecnodiamant.it\/ru\/","name":"Tecno Diamant","description":"Diamanti Industriali","publisher":{"@id":"https:\/\/www.tecnodiamant.it\/ru\/#organization"},"potentialAction":[{"@type":"SearchAction","target":{"@type":"EntryPoint","urlTemplate":"https:\/\/www.tecnodiamant.it\/ru\/?s={search_term_string}"},"query-input":{"@type":"PropertyValueSpecification","valueRequired":true,"valueName":"search_term_string"}}],"inLanguage":"tr"},{"@type":"Organization","@id":"https:\/\/www.tecnodiamant.it\/ru\/#organization","name":"Tecno Diamant Srl","url":"https:\/\/www.tecnodiamant.it\/ru\/","logo":{"@type":"ImageObject","inLanguage":"tr","@id":"https:\/\/www.tecnodiamant.it\/ru\/#\/schema\/logo\/image\/","url":"https:\/\/www.tecnodiamant.it\/wp-content\/uploads\/2022\/01\/Senza-titolo-2.jpg","contentUrl":"https:\/\/www.tecnodiamant.it\/wp-content\/uploads\/2022\/01\/Senza-titolo-2.jpg","width":1200,"height":1200,"caption":"Tecno Diamant Srl"},"image":{"@id":"https:\/\/www.tecnodiamant.it\/ru\/#\/schema\/logo\/image\/"},"sameAs":["https:\/\/www.facebook.com\/tecnodiamantsrl","https:\/\/www.instagram.com\/tecnodiamant\/","https:\/\/www.linkedin.com\/company\/tecnodiamant","https:\/\/www.youtube.com\/watch?v=h-91_36K27g"],"description":"Tecno Diamant \u2013 Diamanti Industriali \u00e8 un\u2019azienda leader nella produzione e distribuzione di utensili diamantati per gres porcellanato, monocottura, pietre naturali, marmi e graniti. Nata nel 1995 e con sede a Formigine, \u00e8 stata scelta da prestigiose realt\u00e0 ceramiche come partner nelle operazioni di Taglio, Rettifica, Levigatura, Bisellatura, Squadratura e Lappatura. Siamo specializzati nella produzione e vendita di utensili \u201csu misura\u201d, in grado di anticipare le esigenze di mercato e rispondere esattamente alla richiesta del Cliente, privilegiando l\u2019aspetto legato alla salute e al benessere nel rispetto dell\u2019ambiente e di tutta la societ\u00e0. Crediamo molto nella ricerca, nella tecnologia e nell\u2019innovazione che sono anche le caratteristiche che ci rappresentano.","email":"info@tecnodiamant.it","telephone":"059 215 4420","legalName":"Tecno Diamant Srl","vatID":"02301500365","taxID":"02301500365","numberOfEmployees":{"@type":"QuantitativeValue","minValue":"51","maxValue":"200"}}]}},"_links":{"self":[{"href":"https:\/\/www.tecnodiamant.it\/tr\/wp-json\/wp\/v2\/pages\/25295","targetHints":{"allow":["GET"]}}],"collection":[{"href":"https:\/\/www.tecnodiamant.it\/tr\/wp-json\/wp\/v2\/pages"}],"about":[{"href":"https:\/\/www.tecnodiamant.it\/tr\/wp-json\/wp\/v2\/types\/page"}],"author":[{"embeddable":true,"href":"https:\/\/www.tecnodiamant.it\/tr\/wp-json\/wp\/v2\/users\/4"}],"replies":[{"embeddable":true,"href":"https:\/\/www.tecnodiamant.it\/tr\/wp-json\/wp\/v2\/comments?post=25295"}],"version-history":[{"count":14,"href":"https:\/\/www.tecnodiamant.it\/tr\/wp-json\/wp\/v2\/pages\/25295\/revisions"}],"predecessor-version":[{"id":25455,"href":"https:\/\/www.tecnodiamant.it\/tr\/wp-json\/wp\/v2\/pages\/25295\/revisions\/25455"}],"wp:attachment":[{"href":"https:\/\/www.tecnodiamant.it\/tr\/wp-json\/wp\/v2\/media?parent=25295"}],"curies":[{"name":"wp","href":"https:\/\/api.w.org\/{rel}","templated":true}]}}